{"id":244517,"date":"2025-03-20T14:38:52","date_gmt":"2025-03-20T14:38:52","guid":{"rendered":"https:\/\/aromasentia.com\/product\/batana-oil-1-litre\/"},"modified":"2025-12-30T20:45:52","modified_gmt":"2025-12-30T20:45:52","slug":"batanaoel-1-liter","status":"publish","type":"product","link":"https:\/\/aromasentia.com\/de\/batanaoel-1-liter\/","title":{"rendered":"Batana\u00f6l &#8211; 1 Liter"},"content":{"rendered":"<p>Beleben und regenerieren Sie Ihr Haar mit der traditionellen Kraft des Batana-\u00d6ls in einem 1-Liter-Beh\u00e4lter. Dieses reichhaltige, dunkle \u00d6l aus Mittelamerika ist f\u00fcr seine bemerkenswerte F\u00e4higkeit bekannt, gesch\u00e4digtes Haar zu reparieren, das Wachstum zu f\u00f6rdern und ihm nat\u00fcrlichen Glanz und Geschmeidigkeit zu verleihen. Es pflegt die Kopfhaut und die Haarfollikel tiefgreifend und hilft, Haarausfall zu reduzieren, Spliss zu reparieren und dem Haar ein unglaublich gesundes und widerstandsf\u00e4higes Gef\u00fchl zu verleihen. Ideal f\u00fcr Menschen mit trockenem, gesch\u00e4digtem oder chemisch behandeltem Haar, die intensive nat\u00fcrliche Pflege suchen.<\/p>\n","protected":false},"excerpt":{"rendered":"<p>Beleben und regenerieren Sie Ihr Haar mit der traditionellen Kraft des Batana-\u00d6ls in einem 1-Liter-Beh\u00e4lter. Dieses reichhaltige, dunkle \u00d6l aus Mittelamerika ist f\u00fcr seine bemerkenswerte F\u00e4higkeit bekannt, gesch\u00e4digtes Haar zu reparieren, das Wachstum zu f\u00f6rdern und ihm nat\u00fcrlichen Glanz und Geschmeidigkeit zu verleihen. Es pflegt die Kopfhaut und die Haarfollikel tiefgreifend und hilft, Haarausfall zu [&hellip;]<\/p>\n","protected":false},"featured_media":259774,"comment_status":"closed","ping_status":"open","template":"","meta":{"_angie_page":false},"product_brand":[27090],"product_cat":[16455,23929],"product_tag":[],"class_list":{"0":"post-244517","1":"product","2":"type-product","3":"status-publish","4":"has-post-thumbnail","6":"product_brand-ancient-wisdom","7":"product_cat-aromatherapie-und-raumdufte","8":"product_cat-basisole","9":"pa_collection-base-oils-1-litre-de","10":"pa_made-in-kolumbien","12":"first","13":"instock","14":"purchasable","15":"product-type-simple"},"supplier_id":null,"supplier_sku":"BOZ-35","barcode":null,"atum_controlled":true,"out_stock_date":null,"out_stock_threshold":null,"inheritable":false,"inbound_stock":null,"stock_on_hold":0,"sold_today":0,"sales_last_days":0,"reserved_stock":null,"customer_returns":null,"warehouse_damage":null,"lost_in_post":null,"other_logs":null,"out_stock_days":0,"lost_sales":0,"has_location":null,"update_date":"2026-04-27T06:55:40","atum_locations":[],"atum_stock_status":"instock","restock_status":false,"low_stock_amount":"","sales_update_date":"2025-10-09T03:26:59","calc_backorders":null,"_links":{"self":[{"href":"https:\/\/aromasentia.com\/de\/wp-json\/wp\/v2\/product\/244517","targetHints":{"allow":["GET"]}}],"collection":[{"href":"https:\/\/aromasentia.com\/de\/wp-json\/wp\/v2\/product"}],"about":[{"href":"https:\/\/aromasentia.com\/de\/wp-json\/wp\/v2\/types\/product"}],"replies":[{"embeddable":true,"href":"https:\/\/aromasentia.com\/de\/wp-json\/wp\/v2\/comments?post=244517"}],"version-history":[{"count":0,"href":"https:\/\/aromasentia.com\/de\/wp-json\/wp\/v2\/product\/244517\/revisions"}],"wp:featuredmedia":[{"embeddable":true,"href":"https:\/\/aromasentia.com\/de\/wp-json\/wp\/v2\/media\/259774"}],"wp:attachment":[{"href":"https:\/\/aromasentia.com\/de\/wp-json\/wp\/v2\/media?parent=244517"}],"wp:term":[{"taxonomy":"product_brand","embeddable":true,"href":"https:\/\/aromasentia.com\/de\/wp-json\/wp\/v2\/product_brand?post=244517"},{"taxonomy":"product_cat","embeddable":true,"href":"https:\/\/aromasentia.com\/de\/wp-json\/wp\/v2\/product_cat?post=244517"},{"taxonomy":"product_tag","embeddable":true,"href":"https:\/\/aromasentia.com\/de\/wp-json\/wp\/v2\/product_tag?post=244517"}],"curies":[{"name":"wp","href":"https:\/\/api.w.org\/{rel}","templated":true}]}}