{"id":244509,"date":"2025-03-20T14:38:52","date_gmt":"2025-03-20T14:38:52","guid":{"rendered":"https:\/\/aromasentia.com\/product\/black-cumin-oil-1-litre\/"},"modified":"2025-12-30T20:45:52","modified_gmt":"2025-12-30T20:45:52","slug":"black-cumin-oil-1-litre","status":"publish","type":"product","link":"https:\/\/aromasentia.com\/de\/black-cumin-oil-1-litre\/","title":{"rendered":"Black Cumin Oil 1 Litre"},"content":{"rendered":"<p>Entdecken Sie die wirksamen Vorteile des Schwarzk\u00fcmmel\u00f6ls, das in einem 1-Liter-Beh\u00e4lter erh\u00e4ltlich ist. Das auch als Nigella-Sativa-\u00d6l bekannte \u00d6l wird seit Jahrhunderten f\u00fcr seine starken entz\u00fcndungshemmenden, antibakteriellen und antioxidativen Eigenschaften verehrt. Es ist reich an Thymochinon und eignet sich hervorragend zur Linderung von Hautproblemen, zur Verringerung von R\u00f6tungen und zur Unterst\u00fctzung der allgemeinen Hautgesundheit. Bei richtiger Anwendung kann es auch die Gesundheit der Atemwege f\u00f6rdern und das Immunsystem st\u00e4rken. Ein wirklich bemerkenswertes \u00d6l f\u00fcr therapeutische Anwendungen und zur F\u00f6rderung des ganzheitlichen Wohlbefindens.<\/p>\n","protected":false},"excerpt":{"rendered":"<p>Entdecken Sie die wirksamen Vorteile des Schwarzk\u00fcmmel\u00f6ls, das in einem 1-Liter-Beh\u00e4lter erh\u00e4ltlich ist. Das auch als Nigella-Sativa-\u00d6l bekannte \u00d6l wird seit Jahrhunderten f\u00fcr seine starken entz\u00fcndungshemmenden, antibakteriellen und antioxidativen Eigenschaften verehrt. Es ist reich an Thymochinon und eignet sich hervorragend zur Linderung von Hautproblemen, zur Verringerung von R\u00f6tungen und zur Unterst\u00fctzung der allgemeinen Hautgesundheit. Bei [&hellip;]<\/p>\n","protected":false},"featured_media":259756,"comment_status":"closed","ping_status":"open","template":"","meta":[],"product_brand":[27090],"product_cat":[16455,23929,25841,26162,26889],"product_tag":[],"class_list":{"0":"post-244509","1":"product","2":"type-product","3":"status-publish","4":"has-post-thumbnail","6":"product_brand-ancient-wisdom","7":"product_cat-aromatherapie-und-raumdufte","8":"product_cat-basisole","9":"product_cat-dufte-aromen","10":"product_cat-kreuzkummelsamen","11":"product_cat-wurzig","12":"pa_collection-base-oils-1-litre-de","14":"first","15":"instock","16":"purchasable","17":"product-type-simple"},"supplier_id":null,"supplier_sku":"BOZ-28","barcode":null,"atum_controlled":true,"out_stock_date":null,"out_stock_threshold":null,"inheritable":false,"inbound_stock":0,"stock_on_hold":0,"sold_today":0,"sales_last_days":0,"reserved_stock":0,"customer_returns":0,"warehouse_damage":0,"lost_in_post":0,"other_logs":0,"out_stock_days":0,"lost_sales":0,"has_location":false,"update_date":"2026-01-30T01:25:23","atum_locations":[],"atum_stock_status":"instock","restock_status":false,"low_stock_amount":"","sales_update_date":"2026-01-30T01:25:23","calc_backorders":null,"_links":{"self":[{"href":"https:\/\/aromasentia.com\/de\/wp-json\/wp\/v2\/product\/244509","targetHints":{"allow":["GET"]}}],"collection":[{"href":"https:\/\/aromasentia.com\/de\/wp-json\/wp\/v2\/product"}],"about":[{"href":"https:\/\/aromasentia.com\/de\/wp-json\/wp\/v2\/types\/product"}],"replies":[{"embeddable":true,"href":"https:\/\/aromasentia.com\/de\/wp-json\/wp\/v2\/comments?post=244509"}],"version-history":[{"count":0,"href":"https:\/\/aromasentia.com\/de\/wp-json\/wp\/v2\/product\/244509\/revisions"}],"wp:featuredmedia":[{"embeddable":true,"href":"https:\/\/aromasentia.com\/de\/wp-json\/wp\/v2\/media\/259756"}],"wp:attachment":[{"href":"https:\/\/aromasentia.com\/de\/wp-json\/wp\/v2\/media?parent=244509"}],"wp:term":[{"taxonomy":"product_brand","embeddable":true,"href":"https:\/\/aromasentia.com\/de\/wp-json\/wp\/v2\/product_brand?post=244509"},{"taxonomy":"product_cat","embeddable":true,"href":"https:\/\/aromasentia.com\/de\/wp-json\/wp\/v2\/product_cat?post=244509"},{"taxonomy":"product_tag","embeddable":true,"href":"https:\/\/aromasentia.com\/de\/wp-json\/wp\/v2\/product_tag?post=244509"}],"curies":[{"name":"wp","href":"https:\/\/api.w.org\/{rel}","templated":true}]}}