{"id":244481,"date":"2025-03-20T14:38:52","date_gmt":"2025-03-20T14:38:52","guid":{"rendered":"https:\/\/aromasentia.com\/product\/watermelon-seed-oil-1-litre\/"},"modified":"2025-12-30T20:45:44","modified_gmt":"2025-12-30T20:45:44","slug":"watermelon-seed-oil-1-litre","status":"publish","type":"product","link":"https:\/\/aromasentia.com\/de\/watermelon-seed-oil-1-litre\/","title":{"rendered":"Watermelon Seed Oil 1 Litre"},"content":{"rendered":"<p>Unser leichtes Wassermelonenkern\u00f6l in einer gro\u00dfz\u00fcgigen 1-Liter-Flasche spendet Feuchtigkeit und kl\u00e4rt die Haut. Dieses kaltgepresste \u00d6l aus Wassermelonenkernen ist besonders fein und zieht leicht ein. Es ist ideal f\u00fcr fettige oder zu Akne neigende Haut, da es die Poren nicht verstopft. Es ist reich an Linols\u00e4ure und essentiellen N\u00e4hrstoffen und hilft, \u00fcbersch\u00fcssigen Talg zu l\u00f6sen, entgiftet und spendet Feuchtigkeit, so dass sich Ihre Haut ausgeglichen, weich und wunderbar erfrischt anf\u00fchlt. Es ist eine ausgezeichnete Wahl f\u00fcr die Gesichtspflege, als Feuchtigkeitsspender f\u00fcr den K\u00f6rper oder als leichtes Tr\u00e4ger\u00f6l in Ihren Aromatherapie-Mischungen.<\/p>\n","protected":false},"excerpt":{"rendered":"<p>Unser leichtes Wassermelonenkern\u00f6l in einer gro\u00dfz\u00fcgigen 1-Liter-Flasche spendet Feuchtigkeit und kl\u00e4rt die Haut. Dieses kaltgepresste \u00d6l aus Wassermelonenkernen ist besonders fein und zieht leicht ein. Es ist ideal f\u00fcr fettige oder zu Akne neigende Haut, da es die Poren nicht verstopft. Es ist reich an Linols\u00e4ure und essentiellen N\u00e4hrstoffen und hilft, \u00fcbersch\u00fcssigen Talg zu l\u00f6sen, [&hellip;]<\/p>\n","protected":false},"featured_media":259693,"comment_status":"closed","ping_status":"open","template":"","meta":{"_angie_page":false},"product_brand":[27090],"product_cat":[16455,23929,25841,26847,26476],"product_tag":[],"class_list":{"0":"post-244481","1":"product","2":"type-product","3":"status-publish","4":"has-post-thumbnail","6":"product_brand-ancient-wisdom","7":"product_cat-aromatherapie-und-raumdufte","8":"product_cat-basisole","9":"product_cat-dufte-aromen","10":"product_cat-fruchtig","11":"product_cat-wassermelone","12":"pa_collection-base-oils-1-litre-de","13":"pa_made-in-suedafrika","15":"first","16":"instock","17":"purchasable","18":"product-type-simple"},"supplier_id":null,"supplier_sku":"BOZ-34","barcode":null,"atum_controlled":true,"out_stock_date":null,"out_stock_threshold":null,"inheritable":false,"inbound_stock":0,"stock_on_hold":0,"sold_today":0,"sales_last_days":0,"reserved_stock":0,"customer_returns":0,"warehouse_damage":0,"lost_in_post":0,"other_logs":0,"out_stock_days":0,"lost_sales":0,"has_location":false,"update_date":"2026-04-27T06:55:40","atum_locations":[],"atum_stock_status":"instock","restock_status":false,"low_stock_amount":"","sales_update_date":"2026-01-30T01:26:19","calc_backorders":null,"_links":{"self":[{"href":"https:\/\/aromasentia.com\/de\/wp-json\/wp\/v2\/product\/244481","targetHints":{"allow":["GET"]}}],"collection":[{"href":"https:\/\/aromasentia.com\/de\/wp-json\/wp\/v2\/product"}],"about":[{"href":"https:\/\/aromasentia.com\/de\/wp-json\/wp\/v2\/types\/product"}],"replies":[{"embeddable":true,"href":"https:\/\/aromasentia.com\/de\/wp-json\/wp\/v2\/comments?post=244481"}],"version-history":[{"count":0,"href":"https:\/\/aromasentia.com\/de\/wp-json\/wp\/v2\/product\/244481\/revisions"}],"wp:featuredmedia":[{"embeddable":true,"href":"https:\/\/aromasentia.com\/de\/wp-json\/wp\/v2\/media\/259693"}],"wp:attachment":[{"href":"https:\/\/aromasentia.com\/de\/wp-json\/wp\/v2\/media?parent=244481"}],"wp:term":[{"taxonomy":"product_brand","embeddable":true,"href":"https:\/\/aromasentia.com\/de\/wp-json\/wp\/v2\/product_brand?post=244481"},{"taxonomy":"product_cat","embeddable":true,"href":"https:\/\/aromasentia.com\/de\/wp-json\/wp\/v2\/product_cat?post=244481"},{"taxonomy":"product_tag","embeddable":true,"href":"https:\/\/aromasentia.com\/de\/wp-json\/wp\/v2\/product_tag?post=244481"}],"curies":[{"name":"wp","href":"https:\/\/api.w.org\/{rel}","templated":true}]}}