{"id":244441,"date":"2025-03-20T14:39:52","date_gmt":"2025-03-20T14:39:52","guid":{"rendered":"https:\/\/aromasentia.com\/product\/ceramic-metal-round-stand\/"},"modified":"2025-12-30T20:45:37","modified_gmt":"2025-12-30T20:45:37","slug":"runder-staender-aus-keramik-und-metall","status":"publish","type":"product","link":"https:\/\/aromasentia.com\/de\/runder-staender-aus-keramik-und-metall\/","title":{"rendered":"Runder St\u00e4nder aus Keramik und Metall"},"content":{"rendered":"<p><span style=\"color: rgb(75, 80, 88);\">Jeder dieser Duftbrenner ist nicht nur ein praktisches Werkzeug zum Vernebeln Ihrer \u00e4therischen \u00d6le, sondern auch ein faszinierendes Kunstwerk, das die Atmosph\u00e4re Ihres Wohnraums bereichert.<\/span><\/p>\n<p><span style=\"color: rgb(75, 80, 88);\">Ein runder Duftbrenner mit Standfu\u00df, der durch die harmonische Verbindung von Keramik und Metall in jeder Umgebung zeitlosen Charme ausstrahlt.<\/span><\/p>\n<p><span style=\"color: rgb(184, 49, 47);\"><strong>Stellen Sie den Duftbrenner immer auf eine hitzebest\u00e4ndige Unterlage. Stellen Sie sicher, dass sich im Beh\u00e4lter \u00fcber dem Brenner ausreichend Wasser befindet. Verwenden Sie hochwertige Teelichter. Brennende Teelichter niemals unbeaufsichtigt lassen und von Vorh\u00e4ngen fernhalten. Bei gef\u00e4hrlicher Flamme mit einem feuchten Tuch l\u00f6schen. Au\u00dferhalb der Reichweite von Kindern aufbewahren.<\/strong><\/span><\/p>\n","protected":false},"excerpt":{"rendered":"<p>Jeder dieser Duftbrenner ist nicht nur ein praktisches Werkzeug zum Vernebeln Ihrer \u00e4therischen \u00d6le, sondern auch ein faszinierendes Kunstwerk, das die Atmosph\u00e4re Ihres Wohnraums bereichert. Ein runder Duftbrenner mit Standfu\u00df, der durch die harmonische Verbindung von Keramik und Metall in jeder Umgebung zeitlosen Charme ausstrahlt. Stellen Sie den Duftbrenner immer auf eine hitzebest\u00e4ndige Unterlage. Stellen [&hellip;]<\/p>\n","protected":false},"featured_media":260150,"comment_status":"closed","ping_status":"open","template":"","meta":{"_angie_page":false},"product_brand":[],"product_cat":[16519,18408],"product_tag":[],"class_list":{"0":"post-244441","1":"product","2":"type-product","3":"status-publish","4":"has-post-thumbnail","6":"product_cat-aroma-diffuser-duftstabchen-und-olbrenner","7":"product_cat-duftlampen","8":"pa_collection-cool-design-oil-burner-de","9":"pa_made-in-china","11":"first","12":"instock","13":"purchasable","14":"product-type-simple"},"supplier_id":null,"supplier_sku":"CDes-17","barcode":null,"atum_controlled":true,"out_stock_date":null,"out_stock_threshold":null,"inheritable":false,"inbound_stock":null,"stock_on_hold":0,"sold_today":0,"sales_last_days":0,"reserved_stock":null,"customer_returns":null,"warehouse_damage":null,"lost_in_post":null,"other_logs":null,"out_stock_days":0,"lost_sales":0,"has_location":null,"update_date":"2026-05-08T05:06:08","atum_locations":[],"atum_stock_status":"instock","restock_status":false,"low_stock_amount":"","sales_update_date":"2026-02-06T00:01:54","calc_backorders":null,"_links":{"self":[{"href":"https:\/\/aromasentia.com\/de\/wp-json\/wp\/v2\/product\/244441","targetHints":{"allow":["GET"]}}],"collection":[{"href":"https:\/\/aromasentia.com\/de\/wp-json\/wp\/v2\/product"}],"about":[{"href":"https:\/\/aromasentia.com\/de\/wp-json\/wp\/v2\/types\/product"}],"replies":[{"embeddable":true,"href":"https:\/\/aromasentia.com\/de\/wp-json\/wp\/v2\/comments?post=244441"}],"version-history":[{"count":0,"href":"https:\/\/aromasentia.com\/de\/wp-json\/wp\/v2\/product\/244441\/revisions"}],"wp:featuredmedia":[{"embeddable":true,"href":"https:\/\/aromasentia.com\/de\/wp-json\/wp\/v2\/media\/260150"}],"wp:attachment":[{"href":"https:\/\/aromasentia.com\/de\/wp-json\/wp\/v2\/media?parent=244441"}],"wp:term":[{"taxonomy":"product_brand","embeddable":true,"href":"https:\/\/aromasentia.com\/de\/wp-json\/wp\/v2\/product_brand?post=244441"},{"taxonomy":"product_cat","embeddable":true,"href":"https:\/\/aromasentia.com\/de\/wp-json\/wp\/v2\/product_cat?post=244441"},{"taxonomy":"product_tag","embeddable":true,"href":"https:\/\/aromasentia.com\/de\/wp-json\/wp\/v2\/product_tag?post=244441"}],"curies":[{"name":"wp","href":"https:\/\/api.w.org\/{rel}","templated":true}]}}