{"id":244417,"date":"2025-03-20T14:49:47","date_gmt":"2025-03-20T14:49:47","guid":{"rendered":"https:\/\/aromasentia.com\/product\/scented-ear-candles-lavender\/"},"modified":"2025-12-30T20:45:29","modified_gmt":"2025-12-30T20:45:29","slug":"ohrenkerzen-parfuemierte-ohrenkerzen-lavendel","status":"publish","type":"product","link":"https:\/\/aromasentia.com\/de\/ohrenkerzen-parfuemierte-ohrenkerzen-lavendel\/","title":{"rendered":"Ohrenkerzen parf\u00fcmierte Ohrenkerzen &#8211; Lavendel"},"content":{"rendered":"<p><strong>Ohrkerzen<\/strong> <strong>&#8211; Lavendelduft<\/strong> erfreuen sich in den letzten Jahren gro\u00dfer Beliebtheit. Viele Anwender berichten von bemerkenswerten k\u00f6rperlichen und geistigen Wirkungen der Ohrkerzenbehandlung. Allerdings ist die Herkunft der Ohrkerzen und ihre urspr\u00fcngliche Verwendung unbekannt. Verschiedene Quellen behaupten, sie seien bereits in alten Kulturen wie China, Indien, Sibirien und Nordamerika verwendet worden.<\/p>\n<p>Wir bieten eine gro\u00dfe Auswahl an Ohrkerzen und Produkten f\u00fcr die meisten Menschen. Unsere Ohrkerzen werden aus ungebleichter Naturbaumwolle und Bienenwachs hergestellt und eignen sich perfekt f\u00fcr professionelle Spa- oder Aromatherapieanwendungen.<\/p>\n<p><span style=\"color: rgb(75, 80, 88);\"><strong>Warnhinweise<\/strong><br \/>Die Anwendung von Ohrkerzen erfolgt auf eigene Gefahr und Verantwortung. Bei Entz\u00fcndungen des Ohrs oder der Haut um das Ohr herum raten wir von der Anwendung ab. Aus Sicherheitsgr\u00fcnden empfehlen wir Ihnen, die Behandlung nicht selbst durchzuf\u00fchren. Dies sollte immer von einer zweiten Person durchgef\u00fchrt werden.<\/span><\/p>\n<p><strong><span style=\"color: rgb(75, 80, 88);\">Ohrkerzen-Schutzscheibe ist im Lieferumfang enthalten.<\/span><\/strong><\/p>\n","protected":false},"excerpt":{"rendered":"<p>Ohrkerzen &#8211; Lavendelduft erfreuen sich in den letzten Jahren gro\u00dfer Beliebtheit. Viele Anwender berichten von bemerkenswerten k\u00f6rperlichen und geistigen Wirkungen der Ohrkerzenbehandlung. Allerdings ist die Herkunft der Ohrkerzen und ihre urspr\u00fcngliche Verwendung unbekannt. Verschiedene Quellen behaupten, sie seien bereits in alten Kulturen wie China, Indien, Sibirien und Nordamerika verwendet worden. Wir bieten eine gro\u00dfe Auswahl [&hellip;]<\/p>\n","protected":false},"featured_media":260794,"comment_status":"closed","ping_status":"open","template":"","meta":{"_angie_page":false},"product_brand":[],"product_cat":[16455,26833,25841,26234],"product_tag":[],"class_list":{"0":"post-244417","1":"product","2":"type-product","3":"status-publish","4":"has-post-thumbnail","6":"product_cat-aromatherapie-und-raumdufte","7":"product_cat-blumig","8":"product_cat-dufte-aromen","9":"product_cat-lavendel","10":"pa_collection-ear-candles-de","11":"pa_made-in-china","13":"first","14":"instock","15":"purchasable","16":"product-type-simple"},"supplier_id":null,"supplier_sku":"EarC-09","barcode":null,"atum_controlled":true,"out_stock_date":null,"out_stock_threshold":null,"inheritable":false,"inbound_stock":null,"stock_on_hold":0,"sold_today":0,"sales_last_days":0,"reserved_stock":null,"customer_returns":null,"warehouse_damage":null,"lost_in_post":null,"other_logs":null,"out_stock_days":112,"lost_sales":0,"has_location":null,"update_date":"2026-04-26T00:02:22","atum_locations":[],"atum_stock_status":"instock","restock_status":false,"low_stock_amount":"","sales_update_date":"2026-01-30T01:25:19","calc_backorders":null,"_links":{"self":[{"href":"https:\/\/aromasentia.com\/de\/wp-json\/wp\/v2\/product\/244417","targetHints":{"allow":["GET"]}}],"collection":[{"href":"https:\/\/aromasentia.com\/de\/wp-json\/wp\/v2\/product"}],"about":[{"href":"https:\/\/aromasentia.com\/de\/wp-json\/wp\/v2\/types\/product"}],"replies":[{"embeddable":true,"href":"https:\/\/aromasentia.com\/de\/wp-json\/wp\/v2\/comments?post=244417"}],"version-history":[{"count":0,"href":"https:\/\/aromasentia.com\/de\/wp-json\/wp\/v2\/product\/244417\/revisions"}],"wp:featuredmedia":[{"embeddable":true,"href":"https:\/\/aromasentia.com\/de\/wp-json\/wp\/v2\/media\/260794"}],"wp:attachment":[{"href":"https:\/\/aromasentia.com\/de\/wp-json\/wp\/v2\/media?parent=244417"}],"wp:term":[{"taxonomy":"product_brand","embeddable":true,"href":"https:\/\/aromasentia.com\/de\/wp-json\/wp\/v2\/product_brand?post=244417"},{"taxonomy":"product_cat","embeddable":true,"href":"https:\/\/aromasentia.com\/de\/wp-json\/wp\/v2\/product_cat?post=244417"},{"taxonomy":"product_tag","embeddable":true,"href":"https:\/\/aromasentia.com\/de\/wp-json\/wp\/v2\/product_tag?post=244417"}],"curies":[{"name":"wp","href":"https:\/\/api.w.org\/{rel}","templated":true}]}}