{"id":244361,"date":"2025-03-20T14:50:27","date_gmt":"2025-03-20T14:50:27","guid":{"rendered":"https:\/\/aromasentia.com\/product\/10-ml-jasmine-dilute-essential-oil\/"},"modified":"2025-12-30T20:45:21","modified_gmt":"2025-12-30T20:45:21","slug":"aetherisches-jasminoel-10ml-verduennt","status":"publish","type":"product","link":"https:\/\/aromasentia.com\/de\/aetherisches-jasminoel-10ml-verduennt\/","title":{"rendered":"\u00c4therisches Jasmin\u00f6l 10ml (verd\u00fcnnt)"},"content":{"rendered":"<p><strong>Lateinischer Name:<\/strong> Jasminum Officinale<br \/><strong>Verwendeter Pflanzenteil:<\/strong> Getrocknete Bl\u00e4tter<br \/><strong>Herkunft:<\/strong> Indien<br \/><strong>Extraktionsmethode:<\/strong> Wasserdampfdestillation<\/p>\n<p><strong>5%ige Verd\u00fcnnung in Traubenkern\u00f6l<\/strong><\/p>\n<p>Es sind m\u00f6glicherweise die aphrodisierenden Eigenschaften, die Jasmin\u00f6l im Laufe der Geschichte so gefragt gemacht haben. \u00c4therisches Jasmin\u00f6l wurde aufgrund dieser unwiderstehlichen Eigenschaft bei Heilungs- und religi\u00f6sen Zeremonien verwendet. In China wurde Jasmin\u00f6l in Krankenzimmern verwendet, um die Luft zu duften, aber schon vor der Entdeckung von Bakterien glaubte man, dass es die Luft von Schadstoffen befreit. Die alten \u00c4gypter verwendeten Jasmin\u00f6l gegen Kopfschmerzen, Nervenst\u00f6rungen und zur F\u00f6rderung eines erholsamen Schlafs.<\/p>\n<p>Heute wird die Essenz durch ein Verfahren namens L\u00f6sungsmittelextraktion gewonnen. Auf den ersten Blick dreht sich bei Jasmin alles um Duft. Seine komplexe, blumige Energie hebt bei den meisten Menschen die Stimmung und hat oft aphrodisierende Eigenschaften. Studien haben gezeigt, dass allein der Duft von Jasmin die Aufmerksamkeit, die Hand-Augen-Koordination, das Selbstvertrauen und das Gl\u00fccksgef\u00fchl steigern und Stress reduzieren kann.<\/p>\n<p>In therapeutischer Hinsicht kann Jasmin trockene, alternde Haut behandeln. In geringen Konzentrationen wird er zur Behandlung von Ekzemen und Dermatitis eingesetzt. Dar\u00fcber hinaus hilft Jasmin beim Verblassen von Narben und bei Schwangerschaftsstreifen. Jasmin kann Wut, Angst und Stress lindern, ohne sedierend zu wirken. Durch klareres Denken \u00f6ffnet Jasmin den Blick f\u00fcr neue M\u00f6glichkeiten. Diese beruhigende und ausgleichende Kraft kann auch Entz\u00fcndungen durch emotionalen Stress reduzieren.<\/p>\n<p>Jasmin steigert seit langem die Libido, l\u00f6st Hemmungen und weckt das sexuelle Verlangen. Jasmin hat Eigenschaften, die den Menstruationszyklus regulieren, Regelschmerzen, Lethargie und Stimmungsschwankungen lindern und den Beginn der Wechseljahre verz\u00f6gern k\u00f6nnen.<\/p>\n<p><\/p>\n<p><\/p>\n","protected":false},"excerpt":{"rendered":"<p>Lateinischer Name: Jasminum OfficinaleVerwendeter Pflanzenteil: Getrocknete Bl\u00e4tterHerkunft: IndienExtraktionsmethode: Wasserdampfdestillation 5%ige Verd\u00fcnnung in Traubenkern\u00f6l Es sind m\u00f6glicherweise die aphrodisierenden Eigenschaften, die Jasmin\u00f6l im Laufe der Geschichte so gefragt gemacht haben. \u00c4therisches Jasmin\u00f6l wurde aufgrund dieser unwiderstehlichen Eigenschaft bei Heilungs- und religi\u00f6sen Zeremonien verwendet. In China wurde Jasmin\u00f6l in Krankenzimmern verwendet, um die Luft zu duften, aber [&hellip;]<\/p>\n","protected":false},"featured_media":261095,"comment_status":"closed","ping_status":"open","template":"","meta":{"_angie_page":false},"product_brand":[27090],"product_cat":[16455,23649,26833,25841,26224],"product_tag":[],"class_list":{"0":"post-244361","1":"product","2":"type-product","3":"status-publish","4":"has-post-thumbnail","6":"product_brand-ancient-wisdom","7":"product_cat-aromatherapie-und-raumdufte","8":"product_cat-atherische-ole","9":"product_cat-blumig","10":"product_cat-dufte-aromen","11":"product_cat-jasmin","12":"pa_collection-aromatherapy-essential-oils-10ml-de","13":"pa_made-in-indien","14":"pa_size-10ml","16":"first","17":"instock","18":"purchasable","19":"product-type-simple"},"supplier_id":null,"supplier_sku":"EO-11","barcode":null,"atum_controlled":true,"out_stock_date":null,"out_stock_threshold":null,"inheritable":false,"inbound_stock":0,"stock_on_hold":0,"sold_today":0,"sales_last_days":0,"reserved_stock":0,"customer_returns":0,"warehouse_damage":0,"lost_in_post":0,"other_logs":0,"out_stock_days":0,"lost_sales":0,"has_location":false,"update_date":"2026-05-08T05:07:21","atum_locations":[],"atum_stock_status":"instock","restock_status":false,"low_stock_amount":"","sales_update_date":"2026-01-30T01:26:15","calc_backorders":null,"_links":{"self":[{"href":"https:\/\/aromasentia.com\/de\/wp-json\/wp\/v2\/product\/244361","targetHints":{"allow":["GET"]}}],"collection":[{"href":"https:\/\/aromasentia.com\/de\/wp-json\/wp\/v2\/product"}],"about":[{"href":"https:\/\/aromasentia.com\/de\/wp-json\/wp\/v2\/types\/product"}],"replies":[{"embeddable":true,"href":"https:\/\/aromasentia.com\/de\/wp-json\/wp\/v2\/comments?post=244361"}],"version-history":[{"count":0,"href":"https:\/\/aromasentia.com\/de\/wp-json\/wp\/v2\/product\/244361\/revisions"}],"wp:featuredmedia":[{"embeddable":true,"href":"https:\/\/aromasentia.com\/de\/wp-json\/wp\/v2\/media\/261095"}],"wp:attachment":[{"href":"https:\/\/aromasentia.com\/de\/wp-json\/wp\/v2\/media?parent=244361"}],"wp:term":[{"taxonomy":"product_brand","embeddable":true,"href":"https:\/\/aromasentia.com\/de\/wp-json\/wp\/v2\/product_brand?post=244361"},{"taxonomy":"product_cat","embeddable":true,"href":"https:\/\/aromasentia.com\/de\/wp-json\/wp\/v2\/product_cat?post=244361"},{"taxonomy":"product_tag","embeddable":true,"href":"https:\/\/aromasentia.com\/de\/wp-json\/wp\/v2\/product_tag?post=244361"}],"curies":[{"name":"wp","href":"https:\/\/api.w.org\/{rel}","templated":true}]}}