{"id":244357,"date":"2025-03-20T14:50:27","date_gmt":"2025-03-20T14:50:27","guid":{"rendered":"https:\/\/aromasentia.com\/product\/10-ml-patchouli-essential-oil\/"},"modified":"2025-12-30T20:45:21","modified_gmt":"2025-12-30T20:45:21","slug":"aetherisches-patschulioel-10ml","status":"publish","type":"product","link":"https:\/\/aromasentia.com\/de\/aetherisches-patschulioel-10ml\/","title":{"rendered":"\u00c4therisches Patschuli\u00f6l 10ml"},"content":{"rendered":"<p><strong>Lateinischer Name:&nbsp;<\/strong>Pogostemon Cablin<br \/><strong>Verwendeter Pflanzenteil:<\/strong> Getrocknete Bl\u00e4tter<br \/><strong>Herkunft:<\/strong> Indonesien<br \/><strong>Extraktionsmethode:<\/strong> Wasserdampfdestillation<\/p>\n<p><strong>\u00c4therisches Patchouli\u00f6l<\/strong> wird aus der Pflanze Pogostemon cablin aus der Familie der Minzen gewonnen und hat einen reichen, moschusartig-s\u00fc\u00dfen, w\u00fcrzigen Geruch. Die Pflanze ist in Malaysia und Indien heimisch, wo sie als \u201ePuchaput\u201c bekannt ist. Das Wort Patchouli leitet sich vom tamilischen \u201epachchaiilai\u201c ab, was einfach \u201egr\u00fcnes Blatt\u201c bedeutet. Patchouli\u00f6l wird aus den jungen Bl\u00e4ttern gewonnen, die vor der Wasserdampfdestillation getrocknet und fermentiert werden. Mit zunehmendem Alter verbessert dieses \u00d6l seinen Duft und seine Wirkung. Es wird in der Hautpflege sehr gesch\u00e4tzt, insbesondere bei der Narbenheilung.<\/p>\n<p>In \u00f6stlichen L\u00e4ndern wird Patchouli\u00f6l in Potpourris und Duftkissen zwischen W\u00e4sche und Kleidung wegen des Duftes sowie zur Abwehr von Bettwanzen und Insekten verwendet. Dem \u00d6l wird eine ausgleichende Wirkung auf die Emotionen nachgesagt und es soll eine verliebte Atmosph\u00e4re schaffen. In einer \u00d6llampe verwendet, lindert es Angstzust\u00e4nde und Depressionen. Im Badewasser verwendet, soll es bei Haut- und Kopfhautbeschwerden, Pilzinfektionen und Fl\u00fcssigkeitsansammlungen helfen, Cellulite abbauen und Verstopfung lindern. Es hat hervorragende geweberegenerierende Eigenschaften, beschleunigt die Heilung und bek\u00e4mpft Infektionen. So hilft es bei Akne, Ekzemen, n\u00e4ssenden Wunden, Geschw\u00fcren und Fu\u00dfpilz.<\/p>\n<p>Anscheinend wurde Patchouli zwischen indische Kaschmirschals gelegt, bevor sie ins viktorianische England geschickt wurden, um die Ware vor Motten zu sch\u00fctzen. Ohne den charakteristischen Duft getrockneter Patchoulibl\u00e4tter konnten die Schals in England nicht verkauft werden. In Europa und Amerika erfreuten sich Patchouli\u00f6l und -r\u00e4ucherwerk in den 1960er und 70er Jahren bei den Hippies gro\u00dfer Beliebtheit, da der Patchouli-Geruch K\u00f6rpergeruch und den Geruch von verbranntem Cannabis \u00fcberdeckte. Patchouli wurde als Haarsp\u00fclung f\u00fcr Dreadlocks verwendet. In vielen asiatischen L\u00e4ndern wird Patchouli auch als Gegenmittel gegen Schlangenbisse eingesetzt.<\/p>\n","protected":false},"excerpt":{"rendered":"<p>Lateinischer Name:&nbsp;Pogostemon CablinVerwendeter Pflanzenteil: Getrocknete Bl\u00e4tterHerkunft: IndonesienExtraktionsmethode: Wasserdampfdestillation \u00c4therisches Patchouli\u00f6l wird aus der Pflanze Pogostemon cablin aus der Familie der Minzen gewonnen und hat einen reichen, moschusartig-s\u00fc\u00dfen, w\u00fcrzigen Geruch. Die Pflanze ist in Malaysia und Indien heimisch, wo sie als \u201ePuchaput\u201c bekannt ist. Das Wort Patchouli leitet sich vom tamilischen \u201epachchaiilai\u201c ab, was einfach \u201egr\u00fcnes [&hellip;]<\/p>\n","protected":false},"featured_media":261078,"comment_status":"closed","ping_status":"open","template":"","meta":[],"product_brand":[27090],"product_cat":[16455,23649,25841,26826,26331],"product_tag":[],"class_list":{"0":"post-244357","1":"product","2":"type-product","3":"status-publish","4":"has-post-thumbnail","6":"product_brand-ancient-wisdom","7":"product_cat-aromatherapie-und-raumdufte","8":"product_cat-atherische-ole","9":"product_cat-dufte-aromen","10":"product_cat-erdig-grun","11":"product_cat-patschuli","12":"pa_collection-aromatherapy-essential-oils-10ml-de","13":"pa_made-in-indonesien","14":"pa_size-10ml","16":"first","17":"instock","18":"purchasable","19":"product-type-simple"},"supplier_id":null,"supplier_sku":"EO-10","barcode":null,"atum_controlled":true,"out_stock_date":null,"out_stock_threshold":null,"inheritable":false,"inbound_stock":null,"stock_on_hold":0,"sold_today":0,"sales_last_days":0,"reserved_stock":null,"customer_returns":null,"warehouse_damage":null,"lost_in_post":null,"other_logs":null,"out_stock_days":0,"lost_sales":0,"has_location":null,"update_date":"2026-01-30T01:25:53","atum_locations":[],"atum_stock_status":"instock","restock_status":false,"low_stock_amount":"","sales_update_date":"2026-01-30T01:25:53","calc_backorders":null,"_links":{"self":[{"href":"https:\/\/aromasentia.com\/de\/wp-json\/wp\/v2\/product\/244357","targetHints":{"allow":["GET"]}}],"collection":[{"href":"https:\/\/aromasentia.com\/de\/wp-json\/wp\/v2\/product"}],"about":[{"href":"https:\/\/aromasentia.com\/de\/wp-json\/wp\/v2\/types\/product"}],"replies":[{"embeddable":true,"href":"https:\/\/aromasentia.com\/de\/wp-json\/wp\/v2\/comments?post=244357"}],"version-history":[{"count":0,"href":"https:\/\/aromasentia.com\/de\/wp-json\/wp\/v2\/product\/244357\/revisions"}],"wp:featuredmedia":[{"embeddable":true,"href":"https:\/\/aromasentia.com\/de\/wp-json\/wp\/v2\/media\/261078"}],"wp:attachment":[{"href":"https:\/\/aromasentia.com\/de\/wp-json\/wp\/v2\/media?parent=244357"}],"wp:term":[{"taxonomy":"product_brand","embeddable":true,"href":"https:\/\/aromasentia.com\/de\/wp-json\/wp\/v2\/product_brand?post=244357"},{"taxonomy":"product_cat","embeddable":true,"href":"https:\/\/aromasentia.com\/de\/wp-json\/wp\/v2\/product_cat?post=244357"},{"taxonomy":"product_tag","embeddable":true,"href":"https:\/\/aromasentia.com\/de\/wp-json\/wp\/v2\/product_tag?post=244357"}],"curies":[{"name":"wp","href":"https:\/\/api.w.org\/{rel}","templated":true}]}}