{"id":244289,"date":"2025-03-20T14:51:04","date_gmt":"2025-03-20T14:51:04","guid":{"rendered":"https:\/\/aromasentia.com\/product\/10-ml-chamomile-roman-pure-essential-oil\/"},"modified":"2025-12-30T20:45:07","modified_gmt":"2025-12-30T20:45:07","slug":"aetherisches-roemische-kamille-oel-10ml-rein","status":"publish","type":"product","link":"https:\/\/aromasentia.com\/de\/aetherisches-roemische-kamille-oel-10ml-rein\/","title":{"rendered":"\u00c4therisches R\u00f6mische Kamille-\u00d6l 10ml (rein)"},"content":{"rendered":"<p><strong>Lateinischer Name: <\/strong>Anthemis Nobilis<br \/><strong>Verwendeter Pflanzenteil:<\/strong> Bl\u00fcten<br \/><strong>Herkunft:<\/strong> England<br \/><strong>Extraktionsmethode: <\/strong>Wasserdampfdestillation<\/p>\n<p>R\u00f6mische Kamille liefert ein \u00e4therisches \u00d6l, das im frischen Zustand hellblau ist. Es kann aus der Bl\u00fcte und den oberen Teilen der Pflanze extrahiert werden. Es hat hervorragende beruhigende Eigenschaften und soll Reizungen und Ungeduld lindern sowie bei PMS und anderen Menstruations- und Wechseljahrsbeschwerden helfen. R\u00f6mische Kamille ist eine immergr\u00fcne Pflanze mit frischem Apfelduft und wird haupts\u00e4chlich in Frankreich, Belgien und Osteuropa angebaut.<\/p>\n<p>Dieses Kraut eignet sich hervorragend f\u00fcr Hautprobleme wie Akne, Ekzeme, Ausschl\u00e4ge, Wunden, Dermatitis, trockene\/juckende Haut und Allergien. Es soll gut gegen Bauchschmerzen, Gallenblasenprobleme und Halsentz\u00fcndungen sein und hilft bei Allergien, Heuschnupfen und Asthma. In verd\u00fcnnten L\u00f6sungen ist dieses \u00d6l n\u00fctzlich, um Kinder zu beruhigen, die unter Koliken, Reizbarkeit, Durchfall und Zahnen leiden. In einem Verdampfer lindert es Kopfschmerzen, nerv\u00f6se Beschwerden und Migr\u00e4ne. Obwohl dieses \u00d6l sanft genug f\u00fcr die Anwendung bei Kindern und Babys ist, sollten Sie vor der Verabreichung immer einen Experten zu Rate ziehen.<\/p>\n<p>Die medizinische Verwendung der Kamille geht Tausende von Jahren zur\u00fcck auf die alten \u00c4gypter, R\u00f6mer und Griechen. Die \u00c4gypter weihten sie dem Sonnengott. Ein Papyrusdokument aus dem Jahr 2800 v. Chr. dokumentiert die Verwendung von Kamille zur Behandlung von Hautkrankheiten. Kamillen\u00f6l wurde zum Einbalsamieren von Leichen verwendet. Hippokrates, der gro\u00dfe griechische Arzt, soll Kamille als pflanzliches Heilmittel verwendet haben. In der Mythologie ist Kamille eines der neun heiligen Kr\u00e4uter, die Wodan, der Gott der Unterwelt, den Sterblichen gab, um ihr Leben zu verbessern.<\/p>\n","protected":false},"excerpt":{"rendered":"<p>Lateinischer Name: Anthemis NobilisVerwendeter Pflanzenteil: Bl\u00fctenHerkunft: EnglandExtraktionsmethode: Wasserdampfdestillation R\u00f6mische Kamille liefert ein \u00e4therisches \u00d6l, das im frischen Zustand hellblau ist. Es kann aus der Bl\u00fcte und den oberen Teilen der Pflanze extrahiert werden. Es hat hervorragende beruhigende Eigenschaften und soll Reizungen und Ungeduld lindern sowie bei PMS und anderen Menstruations- und Wechseljahrsbeschwerden helfen. R\u00f6mische Kamille [&hellip;]<\/p>\n","protected":false},"featured_media":261231,"comment_status":"closed","ping_status":"open","template":"","meta":{"_angie_page":false},"product_brand":[27090],"product_cat":[16455,23649,26833,25841,26130],"product_tag":[],"class_list":{"0":"post-244289","1":"product","2":"type-product","3":"status-publish","4":"has-post-thumbnail","6":"product_brand-ancient-wisdom","7":"product_cat-aromatherapie-und-raumdufte","8":"product_cat-atherische-ole","9":"product_cat-blumig","10":"product_cat-dufte-aromen","11":"product_cat-romische-kamille","12":"pa_collection-aromatherapy-essential-oils-10ml-de","13":"pa_made-in-chile","14":"pa_size-10ml","16":"first","17":"instock","18":"purchasable","19":"product-type-simple"},"supplier_id":null,"supplier_sku":"EO-19","barcode":null,"atum_controlled":true,"out_stock_date":null,"out_stock_threshold":null,"inheritable":false,"inbound_stock":0,"stock_on_hold":0,"sold_today":0,"sales_last_days":0,"reserved_stock":0,"customer_returns":0,"warehouse_damage":0,"lost_in_post":0,"other_logs":0,"out_stock_days":0,"lost_sales":0,"has_location":false,"update_date":"2026-04-27T07:00:40","atum_locations":[],"atum_stock_status":"instock","restock_status":false,"low_stock_amount":"","sales_update_date":"2026-01-30T01:26:16","calc_backorders":null,"_links":{"self":[{"href":"https:\/\/aromasentia.com\/de\/wp-json\/wp\/v2\/product\/244289","targetHints":{"allow":["GET"]}}],"collection":[{"href":"https:\/\/aromasentia.com\/de\/wp-json\/wp\/v2\/product"}],"about":[{"href":"https:\/\/aromasentia.com\/de\/wp-json\/wp\/v2\/types\/product"}],"replies":[{"embeddable":true,"href":"https:\/\/aromasentia.com\/de\/wp-json\/wp\/v2\/comments?post=244289"}],"version-history":[{"count":0,"href":"https:\/\/aromasentia.com\/de\/wp-json\/wp\/v2\/product\/244289\/revisions"}],"wp:featuredmedia":[{"embeddable":true,"href":"https:\/\/aromasentia.com\/de\/wp-json\/wp\/v2\/media\/261231"}],"wp:attachment":[{"href":"https:\/\/aromasentia.com\/de\/wp-json\/wp\/v2\/media?parent=244289"}],"wp:term":[{"taxonomy":"product_brand","embeddable":true,"href":"https:\/\/aromasentia.com\/de\/wp-json\/wp\/v2\/product_brand?post=244289"},{"taxonomy":"product_cat","embeddable":true,"href":"https:\/\/aromasentia.com\/de\/wp-json\/wp\/v2\/product_cat?post=244289"},{"taxonomy":"product_tag","embeddable":true,"href":"https:\/\/aromasentia.com\/de\/wp-json\/wp\/v2\/product_tag?post=244289"}],"curies":[{"name":"wp","href":"https:\/\/api.w.org\/{rel}","templated":true}]}}