{"id":244277,"date":"2025-03-20T14:51:04","date_gmt":"2025-03-20T14:51:04","guid":{"rendered":"https:\/\/aromasentia.com\/product\/10-ml-fennel-essential-oil\/"},"modified":"2025-12-30T20:45:07","modified_gmt":"2025-12-30T20:45:07","slug":"aetherisches-fencheloel-10ml","status":"publish","type":"product","link":"https:\/\/aromasentia.com\/de\/aetherisches-fencheloel-10ml\/","title":{"rendered":"\u00c4therisches Fenchel\u00f6l 10ml"},"content":{"rendered":"<p><strong>Lateinischer Name:&nbsp;<\/strong>Foeniculum Vulgare<br \/><strong>Verwendeter Pflanzenteil:<\/strong> Zersto\u00dfene Samen<br \/><strong>Herkunft:&nbsp;<\/strong>Ukraine<br \/><strong>Extraktionsmethode:<\/strong> Wasserdampfdestillation<\/p>\n<p><strong>\u00c4therisches Fenchel\u00f6l<\/strong> wird aus der Pflanze Foeniculum vulgare var. dulce, dem S\u00fc\u00dffenchel, auch als R\u00f6mischer Fenchel bekannt, gewonnen. Es wird durch Wasserdampfdestillation aus den zersto\u00dfenen Samen gewonnen. Das \u00d6l ist, wie die Samen, gut f\u00fcr die Verdauung sowie f\u00fcr eine Reihe anderer Beschwerden. Es wird in der Aromatherapie zur Behandlung von fettiger Haut, Falten und Fettleibigkeit verwendet. Es soll Mut, Entschlossenheit und Kraft st\u00e4rken.<\/p>\n<p>Dieses \u00d6l ist ein beliebtes Heilmittel bei Verdauungsproblemen wie Bl\u00e4hungen, Verstopfung, Koliken, \u00dcbelkeit, Erbrechen, Anorexie und Dyspepsie. Es hilft auch beim Abnehmen, da es das S\u00e4ttigungsgef\u00fchl f\u00f6rdern soll. Seine harntreibende Wirkung soll helfen, Cellulite zu bek\u00e4mpfen. Fenchel\u00f6l soll Milz und Leber st\u00e4rken. Es hat eine reinigende und straffende Wirkung auf die Haut und hilft bei Bluterg\u00fcssen. Bitte beachten Sie, dass dieses \u00d6l nicht in gro\u00dfen Dosen verwendet und w\u00e4hrend der Schwangerschaft, Stillzeit sowie bei Brustkrebs und Epilepsie ganz vermieden werden sollte.&nbsp;<\/p>\n<p>Das Wort Fenchel leitet sich vom lateinischen \u201efoenum\u201c ab, was \u201eHeu\u201c bedeutet. Im Mittelalter war es als \u201eFenkle\u201c bekannt. Es war ein beliebtes Kraut, das von den alten Chinesen, \u00c4gyptern und R\u00f6mern verwendet wurde, die glaubten, dass Fenchel das Leben verl\u00e4ngert und Mut und Kraft st\u00e4rkt. Man glaubte auch, dass er b\u00f6se Geister fernh\u00e4lt. Man sagt, dass Fenchel zur St\u00e4rkung der Sehkraft, zur Heilung von Schlangenbissen und zur Linderung von Koliken eingesetzt wurde. In Indien werden oft einfache, ger\u00f6stete oder mit Minze \u00fcberzogene Fenchelsamen, sogenannte \u201eSaunf\u201c, nach dem Essen serviert, um die Verdauung zu f\u00f6rdern.<\/p>\n","protected":false},"excerpt":{"rendered":"<p>Lateinischer Name:&nbsp;Foeniculum VulgareVerwendeter Pflanzenteil: Zersto\u00dfene SamenHerkunft:&nbsp;UkraineExtraktionsmethode: Wasserdampfdestillation \u00c4therisches Fenchel\u00f6l wird aus der Pflanze Foeniculum vulgare var. dulce, dem S\u00fc\u00dffenchel, auch als R\u00f6mischer Fenchel bekannt, gewonnen. Es wird durch Wasserdampfdestillation aus den zersto\u00dfenen Samen gewonnen. Das \u00d6l ist, wie die Samen, gut f\u00fcr die Verdauung sowie f\u00fcr eine Reihe anderer Beschwerden. Es wird in der Aromatherapie [&hellip;]<\/p>\n","protected":false},"featured_media":261188,"comment_status":"closed","ping_status":"open","template":"","meta":[],"product_brand":[27090],"product_cat":[16455,23649,25841,26184,26861],"product_tag":[],"class_list":{"0":"post-244277","1":"product","2":"type-product","3":"status-publish","4":"has-post-thumbnail","6":"product_brand-ancient-wisdom","7":"product_cat-aromatherapie-und-raumdufte","8":"product_cat-atherische-ole","9":"product_cat-dufte-aromen","10":"product_cat-fenchel","11":"product_cat-krauter-aromatisch","12":"pa_collection-aromatherapy-essential-oils-10ml-de","13":"pa_made-in-ukraine","14":"pa_size-10ml","16":"first","17":"instock","18":"purchasable","19":"product-type-simple"},"supplier_id":null,"supplier_sku":"EO-16","barcode":null,"atum_controlled":true,"out_stock_date":null,"out_stock_threshold":null,"inheritable":false,"inbound_stock":null,"stock_on_hold":0,"sold_today":0,"sales_last_days":0,"reserved_stock":null,"customer_returns":null,"warehouse_damage":null,"lost_in_post":null,"other_logs":null,"out_stock_days":0,"lost_sales":0,"has_location":null,"update_date":"2026-02-09T17:00:06","atum_locations":[],"atum_stock_status":"instock","restock_status":false,"low_stock_amount":"","sales_update_date":"2025-09-03T00:27:38","calc_backorders":null,"_links":{"self":[{"href":"https:\/\/aromasentia.com\/de\/wp-json\/wp\/v2\/product\/244277","targetHints":{"allow":["GET"]}}],"collection":[{"href":"https:\/\/aromasentia.com\/de\/wp-json\/wp\/v2\/product"}],"about":[{"href":"https:\/\/aromasentia.com\/de\/wp-json\/wp\/v2\/types\/product"}],"replies":[{"embeddable":true,"href":"https:\/\/aromasentia.com\/de\/wp-json\/wp\/v2\/comments?post=244277"}],"version-history":[{"count":0,"href":"https:\/\/aromasentia.com\/de\/wp-json\/wp\/v2\/product\/244277\/revisions"}],"wp:featuredmedia":[{"embeddable":true,"href":"https:\/\/aromasentia.com\/de\/wp-json\/wp\/v2\/media\/261188"}],"wp:attachment":[{"href":"https:\/\/aromasentia.com\/de\/wp-json\/wp\/v2\/media?parent=244277"}],"wp:term":[{"taxonomy":"product_brand","embeddable":true,"href":"https:\/\/aromasentia.com\/de\/wp-json\/wp\/v2\/product_brand?post=244277"},{"taxonomy":"product_cat","embeddable":true,"href":"https:\/\/aromasentia.com\/de\/wp-json\/wp\/v2\/product_cat?post=244277"},{"taxonomy":"product_tag","embeddable":true,"href":"https:\/\/aromasentia.com\/de\/wp-json\/wp\/v2\/product_tag?post=244277"}],"curies":[{"name":"wp","href":"https:\/\/api.w.org\/{rel}","templated":true}]}}