{"id":244265,"date":"2025-03-20T14:51:35","date_gmt":"2025-03-20T14:51:35","guid":{"rendered":"https:\/\/aromasentia.com\/product\/10-ml-rosewood-essential-oil\/"},"modified":"2025-12-30T20:44:59","modified_gmt":"2025-12-30T20:44:59","slug":"aetherisches-rosenholzoel-10ml","status":"publish","type":"product","link":"https:\/\/aromasentia.com\/de\/aetherisches-rosenholzoel-10ml\/","title":{"rendered":"\u00c4therisches Rosenholz\u00f6l 10ml"},"content":{"rendered":"<p><strong>Lateinischer Name:<\/strong> Aniba Rosaeodora<br \/><strong>Verwendeter Pflanzenteil: Holz<br \/><strong>Herkunft: Brasilien<br \/><strong>Extraktionsmethode:<\/strong> Wasserdampfdestillation<\/p>\n<p>Die gesundheitsf\u00f6rdernde Wirkung von <strong>\u00e4therischem Rosenholz\u00f6l<\/strong> beruht auf seinen schmerzstillenden, antidepressiven, antiseptischen, aphrodisierenden, antibakteriellen, kopfschmerzstillenden, desodorierenden, insektiziden und stimulierenden Eigenschaften. Es wird aus dem Rosenholzbaum gewonnen.<\/p>\n<p>Dieses \u00e4therische \u00d6l kann Ihre Depression lindern und Sie innerhalb weniger Minuten zum L\u00e4cheln bringen. Das milde, s\u00fc\u00dfe, w\u00fcrzige und blumige Aroma dieses \u00d6ls ist genau das Richtige und wird daher von Aromatherapie-Spezialisten gesch\u00e4tzt. Es vertreibt Traurigkeit und Entt\u00e4uschung und bereitet Sie darauf vor, das Leben mit einer neuen und positiven Perspektive anzugehen. Es kann sehr hilfreich sein f\u00fcr Menschen, die k\u00fcrzlich versagt haben oder sich niedergeschlagen f\u00fchlen, sei es im Studium, im Beruf oder in Beziehungen.<\/p>\n<p>Obwohl es nicht stark ist, wirkt dieses \u00d6l als mildes Schmerzmittel und kann leichte Kopfschmerzen, Zahnschmerzen sowie Muskel- und Gelenkschmerzen lindern. Dieses \u00d6l kann Ihr Gehirn k\u00fchl, aktiv, scharf und aufmerksam halten und kann auch Kopfschmerzen lindern. Es verbessert auch Ihr Ged\u00e4chtnis und hilft, Sie vor neurotischen St\u00f6rungen zu sch\u00fctzen.<\/p>\n<p>Dieses \u00d6l hat insektizide Eigenschaften und kann kleine Insekten wie M\u00fccken, L\u00e4use, Bettwanzen, Fl\u00f6he und Ameisen t\u00f6ten. Sie k\u00f6nnen es auch in Verdampfern, Sprays, Raumerfrischern und Bodenreinigern verwenden. Auf die Haut gerieben, h\u00e4lt es auch M\u00fccken fern.<\/p>\n","protected":false},"excerpt":{"rendered":"<p>Lateinischer Name: Aniba RosaeodoraVerwendeter Pflanzenteil: HolzHerkunft: BrasilienExtraktionsmethode: Wasserdampfdestillation Die gesundheitsf\u00f6rdernde Wirkung von \u00e4therischem Rosenholz\u00f6l beruht auf seinen schmerzstillenden, antidepressiven, antiseptischen, aphrodisierenden, antibakteriellen, kopfschmerzstillenden, desodorierenden, insektiziden und stimulierenden Eigenschaften. Es wird aus dem Rosenholzbaum gewonnen. Dieses \u00e4therische \u00d6l kann Ihre Depression lindern und Sie innerhalb weniger Minuten zum L\u00e4cheln bringen. Das milde, s\u00fc\u00dfe, w\u00fcrzige und blumige [&hellip;]<\/p>\n","protected":false},"featured_media":261547,"comment_status":"closed","ping_status":"open","template":"","meta":{"_angie_page":false},"product_brand":[27090],"product_cat":[16455,23649,25841,26896,26380],"product_tag":[],"class_list":{"0":"post-244265","1":"product","2":"type-product","3":"status-publish","4":"has-post-thumbnail","6":"product_brand-ancient-wisdom","7":"product_cat-aromatherapie-und-raumdufte","8":"product_cat-atherische-ole","9":"product_cat-dufte-aromen","10":"product_cat-holzig","11":"product_cat-rosenholz","12":"pa_collection-aromatherapy-essential-oils-10ml-de","13":"pa_made-in-indien","14":"pa_size-10ml","16":"first","17":"instock","18":"purchasable","19":"product-type-simple"},"supplier_id":null,"supplier_sku":"EO-39","barcode":null,"atum_controlled":true,"out_stock_date":null,"out_stock_threshold":null,"inheritable":false,"inbound_stock":null,"stock_on_hold":0,"sold_today":0,"sales_last_days":0,"reserved_stock":null,"customer_returns":null,"warehouse_damage":null,"lost_in_post":null,"other_logs":null,"out_stock_days":0,"lost_sales":0,"has_location":null,"update_date":"2026-04-27T07:00:49","atum_locations":[],"atum_stock_status":"instock","restock_status":false,"low_stock_amount":"","sales_update_date":"2025-09-03T00:27:46","calc_backorders":null,"_links":{"self":[{"href":"https:\/\/aromasentia.com\/de\/wp-json\/wp\/v2\/product\/244265","targetHints":{"allow":["GET"]}}],"collection":[{"href":"https:\/\/aromasentia.com\/de\/wp-json\/wp\/v2\/product"}],"about":[{"href":"https:\/\/aromasentia.com\/de\/wp-json\/wp\/v2\/types\/product"}],"replies":[{"embeddable":true,"href":"https:\/\/aromasentia.com\/de\/wp-json\/wp\/v2\/comments?post=244265"}],"version-history":[{"count":0,"href":"https:\/\/aromasentia.com\/de\/wp-json\/wp\/v2\/product\/244265\/revisions"}],"wp:featuredmedia":[{"embeddable":true,"href":"https:\/\/aromasentia.com\/de\/wp-json\/wp\/v2\/media\/261547"}],"wp:attachment":[{"href":"https:\/\/aromasentia.com\/de\/wp-json\/wp\/v2\/media?parent=244265"}],"wp:term":[{"taxonomy":"product_brand","embeddable":true,"href":"https:\/\/aromasentia.com\/de\/wp-json\/wp\/v2\/product_brand?post=244265"},{"taxonomy":"product_cat","embeddable":true,"href":"https:\/\/aromasentia.com\/de\/wp-json\/wp\/v2\/product_cat?post=244265"},{"taxonomy":"product_tag","embeddable":true,"href":"https:\/\/aromasentia.com\/de\/wp-json\/wp\/v2\/product_tag?post=244265"}],"curies":[{"name":"wp","href":"https:\/\/api.w.org\/{rel}","templated":true}]}}