{"id":244253,"date":"2025-03-20T14:51:35","date_gmt":"2025-03-20T14:51:35","guid":{"rendered":"https:\/\/aromasentia.com\/product\/10-ml-palmarosa-essential-oil\/"},"modified":"2025-12-30T20:44:59","modified_gmt":"2025-12-30T20:44:59","slug":"aetherisches-palmarosaoel-10ml","status":"publish","type":"product","link":"https:\/\/aromasentia.com\/de\/aetherisches-palmarosaoel-10ml\/","title":{"rendered":"\u00c4therisches Palmarosa\u00f6l 10ml"},"content":{"rendered":"<p><strong>Lateinischer Name: Cymbopogon Martinii<br \/><strong>Verwendeter Pflanzenteil: Gras<br \/><strong>Herkunft: Indien<br \/><strong>Extraktionsmethode: Wasserdampfdestillation<\/p>\n<p><strong>\u00c4therisches Palmarosa\u00f6l<\/strong> hat einen rosenartigen Duft, der es zu einer sch\u00f6nen Erg\u00e4nzung Ihrer Sammlung \u00e4therischer \u00d6le macht. Es ist ein \u00e4therisches \u00d6l, das f\u00fcr seine nat\u00fcrlichen Vorteile f\u00fcr die Haut bekannt ist.<\/p>\n<p>Palmarosa ist einer der besten nat\u00fcrlichen Bewahrer der Hautgesundheit. Es reguliert die Hautfeuchtigkeit und \u00d6lproduktion und ist daher sowohl f\u00fcr trockene als auch f\u00fcr fettige Haut geeignet. Aus diesem Grund wird Palmarosa\u00f6l Hautpflegeprodukten wie Seifen, Cremes usw. zugesetzt. Es bietet Vorteile f\u00fcr die Zellerneuerung, n\u00e4hrt und stellt Gesundheit und Harmonie der Haut wieder her. Es ist auch bekannt f\u00fcr seine F\u00e4higkeit, m\u00fcde, schmerzende F\u00fc\u00dfe zu regenerieren und eignet sich daher hervorragend als Fu\u00dfbad.<\/p>\n<p>Da es sowohl beruhigend als auch aufheiternd wirkt, ist es ein St\u00e4rkungsmittel f\u00fcr Herz und Geist. Es f\u00f6rdert tiefen Schlaf, hebt, beruhigt und bes\u00e4nftigt die Stimmung und spendet Trost und Unterst\u00fctzung f\u00fcr den weiblichen Zyklus. Gleichzeitig unterst\u00fctzt es ein gesundes Wohlbefinden, wodurch Palmarosa die Erholungszeit in der anstrengenden Wintersaison beschleunigt. Die k\u00fchlende und feuchtigkeitsspendende Wirkung von Palmarosa kann Linderung bei psychischen Belastungen wie Unsicherheit, Trauer oder Abwehrhaltung bieten.<\/p>\n","protected":false},"excerpt":{"rendered":"<p>Lateinischer Name: Cymbopogon MartiniiVerwendeter Pflanzenteil: GrasHerkunft: IndienExtraktionsmethode: Wasserdampfdestillation \u00c4therisches Palmarosa\u00f6l hat einen rosenartigen Duft, der es zu einer sch\u00f6nen Erg\u00e4nzung Ihrer Sammlung \u00e4therischer \u00d6le macht. Es ist ein \u00e4therisches \u00d6l, das f\u00fcr seine nat\u00fcrlichen Vorteile f\u00fcr die Haut bekannt ist. Palmarosa ist einer der besten nat\u00fcrlichen Bewahrer der Hautgesundheit. Es reguliert die Hautfeuchtigkeit und \u00d6lproduktion [&hellip;]<\/p>\n","protected":false},"featured_media":261504,"comment_status":"closed","ping_status":"open","template":"","meta":{"_angie_page":false},"product_brand":[27090],"product_cat":[16455,23649,26833,25841,26320],"product_tag":[],"class_list":{"0":"post-244253","1":"product","2":"type-product","3":"status-publish","4":"has-post-thumbnail","6":"product_brand-ancient-wisdom","7":"product_cat-aromatherapie-und-raumdufte","8":"product_cat-atherische-ole","9":"product_cat-blumig","10":"product_cat-dufte-aromen","11":"product_cat-palmarosa","12":"pa_collection-aromatherapy-essential-oils-10ml-de","13":"pa_made-in-indien","14":"pa_size-10ml","16":"first","17":"instock","18":"purchasable","19":"product-type-simple"},"supplier_id":null,"supplier_sku":"EO-36","barcode":null,"atum_controlled":true,"out_stock_date":null,"out_stock_threshold":null,"inheritable":false,"inbound_stock":null,"stock_on_hold":0,"sold_today":0,"sales_last_days":0,"reserved_stock":null,"customer_returns":null,"warehouse_damage":null,"lost_in_post":null,"other_logs":null,"out_stock_days":0,"lost_sales":0,"has_location":null,"update_date":"2026-04-27T07:00:40","atum_locations":[],"atum_stock_status":"instock","restock_status":false,"low_stock_amount":"","sales_update_date":"2025-09-03T00:27:46","calc_backorders":null,"_links":{"self":[{"href":"https:\/\/aromasentia.com\/de\/wp-json\/wp\/v2\/product\/244253","targetHints":{"allow":["GET"]}}],"collection":[{"href":"https:\/\/aromasentia.com\/de\/wp-json\/wp\/v2\/product"}],"about":[{"href":"https:\/\/aromasentia.com\/de\/wp-json\/wp\/v2\/types\/product"}],"replies":[{"embeddable":true,"href":"https:\/\/aromasentia.com\/de\/wp-json\/wp\/v2\/comments?post=244253"}],"version-history":[{"count":0,"href":"https:\/\/aromasentia.com\/de\/wp-json\/wp\/v2\/product\/244253\/revisions"}],"wp:featuredmedia":[{"embeddable":true,"href":"https:\/\/aromasentia.com\/de\/wp-json\/wp\/v2\/media\/261504"}],"wp:attachment":[{"href":"https:\/\/aromasentia.com\/de\/wp-json\/wp\/v2\/media?parent=244253"}],"wp:term":[{"taxonomy":"product_brand","embeddable":true,"href":"https:\/\/aromasentia.com\/de\/wp-json\/wp\/v2\/product_brand?post=244253"},{"taxonomy":"product_cat","embeddable":true,"href":"https:\/\/aromasentia.com\/de\/wp-json\/wp\/v2\/product_cat?post=244253"},{"taxonomy":"product_tag","embeddable":true,"href":"https:\/\/aromasentia.com\/de\/wp-json\/wp\/v2\/product_tag?post=244253"}],"curies":[{"name":"wp","href":"https:\/\/api.w.org\/{rel}","templated":true}]}}