{"id":244245,"date":"2025-03-20T14:51:35","date_gmt":"2025-03-20T14:51:35","guid":{"rendered":"https:\/\/aromasentia.com\/product\/10-ml-nutmeg-essential-oil\/"},"modified":"2025-12-30T20:44:59","modified_gmt":"2025-12-30T20:44:59","slug":"aetherisches-muskatnussoel-10ml","status":"publish","type":"product","link":"https:\/\/aromasentia.com\/de\/aetherisches-muskatnussoel-10ml\/","title":{"rendered":"\u00c4therisches Muskatnuss\u00f6l 10ml"},"content":{"rendered":"<p><strong>Lateinischer Name: Myristica Fragrans<br \/><strong>Verwendeter Pflanzenteil: Samen<br \/><strong>Herkunft: Indonesien<br \/><strong>Extraktionsmethode: Wasserdampfdestillation<\/strong><\/p>\n<p>Wasserdampfdestilliertes <strong>\u00e4therisches Muskatnuss\u00f6l<\/strong> ist ein w\u00e4rmendes \u00d6l, das bei umsichtiger Anwendung wunderbar zur Linderung von Verdauungsbeschwerden sowie Muskelschmerzen geeignet ist.<\/p>\n<p>Aromatisch ist \u00e4therisches Muskatnuss\u00f6l ein warmes, w\u00fcrziges \u00e4therisches \u00d6l, das s\u00fc\u00df und etwas holzig ist. Es l\u00e4sst sich wunderbar mit anderen \u00e4therischen \u00d6len aus der Gew\u00fcrzfamilie mischen. Es l\u00e4sst sich auch gut mit \u00e4therischen \u00d6len aus Blumen, Zitrusfr\u00fcchten und Holz mischen. Es kann ansonsten faden Mischungen eine sch\u00f6ne, unverwechselbare w\u00fcrzige Note verleihen.<\/p>\n<p>Emotional kann \u00e4therisches Muskatnuss\u00f6l ein sehr anregendes \u00e4therisches \u00d6l sein. Es kann insbesondere in besonders schwierigen Zeiten hilfreich sein, die Motivation und Konzentration zu f\u00f6rdern.<\/p>\n","protected":false},"excerpt":{"rendered":"<p>Lateinischer Name: Myristica FragransVerwendeter Pflanzenteil: SamenHerkunft: IndonesienExtraktionsmethode: Wasserdampfdestillation Wasserdampfdestilliertes \u00e4therisches Muskatnuss\u00f6l ist ein w\u00e4rmendes \u00d6l, das bei umsichtiger Anwendung wunderbar zur Linderung von Verdauungsbeschwerden sowie Muskelschmerzen geeignet ist. Aromatisch ist \u00e4therisches Muskatnuss\u00f6l ein warmes, w\u00fcrziges \u00e4therisches \u00d6l, das s\u00fc\u00df und etwas holzig ist. Es l\u00e4sst sich wunderbar mit anderen \u00e4therischen \u00d6len aus der Gew\u00fcrzfamilie mischen. [&hellip;]<\/p>\n","protected":false},"featured_media":261470,"comment_status":"closed","ping_status":"open","template":"","meta":{"_angie_page":false},"product_brand":[27090],"product_cat":[16455,23649,25841,26302,26889],"product_tag":[],"class_list":{"0":"post-244245","1":"product","2":"type-product","3":"status-publish","4":"has-post-thumbnail","6":"product_brand-ancient-wisdom","7":"product_cat-aromatherapie-und-raumdufte","8":"product_cat-atherische-ole","9":"product_cat-dufte-aromen","10":"product_cat-muskatnuss","11":"product_cat-wurzig","12":"pa_collection-aromatherapy-essential-oils-10ml-de","13":"pa_made-in-indonesien","14":"pa_size-10ml","16":"first","17":"instock","18":"purchasable","19":"product-type-simple"},"supplier_id":null,"supplier_sku":"EO-34","barcode":null,"atum_controlled":true,"out_stock_date":null,"out_stock_threshold":null,"inheritable":false,"inbound_stock":null,"stock_on_hold":0,"sold_today":0,"sales_last_days":0,"reserved_stock":null,"customer_returns":null,"warehouse_damage":null,"lost_in_post":null,"other_logs":null,"out_stock_days":0,"lost_sales":0,"has_location":null,"update_date":"2026-04-27T07:00:40","atum_locations":[],"atum_stock_status":"instock","restock_status":false,"low_stock_amount":"","sales_update_date":"2025-09-03T00:27:45","calc_backorders":null,"_links":{"self":[{"href":"https:\/\/aromasentia.com\/de\/wp-json\/wp\/v2\/product\/244245","targetHints":{"allow":["GET"]}}],"collection":[{"href":"https:\/\/aromasentia.com\/de\/wp-json\/wp\/v2\/product"}],"about":[{"href":"https:\/\/aromasentia.com\/de\/wp-json\/wp\/v2\/types\/product"}],"replies":[{"embeddable":true,"href":"https:\/\/aromasentia.com\/de\/wp-json\/wp\/v2\/comments?post=244245"}],"version-history":[{"count":0,"href":"https:\/\/aromasentia.com\/de\/wp-json\/wp\/v2\/product\/244245\/revisions"}],"wp:featuredmedia":[{"embeddable":true,"href":"https:\/\/aromasentia.com\/de\/wp-json\/wp\/v2\/media\/261470"}],"wp:attachment":[{"href":"https:\/\/aromasentia.com\/de\/wp-json\/wp\/v2\/media?parent=244245"}],"wp:term":[{"taxonomy":"product_brand","embeddable":true,"href":"https:\/\/aromasentia.com\/de\/wp-json\/wp\/v2\/product_brand?post=244245"},{"taxonomy":"product_cat","embeddable":true,"href":"https:\/\/aromasentia.com\/de\/wp-json\/wp\/v2\/product_cat?post=244245"},{"taxonomy":"product_tag","embeddable":true,"href":"https:\/\/aromasentia.com\/de\/wp-json\/wp\/v2\/product_tag?post=244245"}],"curies":[{"name":"wp","href":"https:\/\/api.w.org\/{rel}","templated":true}]}}