{"id":244237,"date":"2025-03-20T14:51:35","date_gmt":"2025-03-20T14:51:35","guid":{"rendered":"https:\/\/aromasentia.com\/product\/10-ml-neroli-dilute-essential-oil\/"},"modified":"2025-12-30T20:44:59","modified_gmt":"2025-12-30T20:44:59","slug":"aetherisches-nerolioel-10ml-verduennt","status":"publish","type":"product","link":"https:\/\/aromasentia.com\/de\/aetherisches-nerolioel-10ml-verduennt\/","title":{"rendered":"\u00c4therisches Neroli\u00f6l 10ml (verd\u00fcnnt)"},"content":{"rendered":"<p><strong>Lateinischer Name: Citrus Aurantium<br \/><strong>Verwendeter Pflanzenteil: Bl\u00fcte<br \/><strong>Herkunft: Tunesien<br \/><strong>Extraktionsmethode: Wasserdampfdestillation<\/p>\n<p><strong>5%ige Verd\u00fcnnung in Traubenkern\u00f6l<\/strong><\/p>\n<p>Neroli\u00f6l wird aus den Bl\u00fcten des Bitterorangenbaums (Citrus aurantium var. amara), auch bekannt als Neroli bigarade, gewonnen und riecht \u00e4hnlich wie Bergamotte. Die Bl\u00fcten werden von Hand gepfl\u00fcckt und das \u00d6l durch Wasserdestillation hergestellt, da die Bl\u00fcten f\u00fcr die Wasserdampfdestillation zu empfindlich sind. Aufgrund seines wunderbaren Duftes und seiner therapeutischen Eigenschaften ist dies eines der beliebtesten \u00e4therischen \u00d6le.<\/p>\n<p><strong>\u00c4therisches Neroli\u00f6l<\/strong> wirkt sehr beruhigend und soll chronische Angstzust\u00e4nde, Depressionen, Angstzust\u00e4nde, Schockzust\u00e4nde und Stress lindern. Es wird angenommen, dass es auch Darmkr\u00e4mpfe, Colitis und Durchfall beruhigt. Aufgrund seiner beruhigenden Wirkung ist es gut gegen Schlaflosigkeit, Herzklopfen, Neuralgie und Schwindel. Es ist gut, etwas davon in einer \u00d6llampe im Zimmer eines Genesenden zu erhitzen. Auf der Haut soll Neroli\u00f6l die Regeneration der Hautzellen unterst\u00fctzen und n\u00fctzlich sein, um h\u00e4sslichem Narbengewebe vorzubeugen, glattere Haut zu f\u00f6rdern und Dehnungsstreifen und geplatzten Kapillaren entgegenzuwirken.<\/p>\n<p>Neroli\u00f6l wurde vermutlich bereits von den R\u00f6mern verwendet. Im Jahr 1680 verwendete Anna Maria Orsini, Prinzessin von Nerola, die Essenz des Bitterorangenbaums, um ihre Handschuhe und ihr Bad zu parf\u00fcmieren und kreierte so einen modischen neuen Duft. Von da an wurde das \u00e4therische \u00d6l nach ihr als Neroli bekannt. Volkssagen besagen, dass diese Orangenbl\u00fcten als Dekoration f\u00fcr Brautbetten verwendet wurden, um frisch verheirateten Paaren im Bett zu helfen, sich zu entspannen. Die Herstellung des \u00d6ls ist teuer und erfordert gro\u00dfe Sorgfalt, da die Bl\u00fcten unmittelbar nach der Bl\u00fcte gepfl\u00fcckt werden m\u00fcssen.<\/p>\n","protected":false},"excerpt":{"rendered":"<p>Lateinischer Name: Citrus AurantiumVerwendeter Pflanzenteil: Bl\u00fcteHerkunft: TunesienExtraktionsmethode: Wasserdampfdestillation 5%ige Verd\u00fcnnung in Traubenkern\u00f6l Neroli\u00f6l wird aus den Bl\u00fcten des Bitterorangenbaums (Citrus aurantium var. amara), auch bekannt als Neroli bigarade, gewonnen und riecht \u00e4hnlich wie Bergamotte. Die Bl\u00fcten werden von Hand gepfl\u00fcckt und das \u00d6l durch Wasserdestillation hergestellt, da die Bl\u00fcten f\u00fcr die Wasserdampfdestillation zu empfindlich sind. [&hellip;]<\/p>\n","protected":false},"featured_media":261444,"comment_status":"closed","ping_status":"open","template":"","meta":{"_angie_page":false},"product_brand":[27090],"product_cat":[16455,23649,26833,25841,26294],"product_tag":[],"class_list":{"0":"post-244237","1":"product","2":"type-product","3":"status-publish","4":"has-post-thumbnail","6":"product_brand-ancient-wisdom","7":"product_cat-aromatherapie-und-raumdufte","8":"product_cat-atherische-ole","9":"product_cat-blumig","10":"product_cat-dufte-aromen","11":"product_cat-neroli","12":"pa_collection-aromatherapy-essential-oils-10ml-de","13":"pa_made-in-tunesien","14":"pa_size-10ml","16":"first","17":"instock","18":"purchasable","19":"product-type-simple"},"supplier_id":null,"supplier_sku":"EO-32","barcode":null,"atum_controlled":true,"out_stock_date":null,"out_stock_threshold":null,"inheritable":false,"inbound_stock":null,"stock_on_hold":0,"sold_today":0,"sales_last_days":0,"reserved_stock":null,"customer_returns":null,"warehouse_damage":null,"lost_in_post":null,"other_logs":null,"out_stock_days":0,"lost_sales":0,"has_location":null,"update_date":"2026-04-27T07:00:40","atum_locations":[],"atum_stock_status":"instock","restock_status":false,"low_stock_amount":"","sales_update_date":"2025-09-03T00:27:45","calc_backorders":null,"_links":{"self":[{"href":"https:\/\/aromasentia.com\/de\/wp-json\/wp\/v2\/product\/244237","targetHints":{"allow":["GET"]}}],"collection":[{"href":"https:\/\/aromasentia.com\/de\/wp-json\/wp\/v2\/product"}],"about":[{"href":"https:\/\/aromasentia.com\/de\/wp-json\/wp\/v2\/types\/product"}],"replies":[{"embeddable":true,"href":"https:\/\/aromasentia.com\/de\/wp-json\/wp\/v2\/comments?post=244237"}],"version-history":[{"count":0,"href":"https:\/\/aromasentia.com\/de\/wp-json\/wp\/v2\/product\/244237\/revisions"}],"wp:featuredmedia":[{"embeddable":true,"href":"https:\/\/aromasentia.com\/de\/wp-json\/wp\/v2\/media\/261444"}],"wp:attachment":[{"href":"https:\/\/aromasentia.com\/de\/wp-json\/wp\/v2\/media?parent=244237"}],"wp:term":[{"taxonomy":"product_brand","embeddable":true,"href":"https:\/\/aromasentia.com\/de\/wp-json\/wp\/v2\/product_brand?post=244237"},{"taxonomy":"product_cat","embeddable":true,"href":"https:\/\/aromasentia.com\/de\/wp-json\/wp\/v2\/product_cat?post=244237"},{"taxonomy":"product_tag","embeddable":true,"href":"https:\/\/aromasentia.com\/de\/wp-json\/wp\/v2\/product_tag?post=244237"}],"curies":[{"name":"wp","href":"https:\/\/api.w.org\/{rel}","templated":true}]}}