{"id":244229,"date":"2025-03-20T14:51:35","date_gmt":"2025-03-20T14:51:35","guid":{"rendered":"https:\/\/aromasentia.com\/product\/10-ml-mandarin-essential-oil\/"},"modified":"2025-12-30T20:44:59","modified_gmt":"2025-12-30T20:44:59","slug":"aetherisches-mandarinenoel-10ml","status":"publish","type":"product","link":"https:\/\/aromasentia.com\/de\/aetherisches-mandarinenoel-10ml\/","title":{"rendered":"\u00c4therisches Mandarinen\u00f6l 10ml"},"content":{"rendered":"<p><strong>Lateinischer Name:<\/strong> Citrus Nobilis<br \/><strong>Verwendeter Pflanzenteil:&nbsp;<\/strong> Fruchtschale<br \/><strong>Herkunft:<\/strong> Italien<br \/><strong>Extraktionsmethode:&nbsp;<\/strong> Kaltpressung<\/p>\n<p><strong>\u00c4therisches Mandarinen\u00f6l<\/strong> wird aus Citrus Reticulata durch Kaltpressung der Schale gewonnen. Mandarinen-Petitgrain\u00f6l wird in kleinen Mengen auch durch Wasserdampfdestillation der Bl\u00e4tter und Zweige extrahiert. Das \u00d6l ist goldgelb-orange und hat das Aroma einer frischen Orange. Unter dem Oberbegriff Mandarinen findet sich eine ganze Gruppe von Zitrusfr\u00fcchten, darunter Satsuma, Clementine, Dancy, Honey, Pixie und Tangerinen.<\/p>\n<p>Dieses \u00d6l ist sehr mild und wird daher angeblich sogar zur Behandlung von Kindern und Schwangeren verwendet; es ist eines der wenigen \u00d6le, die auf diese Weise verwendet werden. Mit seiner st\u00e4rkenden und anregenden Wirkung auf Magen und Leber hilft es bei Verdauungsproblemen. Mandarinen\u00f6l ist auch n\u00fctzlich zur Behandlung von Akne, fettiger Haut und Pickeln. Es soll auch Probleme wie Wassereinlagerungen und \u00dcbergewicht lindern. Das \u00d6l, zu etwa 1\u20132 % in einem Tr\u00e4ger\u00f6l verd\u00fcnnt, wird sanft in den Bauch eines Kindes einmassiert, um Bauchschmerzen zu lindern. Ein paar Tropfen im Badewasser beruhigen hyperaktive Kinder. In einer Duftlampe verwendet, vertreibt es Depressionen und lindert Angstzust\u00e4nde.<\/p>\n<p>Die Mandarinen werden so genannt, weil sie traditionell den Mandarinen Chinas als Geschenk dargeboten wurden. In Frankreich gilt die Mandarine als sicheres Heilmittel gegen Verdauungsst\u00f6rungen bei Kindern und \u00e4lteren Menschen, da sie das Verdauungssystem und die Leber st\u00e4rkt. Die Mandarine stammt urspr\u00fcnglich aus S\u00fcdchina und dem Fernen Osten und wurde 1805 nach Europa und 1845 nach Amerika gebracht.<\/p>\n","protected":false},"excerpt":{"rendered":"<p>Lateinischer Name: Citrus NobilisVerwendeter Pflanzenteil:&nbsp; FruchtschaleHerkunft: ItalienExtraktionsmethode:&nbsp; Kaltpressung \u00c4therisches Mandarinen\u00f6l wird aus Citrus Reticulata durch Kaltpressung der Schale gewonnen. Mandarinen-Petitgrain\u00f6l wird in kleinen Mengen auch durch Wasserdampfdestillation der Bl\u00e4tter und Zweige extrahiert. Das \u00d6l ist goldgelb-orange und hat das Aroma einer frischen Orange. Unter dem Oberbegriff Mandarinen findet sich eine ganze Gruppe von Zitrusfr\u00fcchten, darunter [&hellip;]<\/p>\n","protected":false},"featured_media":261410,"comment_status":"closed","ping_status":"open","template":"","meta":{"_angie_page":false},"product_brand":[27090],"product_cat":[16455,23649,25841,26263],"product_tag":[],"class_list":{"0":"post-244229","1":"product","2":"type-product","3":"status-publish","4":"has-post-thumbnail","6":"product_brand-ancient-wisdom","7":"product_cat-aromatherapie-und-raumdufte","8":"product_cat-atherische-ole","9":"product_cat-dufte-aromen","10":"product_cat-mandarine","11":"pa_collection-aromatherapy-essential-oils-10ml-de","12":"pa_made-in-argentinien","13":"pa_size-10ml","15":"first","16":"instock","17":"purchasable","18":"product-type-simple"},"supplier_id":null,"supplier_sku":"EO-30","barcode":null,"atum_controlled":true,"out_stock_date":null,"out_stock_threshold":null,"inheritable":false,"inbound_stock":null,"stock_on_hold":0,"sold_today":0,"sales_last_days":0,"reserved_stock":null,"customer_returns":null,"warehouse_damage":null,"lost_in_post":null,"other_logs":null,"out_stock_days":0,"lost_sales":0,"has_location":null,"update_date":"2026-04-27T07:00:40","atum_locations":[],"atum_stock_status":"instock","restock_status":false,"low_stock_amount":"","sales_update_date":"2025-09-03T00:27:45","calc_backorders":null,"_links":{"self":[{"href":"https:\/\/aromasentia.com\/de\/wp-json\/wp\/v2\/product\/244229","targetHints":{"allow":["GET"]}}],"collection":[{"href":"https:\/\/aromasentia.com\/de\/wp-json\/wp\/v2\/product"}],"about":[{"href":"https:\/\/aromasentia.com\/de\/wp-json\/wp\/v2\/types\/product"}],"replies":[{"embeddable":true,"href":"https:\/\/aromasentia.com\/de\/wp-json\/wp\/v2\/comments?post=244229"}],"version-history":[{"count":0,"href":"https:\/\/aromasentia.com\/de\/wp-json\/wp\/v2\/product\/244229\/revisions"}],"wp:featuredmedia":[{"embeddable":true,"href":"https:\/\/aromasentia.com\/de\/wp-json\/wp\/v2\/media\/261410"}],"wp:attachment":[{"href":"https:\/\/aromasentia.com\/de\/wp-json\/wp\/v2\/media?parent=244229"}],"wp:term":[{"taxonomy":"product_brand","embeddable":true,"href":"https:\/\/aromasentia.com\/de\/wp-json\/wp\/v2\/product_brand?post=244229"},{"taxonomy":"product_cat","embeddable":true,"href":"https:\/\/aromasentia.com\/de\/wp-json\/wp\/v2\/product_cat?post=244229"},{"taxonomy":"product_tag","embeddable":true,"href":"https:\/\/aromasentia.com\/de\/wp-json\/wp\/v2\/product_tag?post=244229"}],"curies":[{"name":"wp","href":"https:\/\/api.w.org\/{rel}","templated":true}]}}