{"id":244221,"date":"2025-03-20T14:51:35","date_gmt":"2025-03-20T14:51:35","guid":{"rendered":"https:\/\/aromasentia.com\/product\/10-ml-lemongrass-essential-oil\/"},"modified":"2025-12-30T20:44:51","modified_gmt":"2025-12-30T20:44:51","slug":"aetherisches-zitronengrasoel-10ml","status":"publish","type":"product","link":"https:\/\/aromasentia.com\/de\/aetherisches-zitronengrasoel-10ml\/","title":{"rendered":"\u00c4therisches Zitronengras\u00f6l 10ml"},"content":{"rendered":"<p><strong>Lateinischer Name:<\/strong> Cymbopogon Citratus<br \/><strong>Verwendeter Pflanzenteil: Bl\u00e4tter<br \/><strong>Herkunft:<\/strong> Guatemala<br \/><strong>Extraktionsmethode: Wasserdampfdestillation<\/p>\n<p><strong>\u00c4therisches Zitronengras\u00f6l<\/strong> wird aus Cymbopogon citratus, auch bekannt als \u201e\u00d6lgras\u201c, durch Wasserdampfdestillation aus den frischen oder teilweise getrockneten Bl\u00e4ttern gewonnen. Dieses \u00d6l soll M\u00fcdigkeit bek\u00e4mpfen und einen m\u00fcden K\u00f6rper und Geist erfrischen. Es ist au\u00dferdem ein angenehm duftendes Mittel, um Haustiere frei von Fl\u00f6hen und Zecken zu halten. Zitronengras enth\u00e4lt Citral, das den Hauptgeschmack der Zitronenschale ausmacht.<\/p>\n<p>Zitronengras\u00f6l soll Jetlag, Kopfschmerzen, nerv\u00f6se Ersch\u00f6pfung und Stress lindern. Es st\u00e4rkt den Parasympathikus, sorgt f\u00fcr eine schnellere Genesung und stimuliert die Dr\u00fcsensekretion. Es st\u00e4rkt Muskeln und Gewebe und lindert so Muskelschmerzen. Es ist n\u00fctzlich bei Halsschmerzen, Kehlkopfentz\u00fcndung und Fieber und hilft, die Ausbreitung von Infektionen zu stoppen. Es hilft bei Kolitis, Verdauungsst\u00f6rungen und Magen-Darm-Entz\u00fcndung. Es kl\u00e4rt fettige Haut und reduziert \u00fcberm\u00e4\u00dfiges Schwitzen. Es kann jedoch die Haut reizen, daher ist bei der Anwendung auf der Haut Vorsicht geboten. Vermeiden Sie die Anwendung w\u00e4hrend der Schwangerschaft.<\/p>\n<p>Zitronengras ist ein mehrj\u00e4hriges aromatisches Gras, das fr\u00fcher wild in Indien wuchs und dort als Choomana Poolu bekannt ist. Es ist auch als Indisches Eisenkraut oder Indisches Melissen\u00f6l bekannt und wird im Ayurveda, der alten traditionellen Heilkunst, zur Fiebersenkung und Behandlung von Infektionskrankheiten eingesetzt; daher wird es auch \u201eFiebergras\u201c genannt.<\/p>\n","protected":false},"excerpt":{"rendered":"<p>Lateinischer Name: Cymbopogon CitratusVerwendeter Pflanzenteil: Bl\u00e4tterHerkunft: GuatemalaExtraktionsmethode: Wasserdampfdestillation \u00c4therisches Zitronengras\u00f6l wird aus Cymbopogon citratus, auch bekannt als \u201e\u00d6lgras\u201c, durch Wasserdampfdestillation aus den frischen oder teilweise getrockneten Bl\u00e4ttern gewonnen. Dieses \u00d6l soll M\u00fcdigkeit bek\u00e4mpfen und einen m\u00fcden K\u00f6rper und Geist erfrischen. Es ist au\u00dferdem ein angenehm duftendes Mittel, um Haustiere frei von Fl\u00f6hen und Zecken zu [&hellip;]<\/p>\n","protected":false},"featured_media":261376,"comment_status":"closed","ping_status":"open","template":"","meta":{"_angie_page":false},"product_brand":[27090],"product_cat":[16455,23649,25841,26253],"product_tag":[],"class_list":{"0":"post-244221","1":"product","2":"type-product","3":"status-publish","4":"has-post-thumbnail","6":"product_brand-ancient-wisdom","7":"product_cat-aromatherapie-und-raumdufte","8":"product_cat-atherische-ole","9":"product_cat-dufte-aromen","10":"product_cat-zitronengras","11":"pa_collection-aromatherapy-essential-oils-10ml-de","12":"pa_made-in-indien","13":"pa_size-10ml","15":"first","16":"instock","17":"purchasable","18":"product-type-simple"},"supplier_id":null,"supplier_sku":"EO-28","barcode":null,"atum_controlled":true,"out_stock_date":null,"out_stock_threshold":null,"inheritable":false,"inbound_stock":0,"stock_on_hold":0,"sold_today":0,"sales_last_days":0,"reserved_stock":0,"customer_returns":0,"warehouse_damage":0,"lost_in_post":0,"other_logs":0,"out_stock_days":0,"lost_sales":0,"has_location":false,"update_date":"2026-04-27T07:00:40","atum_locations":[],"atum_stock_status":"instock","restock_status":false,"low_stock_amount":"","sales_update_date":"2026-01-30T01:26:14","calc_backorders":null,"_links":{"self":[{"href":"https:\/\/aromasentia.com\/de\/wp-json\/wp\/v2\/product\/244221","targetHints":{"allow":["GET"]}}],"collection":[{"href":"https:\/\/aromasentia.com\/de\/wp-json\/wp\/v2\/product"}],"about":[{"href":"https:\/\/aromasentia.com\/de\/wp-json\/wp\/v2\/types\/product"}],"replies":[{"embeddable":true,"href":"https:\/\/aromasentia.com\/de\/wp-json\/wp\/v2\/comments?post=244221"}],"version-history":[{"count":0,"href":"https:\/\/aromasentia.com\/de\/wp-json\/wp\/v2\/product\/244221\/revisions"}],"wp:featuredmedia":[{"embeddable":true,"href":"https:\/\/aromasentia.com\/de\/wp-json\/wp\/v2\/media\/261376"}],"wp:attachment":[{"href":"https:\/\/aromasentia.com\/de\/wp-json\/wp\/v2\/media?parent=244221"}],"wp:term":[{"taxonomy":"product_brand","embeddable":true,"href":"https:\/\/aromasentia.com\/de\/wp-json\/wp\/v2\/product_brand?post=244221"},{"taxonomy":"product_cat","embeddable":true,"href":"https:\/\/aromasentia.com\/de\/wp-json\/wp\/v2\/product_cat?post=244221"},{"taxonomy":"product_tag","embeddable":true,"href":"https:\/\/aromasentia.com\/de\/wp-json\/wp\/v2\/product_tag?post=244221"}],"curies":[{"name":"wp","href":"https:\/\/api.w.org\/{rel}","templated":true}]}}