{"id":244217,"date":"2025-03-20T14:51:35","date_gmt":"2025-03-20T14:51:35","guid":{"rendered":"https:\/\/aromasentia.com\/product\/10-ml-juniperberry-essential-oil\/"},"modified":"2025-12-30T20:44:51","modified_gmt":"2025-12-30T20:44:51","slug":"aetherisches-wacholderbeerenoel-10ml","status":"publish","type":"product","link":"https:\/\/aromasentia.com\/de\/aetherisches-wacholderbeerenoel-10ml\/","title":{"rendered":"\u00c4therisches Wacholderbeeren\u00f6l 10ml"},"content":{"rendered":"<p><strong>Lateinischer Name:<\/strong> Juniperus Communis<br \/><strong>Verwendeter Pflanzenteil: Beere<br \/><strong>Herkunft:<\/strong> Mazedonien<br \/><strong>Extraktionsmethode: Wasserdampfdestillation<\/p>\n<p>Das aus den Beeren eines Nadelbaums gewonnene <strong>\u00e4therische Wacholderbeeren\u00f6l<\/strong> ist f\u00fcr seine vielseitigen Einsatzm\u00f6glichkeiten und Vorteile bekannt. Der Duft von Wacholderbeeren\u00f6l ist holzig, w\u00fcrzig und rein. Bei Verwendung wegen seines Aromas hat \u00e4therisches Wacholderbeeren\u00f6l eine beruhigende und erdende Wirkung und kann auch zur Reinigung und Kl\u00e4rung der Luft verwendet werden.<\/p>\n<p>Wacholderbeeren wirken wie das \u00e4therische \u00d6l nat\u00fcrlich antiseptisch. Ein Raumspray\/Lufterfrischer mit \u00e4therischem Wacholderbeeren\u00f6l kann helfen, luftgetragene Keime abzut\u00f6ten.<\/p>\n","protected":false},"excerpt":{"rendered":"<p>Lateinischer Name: Juniperus CommunisVerwendeter Pflanzenteil: BeereHerkunft: MazedonienExtraktionsmethode: Wasserdampfdestillation Das aus den Beeren eines Nadelbaums gewonnene \u00e4therische Wacholderbeeren\u00f6l ist f\u00fcr seine vielseitigen Einsatzm\u00f6glichkeiten und Vorteile bekannt. Der Duft von Wacholderbeeren\u00f6l ist holzig, w\u00fcrzig und rein. Bei Verwendung wegen seines Aromas hat \u00e4therisches Wacholderbeeren\u00f6l eine beruhigende und erdende Wirkung und kann auch zur Reinigung und Kl\u00e4rung der [&hellip;]<\/p>\n","protected":false},"featured_media":261359,"comment_status":"closed","ping_status":"open","template":"","meta":{"_angie_page":false},"product_brand":[27090],"product_cat":[16455,23649,25841,26896,26227],"product_tag":[],"class_list":{"0":"post-244217","1":"product","2":"type-product","3":"status-publish","4":"has-post-thumbnail","6":"product_brand-ancient-wisdom","7":"product_cat-aromatherapie-und-raumdufte","8":"product_cat-atherische-ole","9":"product_cat-dufte-aromen","10":"product_cat-holzig","11":"product_cat-wacholderbeere","12":"pa_collection-aromatherapy-essential-oils-10ml-de","13":"pa_made-in-kroatien","14":"pa_size-10ml","16":"first","17":"instock","18":"purchasable","19":"product-type-simple"},"supplier_id":null,"supplier_sku":"EO-27","barcode":null,"atum_controlled":true,"out_stock_date":null,"out_stock_threshold":null,"inheritable":false,"inbound_stock":0,"stock_on_hold":0,"sold_today":0,"sales_last_days":0,"reserved_stock":0,"customer_returns":0,"warehouse_damage":0,"lost_in_post":0,"other_logs":0,"out_stock_days":0,"lost_sales":0,"has_location":false,"update_date":"2026-04-27T07:00:40","atum_locations":[],"atum_stock_status":"instock","restock_status":false,"low_stock_amount":"","sales_update_date":"2025-09-03T00:27:40","calc_backorders":null,"_links":{"self":[{"href":"https:\/\/aromasentia.com\/de\/wp-json\/wp\/v2\/product\/244217","targetHints":{"allow":["GET"]}}],"collection":[{"href":"https:\/\/aromasentia.com\/de\/wp-json\/wp\/v2\/product"}],"about":[{"href":"https:\/\/aromasentia.com\/de\/wp-json\/wp\/v2\/types\/product"}],"replies":[{"embeddable":true,"href":"https:\/\/aromasentia.com\/de\/wp-json\/wp\/v2\/comments?post=244217"}],"version-history":[{"count":0,"href":"https:\/\/aromasentia.com\/de\/wp-json\/wp\/v2\/product\/244217\/revisions"}],"wp:featuredmedia":[{"embeddable":true,"href":"https:\/\/aromasentia.com\/de\/wp-json\/wp\/v2\/media\/261359"}],"wp:attachment":[{"href":"https:\/\/aromasentia.com\/de\/wp-json\/wp\/v2\/media?parent=244217"}],"wp:term":[{"taxonomy":"product_brand","embeddable":true,"href":"https:\/\/aromasentia.com\/de\/wp-json\/wp\/v2\/product_brand?post=244217"},{"taxonomy":"product_cat","embeddable":true,"href":"https:\/\/aromasentia.com\/de\/wp-json\/wp\/v2\/product_cat?post=244217"},{"taxonomy":"product_tag","embeddable":true,"href":"https:\/\/aromasentia.com\/de\/wp-json\/wp\/v2\/product_tag?post=244217"}],"curies":[{"name":"wp","href":"https:\/\/api.w.org\/{rel}","templated":true}]}}