{"id":244213,"date":"2025-03-20T14:52:06","date_gmt":"2025-03-20T14:52:06","guid":{"rendered":"https:\/\/aromasentia.com\/product\/10-ml-white-camphor-essential-oil\/"},"modified":"2025-12-30T20:44:51","modified_gmt":"2025-12-30T20:44:51","slug":"aetherisches-weisser-kampferoel-10ml","status":"publish","type":"product","link":"https:\/\/aromasentia.com\/de\/aetherisches-weisser-kampferoel-10ml\/","title":{"rendered":"\u00c4therisches Wei\u00dfer Kampfer\u00f6l 10ml"},"content":{"rendered":"<p><span style=\"color: rgb(75, 80, 88);\"><strong>\u00c4therisches Wei\u00dfkampfer\u00f6l<\/strong> duftet frisch, intensiv und holzig. Sein Aroma erinnert aufgrund seines hohen Cineol-Gehalts leicht an Eukalyptus.&nbsp;<\/span><\/p>\n<p><span style=\"color: rgb(75, 80, 88);\">\u00c4therisches Wei\u00dfkampfer\u00f6l lindert Atembeschwerden. Es l\u00f6st sofort Verstopfungen der Bronchien, des Kehlkopfs, des Rachens, der Naseng\u00e4nge und der Lunge. Auf die Haut aufgetragen kann Kampfer\u00f6l Schmerzen und Entz\u00fcndungen lindern.<\/span><\/p>\n<p><span style=\"color: rgb(75, 80, 88);\">Es kann bei Muskelschmerzen, Rheuma, Husten, Bronchitis, Erk\u00e4ltungen, Akne, Hautausschl\u00e4gen, parasit\u00e4ren Hautinfektionen, Prellungen, Bluterg\u00fcssen und zur Insektenabwehr helfen.<\/span><\/p>\n<p><span style=\"color: rgb(75, 80, 88);\"><strong>Hinweis: Unsere \u00e4therischen \u00d6le sind nicht zur inneren Anwendung geeignet.<\/strong><\/span><\/p>\n","protected":false},"excerpt":{"rendered":"<p>\u00c4therisches Wei\u00dfkampfer\u00f6l duftet frisch, intensiv und holzig. Sein Aroma erinnert aufgrund seines hohen Cineol-Gehalts leicht an Eukalyptus.&nbsp; \u00c4therisches Wei\u00dfkampfer\u00f6l lindert Atembeschwerden. Es l\u00f6st sofort Verstopfungen der Bronchien, des Kehlkopfs, des Rachens, der Naseng\u00e4nge und der Lunge. Auf die Haut aufgetragen kann Kampfer\u00f6l Schmerzen und Entz\u00fcndungen lindern. Es kann bei Muskelschmerzen, Rheuma, Husten, Bronchitis, Erk\u00e4ltungen, Akne, [&hellip;]<\/p>\n","protected":false},"featured_media":261768,"comment_status":"closed","ping_status":"open","template":"","meta":{"_angie_page":false},"product_brand":[27090],"product_cat":[16455,23649,25841,26868,26435],"product_tag":[],"class_list":{"0":"post-244213","1":"product","2":"type-product","3":"status-publish","4":"has-post-thumbnail","6":"product_brand-ancient-wisdom","7":"product_cat-aromatherapie-und-raumdufte","8":"product_cat-atherische-ole","9":"product_cat-dufte-aromen","10":"product_cat-medizinisch-kampferartig","11":"product_cat-weiber-kampfer","12":"pa_collection-aromatherapy-essential-oils-10ml-de","13":"pa_made-in-china","14":"pa_size-10ml","16":"first","17":"instock","18":"purchasable","19":"product-type-simple"},"supplier_id":null,"supplier_sku":"EO-57","barcode":null,"atum_controlled":true,"out_stock_date":null,"out_stock_threshold":null,"inheritable":false,"inbound_stock":null,"stock_on_hold":0,"sold_today":0,"sales_last_days":0,"reserved_stock":null,"customer_returns":null,"warehouse_damage":null,"lost_in_post":null,"other_logs":null,"out_stock_days":0,"lost_sales":0,"has_location":null,"update_date":"2026-04-27T07:00:50","atum_locations":[],"atum_stock_status":"instock","restock_status":false,"low_stock_amount":"","sales_update_date":"2025-09-03T00:27:52","calc_backorders":null,"_links":{"self":[{"href":"https:\/\/aromasentia.com\/de\/wp-json\/wp\/v2\/product\/244213","targetHints":{"allow":["GET"]}}],"collection":[{"href":"https:\/\/aromasentia.com\/de\/wp-json\/wp\/v2\/product"}],"about":[{"href":"https:\/\/aromasentia.com\/de\/wp-json\/wp\/v2\/types\/product"}],"replies":[{"embeddable":true,"href":"https:\/\/aromasentia.com\/de\/wp-json\/wp\/v2\/comments?post=244213"}],"version-history":[{"count":0,"href":"https:\/\/aromasentia.com\/de\/wp-json\/wp\/v2\/product\/244213\/revisions"}],"wp:featuredmedia":[{"embeddable":true,"href":"https:\/\/aromasentia.com\/de\/wp-json\/wp\/v2\/media\/261768"}],"wp:attachment":[{"href":"https:\/\/aromasentia.com\/de\/wp-json\/wp\/v2\/media?parent=244213"}],"wp:term":[{"taxonomy":"product_brand","embeddable":true,"href":"https:\/\/aromasentia.com\/de\/wp-json\/wp\/v2\/product_brand?post=244213"},{"taxonomy":"product_cat","embeddable":true,"href":"https:\/\/aromasentia.com\/de\/wp-json\/wp\/v2\/product_cat?post=244213"},{"taxonomy":"product_tag","embeddable":true,"href":"https:\/\/aromasentia.com\/de\/wp-json\/wp\/v2\/product_tag?post=244213"}],"curies":[{"name":"wp","href":"https:\/\/api.w.org\/{rel}","templated":true}]}}