{"id":244197,"date":"2025-03-20T14:52:06","date_gmt":"2025-03-20T14:52:06","guid":{"rendered":"https:\/\/aromasentia.com\/product\/10-ml-may-chang-essential-oil\/"},"modified":"2025-12-30T20:44:51","modified_gmt":"2025-12-30T20:44:51","slug":"aetherisches-may-chang-oel-10ml","status":"publish","type":"product","link":"https:\/\/aromasentia.com\/de\/aetherisches-may-chang-oel-10ml\/","title":{"rendered":"\u00c4therisches May-Chang-\u00d6l 10ml"},"content":{"rendered":"<p><strong>Lateinischer Name:<\/strong> Litsea Cubeba<br \/><strong>Verwendeter Pflanzenteil:<\/strong> Frucht<br \/><strong>Herkunft:<\/strong> China<br \/><strong>Extraktionsmethode:<\/strong> Wasserdampfdestillation<\/p>\n<p><strong>\u00c4therisches May Chang \u00d6l<\/strong> ist ein sehr aufmunterndes und anregendes \u00d6l und n\u00fctzlich bei M\u00fcdigkeit, Melancholie und Angstzust\u00e4nden. Wird verwendet, um eine aufmunternde Atmosph\u00e4re zu schaffen, wenn es zerst\u00e4ubt wird. Traditionell als Verdauungshilfe verwendet, kann May Chang bei schlechter Verdauung helfen und den Appetit anregen.<\/p>\n<p>\u00c4therisches May Chang \u00d6l hat eine erfrischende, anregende und aufmunternde Wirkung, wodurch es sich perfekt zur Linderung von M\u00fcdigkeit und lethargischen psychischen Zust\u00e4nden eignet. Und da dieses \u00d6l das Nervensystem st\u00e4rkt, ist es ideal, um den Kopf freizubekommen, wenn Sie sich \u00e4ngstlich, gestresst oder benommen f\u00fchlen.<\/p>\n<p>Es hat au\u00dferdem \u00fcberraschend gute antiseptische, antimykotische und antivirale Eigenschaften, die helfen k\u00f6nnen, Husten, Erk\u00e4ltungen und Fu\u00dfpilz in Schach zu halten. Es eignet sich auch hervorragend f\u00fcr Reinigungsarbeiten im Haushalt, wie zum Beispiel das Desinfizieren von K\u00fcchenarbeitsfl\u00e4chen. Um die Wirksamkeit zu steigern, kann die Mischung mit Teebaum\u00f6l ver\u00e4ndert werden. So erzielen Sie eine kraftvolle Reinigungswirkung ohne den unangenehmen Desinfektionsmittelgeruch.<\/p>\n","protected":false},"excerpt":{"rendered":"<p>Lateinischer Name: Litsea CubebaVerwendeter Pflanzenteil: FruchtHerkunft: ChinaExtraktionsmethode: Wasserdampfdestillation \u00c4therisches May Chang \u00d6l ist ein sehr aufmunterndes und anregendes \u00d6l und n\u00fctzlich bei M\u00fcdigkeit, Melancholie und Angstzust\u00e4nden. Wird verwendet, um eine aufmunternde Atmosph\u00e4re zu schaffen, wenn es zerst\u00e4ubt wird. Traditionell als Verdauungshilfe verwendet, kann May Chang bei schlechter Verdauung helfen und den Appetit anregen. \u00c4therisches May [&hellip;]<\/p>\n","protected":false},"featured_media":261700,"comment_status":"closed","ping_status":"open","template":"","meta":{"_angie_page":false},"product_brand":[27090],"product_cat":[16455,23649,25841,26274],"product_tag":[],"class_list":{"0":"post-244197","1":"product","2":"type-product","3":"status-publish","4":"has-post-thumbnail","6":"product_brand-ancient-wisdom","7":"product_cat-aromatherapie-und-raumdufte","8":"product_cat-atherische-ole","9":"product_cat-dufte-aromen","10":"product_cat-may-chang-litsea-cubeba","11":"pa_collection-aromatherapy-essential-oils-10ml-de","12":"pa_made-in-china","13":"pa_size-10ml","15":"first","16":"instock","17":"purchasable","18":"product-type-simple"},"supplier_id":null,"supplier_sku":"EO-52","barcode":null,"atum_controlled":true,"out_stock_date":null,"out_stock_threshold":null,"inheritable":false,"inbound_stock":null,"stock_on_hold":0,"sold_today":0,"sales_last_days":0,"reserved_stock":null,"customer_returns":null,"warehouse_damage":null,"lost_in_post":null,"other_logs":null,"out_stock_days":0,"lost_sales":0,"has_location":null,"update_date":"2026-05-04T00:02:52","atum_locations":[],"atum_stock_status":"instock","restock_status":false,"low_stock_amount":"","sales_update_date":"2025-09-03T00:27:51","calc_backorders":null,"_links":{"self":[{"href":"https:\/\/aromasentia.com\/de\/wp-json\/wp\/v2\/product\/244197","targetHints":{"allow":["GET"]}}],"collection":[{"href":"https:\/\/aromasentia.com\/de\/wp-json\/wp\/v2\/product"}],"about":[{"href":"https:\/\/aromasentia.com\/de\/wp-json\/wp\/v2\/types\/product"}],"replies":[{"embeddable":true,"href":"https:\/\/aromasentia.com\/de\/wp-json\/wp\/v2\/comments?post=244197"}],"version-history":[{"count":0,"href":"https:\/\/aromasentia.com\/de\/wp-json\/wp\/v2\/product\/244197\/revisions"}],"wp:featuredmedia":[{"embeddable":true,"href":"https:\/\/aromasentia.com\/de\/wp-json\/wp\/v2\/media\/261700"}],"wp:attachment":[{"href":"https:\/\/aromasentia.com\/de\/wp-json\/wp\/v2\/media?parent=244197"}],"wp:term":[{"taxonomy":"product_brand","embeddable":true,"href":"https:\/\/aromasentia.com\/de\/wp-json\/wp\/v2\/product_brand?post=244197"},{"taxonomy":"product_cat","embeddable":true,"href":"https:\/\/aromasentia.com\/de\/wp-json\/wp\/v2\/product_cat?post=244197"},{"taxonomy":"product_tag","embeddable":true,"href":"https:\/\/aromasentia.com\/de\/wp-json\/wp\/v2\/product_tag?post=244197"}],"curies":[{"name":"wp","href":"https:\/\/api.w.org\/{rel}","templated":true}]}}