{"id":244177,"date":"2025-03-20T14:52:06","date_gmt":"2025-03-20T14:52:06","guid":{"rendered":"https:\/\/aromasentia.com\/product\/10-ml-niaouli-essential-oil\/"},"modified":"2025-12-30T20:44:45","modified_gmt":"2025-12-30T20:44:45","slug":"aetherisches-niaoulioel-10ml","status":"publish","type":"product","link":"https:\/\/aromasentia.com\/de\/aetherisches-niaoulioel-10ml\/","title":{"rendered":"\u00c4therisches Niaouli\u00f6l 10ml"},"content":{"rendered":"<p><strong>Lateinischer Name:<\/strong> Melaleueca Viridiflora<br \/><strong>Verwendeter Pflanzenteil:<\/strong> Bl\u00e4tter und Zweige<br \/><strong>Herkunft:<\/strong> Indonesien<br \/><strong>Extraktionsmethode:<\/strong> Wasserdampfdestillation<\/p>\n<p>Niaouli-\u00d6l ist nicht das wohlriechendste \u00e4therische \u00d6l. Was ihm an aromatischer Anziehungskraft fehlt, macht es jedoch durch seine therapeutischen Vorteile wett. Es ist eine ausgezeichnete Wahl f\u00fcr die Anwendung bei Atemwegserkrankungen, Hautinfektionen und Akne.<\/p>\n<p>Aromatisch gilt <strong>Niaouli-\u00d6l<\/strong> im Allgemeinen nicht als angenehmes \u00e4therisches \u00d6l. Der Duft ist kampferartig, erdig und etwas streng. Es ist nie eine gute Idee, sich eine Meinung \u00fcber den Duft eines \u00e4therischen \u00d6ls zu bilden, indem man es einfach direkt aus der Flasche riecht.&nbsp;<\/p>\n<p>Die schmerzlindernde Eigenschaft dieses \u00d6ls macht es zu einem sehr guten Analgetikum. Es beseitigt Schmerzen, indem es die Nerven bet\u00e4ubt und den betroffenen Bereich desensibilisiert. Es ist sehr wirksam bei der Linderung von Kopfschmerzen, Migr\u00e4ne, Zahnschmerzen, Ohrenschmerzen, Muskel- und Gelenkschmerzen sowie Schmerzen durch Verstauchungen.<\/p>\n<p>Dieses \u00d6l regt die Blut- und Lymphzirkulation an, beugt dadurch der Ansammlung von Harns\u00e4ure in den Gelenken vor und w\u00e4rmt verschiedene K\u00f6rperteile auf. Diese beiden Faktoren zusammen helfen bei der Linderung von Rheuma, Arthritis und Gicht.<\/p>\n<p>Offene Wunden sind anf\u00e4llig f\u00fcr Infektionen, da Bakterien, Pilze und andere Mikroben sehr leicht durch diese Wunden in die Blutbahn gelangen k\u00f6nnen. Bakterien kommen auch im Urogenitaltrakt, im Dickdarm, der Prostata, dem Darm und den Nieren vor und verursachen Infektionen der Harnr\u00f6hre und anderer empfindlicher K\u00f6rperteile. Das \u00e4therische \u00d6l von Niaouli kann dank seiner antiseptischen Eigenschaften das Bakterienwachstum in diesen Bereichen hemmen und bietet guten Schutz vor Sepsis, Tetanus und Infektionen anderer innerer Organe.<\/p>\n","protected":false},"excerpt":{"rendered":"<p>Lateinischer Name: Melaleueca ViridifloraVerwendeter Pflanzenteil: Bl\u00e4tter und ZweigeHerkunft: IndonesienExtraktionsmethode: Wasserdampfdestillation Niaouli-\u00d6l ist nicht das wohlriechendste \u00e4therische \u00d6l. Was ihm an aromatischer Anziehungskraft fehlt, macht es jedoch durch seine therapeutischen Vorteile wett. Es ist eine ausgezeichnete Wahl f\u00fcr die Anwendung bei Atemwegserkrankungen, Hautinfektionen und Akne. Aromatisch gilt Niaouli-\u00d6l im Allgemeinen nicht als angenehmes \u00e4therisches \u00d6l. Der [&hellip;]<\/p>\n","protected":false},"featured_media":261615,"comment_status":"closed","ping_status":"open","template":"","meta":[],"product_brand":[27090],"product_cat":[16455,23649,25841,26868,26298],"product_tag":[],"class_list":{"0":"post-244177","1":"product","2":"type-product","3":"status-publish","4":"has-post-thumbnail","6":"product_brand-ancient-wisdom","7":"product_cat-aromatherapie-und-raumdufte","8":"product_cat-atherische-ole","9":"product_cat-dufte-aromen","10":"product_cat-medizinisch-kampferartig","11":"product_cat-niaouli","12":"pa_collection-aromatherapy-essential-oils-10ml-de","13":"pa_made-in-indonesien","14":"pa_size-10ml","16":"first","17":"instock","18":"purchasable","19":"product-type-simple"},"supplier_id":null,"supplier_sku":"EO-44","barcode":null,"atum_controlled":true,"out_stock_date":null,"out_stock_threshold":null,"inheritable":false,"inbound_stock":null,"stock_on_hold":0,"sold_today":0,"sales_last_days":0,"reserved_stock":null,"customer_returns":null,"warehouse_damage":null,"lost_in_post":null,"other_logs":null,"out_stock_days":0,"lost_sales":0,"has_location":null,"update_date":"2026-02-09T17:54:54","atum_locations":[],"atum_stock_status":"instock","restock_status":false,"low_stock_amount":"","sales_update_date":"2025-09-03T00:27:44","calc_backorders":null,"_links":{"self":[{"href":"https:\/\/aromasentia.com\/de\/wp-json\/wp\/v2\/product\/244177","targetHints":{"allow":["GET"]}}],"collection":[{"href":"https:\/\/aromasentia.com\/de\/wp-json\/wp\/v2\/product"}],"about":[{"href":"https:\/\/aromasentia.com\/de\/wp-json\/wp\/v2\/types\/product"}],"replies":[{"embeddable":true,"href":"https:\/\/aromasentia.com\/de\/wp-json\/wp\/v2\/comments?post=244177"}],"version-history":[{"count":0,"href":"https:\/\/aromasentia.com\/de\/wp-json\/wp\/v2\/product\/244177\/revisions"}],"wp:featuredmedia":[{"embeddable":true,"href":"https:\/\/aromasentia.com\/de\/wp-json\/wp\/v2\/media\/261615"}],"wp:attachment":[{"href":"https:\/\/aromasentia.com\/de\/wp-json\/wp\/v2\/media?parent=244177"}],"wp:term":[{"taxonomy":"product_brand","embeddable":true,"href":"https:\/\/aromasentia.com\/de\/wp-json\/wp\/v2\/product_brand?post=244177"},{"taxonomy":"product_cat","embeddable":true,"href":"https:\/\/aromasentia.com\/de\/wp-json\/wp\/v2\/product_cat?post=244177"},{"taxonomy":"product_tag","embeddable":true,"href":"https:\/\/aromasentia.com\/de\/wp-json\/wp\/v2\/product_tag?post=244177"}],"curies":[{"name":"wp","href":"https:\/\/api.w.org\/{rel}","templated":true}]}}