{"id":244169,"date":"2025-03-20T14:52:06","date_gmt":"2025-03-20T14:52:06","guid":{"rendered":"https:\/\/aromasentia.com\/product\/10-ml-rose-dilute-essential-oil\/"},"modified":"2025-12-30T20:44:45","modified_gmt":"2025-12-30T20:44:45","slug":"aetherisches-rosenoel-10ml-verduennt","status":"publish","type":"product","link":"https:\/\/aromasentia.com\/de\/aetherisches-rosenoel-10ml-verduennt\/","title":{"rendered":"\u00c4therisches Rosen\u00f6l 10ml (verd\u00fcnnt)"},"content":{"rendered":"<p><strong><span style=\"color: rgb(75, 80, 88);\">Lateinischer Name:<\/span><\/strong><span style=\"color: rgb(75, 80, 88);\"> Rosa Centifolia<\/span><\/p>\n<p><span style=\"color: rgb(75, 80, 88);\"><strong>Verwendeter Pflanzenteil:<\/strong> Bl\u00fctenbl\u00e4tter<\/span><\/p>\n<p><span style=\"color: rgb(75, 80, 88);\"><strong>Herkunft:<\/strong> Marokko<\/span><\/p>\n<p><span style=\"color: rgb(75, 80, 88);\"><strong>Extraktionsmethode:<\/strong> L\u00f6sungsmittelextrakt<\/span><\/p>\n<p><span style=\"color: rgb(75, 80, 88);\"><strong>5%ige Verd\u00fcnnung in Traubenkern\u00f6l<\/strong><\/span><\/p>\n<p><span style=\"color: rgb(75, 80, 88);\"><strong>\u00c4therisches Rosen\u00f6l (verd\u00fcnnt)<\/strong>ist mehr als nur ein h\u00fcbscher Blumenduft. Es hat mehrere therapeutische Eigenschaften, die es zu einem gro\u00dfartigen Bestandteil von Hautpflegeprodukten machen. Es hat mehrere therapeutische Eigenschaften, darunter antidepressiv, antiseptisch, adstringierend, beruhigend und sedierend. &nbsp;\u00c4therisches Rosen\u00f6l (verd\u00fcnnt) ist f\u00fcr seine antidepressiv wirkenden Eigenschaften bekannt. Es st\u00e4rkt das Selbstvertrauen, die geistige Gesundheit und bek\u00e4mpft Depressionen!<\/span><\/p>\n<p><span style=\"color: rgb(75, 80, 88);\">Akne entsteht in den meisten F\u00e4llen durch eine \u00dcberproduktion von Talg in den Poren einer Person, aber auch eine erh\u00f6hte Bakterienzahl spielt eine gro\u00dfe Rolle bei der Entstehung von Akne. Gl\u00fccklicherweise hat verd\u00fcnntes \u00e4therisches Rosen\u00f6l mehrere Eigenschaften, die Akne reduzieren, darunter adstringierende, antivirale und bakterizide Wirkungen.<\/span><\/p>\n<p><strong><span style=\"color: rgb(184, 49, 47);\">NB: Unsere \u00e4therischen \u00d6le sind nicht zur inneren Anwendung geeignet.<\/span><\/strong><\/p>\n","protected":false},"excerpt":{"rendered":"<p>Lateinischer Name: Rosa Centifolia Verwendeter Pflanzenteil: Bl\u00fctenbl\u00e4tter Herkunft: Marokko Extraktionsmethode: L\u00f6sungsmittelextrakt 5%ige Verd\u00fcnnung in Traubenkern\u00f6l \u00c4therisches Rosen\u00f6l (verd\u00fcnnt)ist mehr als nur ein h\u00fcbscher Blumenduft. Es hat mehrere therapeutische Eigenschaften, die es zu einem gro\u00dfartigen Bestandteil von Hautpflegeprodukten machen. Es hat mehrere therapeutische Eigenschaften, darunter antidepressiv, antiseptisch, adstringierend, beruhigend und sedierend. &nbsp;\u00c4therisches Rosen\u00f6l (verd\u00fcnnt) ist f\u00fcr [&hellip;]<\/p>\n","protected":false},"featured_media":261581,"comment_status":"closed","ping_status":"open","template":"","meta":{"_angie_page":false},"product_brand":[27090],"product_cat":[16455,23649,26833,25841,26370],"product_tag":[],"class_list":{"0":"post-244169","1":"product","2":"type-product","3":"status-publish","4":"has-post-thumbnail","6":"product_brand-ancient-wisdom","7":"product_cat-aromatherapie-und-raumdufte","8":"product_cat-atherische-ole","9":"product_cat-blumig","10":"product_cat-dufte-aromen","11":"product_cat-rosen","12":"pa_collection-aromatherapy-essential-oils-10ml-de","13":"pa_made-in-marokko","14":"pa_size-10ml","16":"first","17":"instock","18":"purchasable","19":"product-type-simple"},"supplier_id":null,"supplier_sku":"EO-41","barcode":null,"atum_controlled":true,"out_stock_date":null,"out_stock_threshold":null,"inheritable":false,"inbound_stock":null,"stock_on_hold":0,"sold_today":0,"sales_last_days":0,"reserved_stock":null,"customer_returns":null,"warehouse_damage":null,"lost_in_post":null,"other_logs":null,"out_stock_days":0,"lost_sales":0,"has_location":null,"update_date":"2026-05-08T05:07:22","atum_locations":[],"atum_stock_status":"instock","restock_status":false,"low_stock_amount":"","sales_update_date":"2025-09-03T00:27:44","calc_backorders":null,"_links":{"self":[{"href":"https:\/\/aromasentia.com\/de\/wp-json\/wp\/v2\/product\/244169","targetHints":{"allow":["GET"]}}],"collection":[{"href":"https:\/\/aromasentia.com\/de\/wp-json\/wp\/v2\/product"}],"about":[{"href":"https:\/\/aromasentia.com\/de\/wp-json\/wp\/v2\/types\/product"}],"replies":[{"embeddable":true,"href":"https:\/\/aromasentia.com\/de\/wp-json\/wp\/v2\/comments?post=244169"}],"version-history":[{"count":0,"href":"https:\/\/aromasentia.com\/de\/wp-json\/wp\/v2\/product\/244169\/revisions"}],"wp:featuredmedia":[{"embeddable":true,"href":"https:\/\/aromasentia.com\/de\/wp-json\/wp\/v2\/media\/261581"}],"wp:attachment":[{"href":"https:\/\/aromasentia.com\/de\/wp-json\/wp\/v2\/media?parent=244169"}],"wp:term":[{"taxonomy":"product_brand","embeddable":true,"href":"https:\/\/aromasentia.com\/de\/wp-json\/wp\/v2\/product_brand?post=244169"},{"taxonomy":"product_cat","embeddable":true,"href":"https:\/\/aromasentia.com\/de\/wp-json\/wp\/v2\/product_cat?post=244169"},{"taxonomy":"product_tag","embeddable":true,"href":"https:\/\/aromasentia.com\/de\/wp-json\/wp\/v2\/product_tag?post=244169"}],"curies":[{"name":"wp","href":"https:\/\/api.w.org\/{rel}","templated":true}]}}