{"id":244149,"date":"2025-03-20T14:52:42","date_gmt":"2025-03-20T14:52:42","guid":{"rendered":"https:\/\/aromasentia.com\/product\/10-ml-parsley-essential-oil\/"},"modified":"2025-12-30T20:44:45","modified_gmt":"2025-12-30T20:44:45","slug":"aetherisches-petersilienoel-10ml","status":"publish","type":"product","link":"https:\/\/aromasentia.com\/de\/aetherisches-petersilienoel-10ml\/","title":{"rendered":"\u00c4therisches Petersilien\u00f6l 10ml"},"content":{"rendered":"<p><strong>Lateinischer Name: Petroselinum Crispum<br \/><strong>Verwendeter Pflanzenteil: Samen und Kraut<br \/><strong>Herkunft: Frankreich<br \/><strong>Extraktionsmethode: Wasserdampfdestillation<\/p>\n<p><strong>\u00c4therisches Petersilien\u00f6l<\/strong> hat antimikrobielle, antiseptische, adstringierende, karminative, verdauungsf\u00f6rdernde, harntreibende und entgiftende Eigenschaften. Petersilien\u00f6l kann helfen, Mikroben abzut\u00f6ten und ihr Wachstum zu hemmen und Sie so vor verschiedenen Infektionen und Krankheiten zu sch\u00fctzen.<\/p>\n<p>Wo Mikroben sind, gibt es Infektionen und Krankheiten, aber wo \u00e4therisches Petersilien\u00f6l ist, gibt es keine Mikroben. Aber warum? Vielleicht, weil dieses \u00d6l umfassende antimikrobielle Eigenschaften hat. Das hei\u00dft, dieses \u00d6l enth\u00e4lt bestimmte Komponenten, die Mikroben abt\u00f6ten und ihr Wachstum hemmen k\u00f6nnen. Daher kann es wirksam vor einer Vielzahl von Infektionen sch\u00fctzen.<\/p>\n<p>Das \u00e4therische \u00d6l der Petersilie hat bestimmte Eigenschaften, die bei Rheuma und Arthritis helfen k\u00f6nnen.<\/p>\n<p>\u00c4therisches Petersilien\u00f6l f\u00f6rdert die Ausscheidung von Giftstoffen und anderen unerw\u00fcnschten Substanzen \u00fcber den Urin. Dadurch wirkt es entgiftend. Dies sch\u00fctzt Sie vor vielen Krankheiten, die durch die Ansammlung dieser unerw\u00fcnschten Substanzen im K\u00f6rper entstehen, wie z. B. Rheuma, Arthritis, Furunkeln, Hautkrankheiten und vielen anderen.<\/p>\n","protected":false},"excerpt":{"rendered":"<p>Lateinischer Name: Petroselinum CrispumVerwendeter Pflanzenteil: Samen und KrautHerkunft: FrankreichExtraktionsmethode: Wasserdampfdestillation \u00c4therisches Petersilien\u00f6l hat antimikrobielle, antiseptische, adstringierende, karminative, verdauungsf\u00f6rdernde, harntreibende und entgiftende Eigenschaften. Petersilien\u00f6l kann helfen, Mikroben abzut\u00f6ten und ihr Wachstum zu hemmen und Sie so vor verschiedenen Infektionen und Krankheiten zu sch\u00fctzen. Wo Mikroben sind, gibt es Infektionen und Krankheiten, aber wo \u00e4therisches Petersilien\u00f6l ist, [&hellip;]<\/p>\n","protected":false},"featured_media":261930,"comment_status":"closed","ping_status":"open","template":"","meta":[],"product_brand":[27090],"product_cat":[16455,23649,25841,26861,26328],"product_tag":[],"class_list":{"0":"post-244149","1":"product","2":"type-product","3":"status-publish","4":"has-post-thumbnail","6":"product_brand-ancient-wisdom","7":"product_cat-aromatherapie-und-raumdufte","8":"product_cat-atherische-ole","9":"product_cat-dufte-aromen","10":"product_cat-krauter-aromatisch","11":"product_cat-petersilie","12":"pa_collection-aromatherapy-essential-oils-10ml-de","13":"pa_made-in-frankreich","14":"pa_size-10ml","16":"first","17":"instock","18":"purchasable","19":"product-type-simple"},"supplier_id":null,"supplier_sku":"EO-69","barcode":null,"atum_controlled":true,"out_stock_date":null,"out_stock_threshold":null,"inheritable":false,"inbound_stock":null,"stock_on_hold":0,"sold_today":0,"sales_last_days":0,"reserved_stock":null,"customer_returns":null,"warehouse_damage":null,"lost_in_post":null,"other_logs":null,"out_stock_days":0,"lost_sales":0,"has_location":null,"update_date":"2026-02-10T16:29:36","atum_locations":[],"atum_stock_status":"instock","restock_status":false,"low_stock_amount":"","sales_update_date":"2026-01-20T05:13:32","calc_backorders":null,"_links":{"self":[{"href":"https:\/\/aromasentia.com\/de\/wp-json\/wp\/v2\/product\/244149","targetHints":{"allow":["GET"]}}],"collection":[{"href":"https:\/\/aromasentia.com\/de\/wp-json\/wp\/v2\/product"}],"about":[{"href":"https:\/\/aromasentia.com\/de\/wp-json\/wp\/v2\/types\/product"}],"replies":[{"embeddable":true,"href":"https:\/\/aromasentia.com\/de\/wp-json\/wp\/v2\/comments?post=244149"}],"version-history":[{"count":0,"href":"https:\/\/aromasentia.com\/de\/wp-json\/wp\/v2\/product\/244149\/revisions"}],"wp:featuredmedia":[{"embeddable":true,"href":"https:\/\/aromasentia.com\/de\/wp-json\/wp\/v2\/media\/261930"}],"wp:attachment":[{"href":"https:\/\/aromasentia.com\/de\/wp-json\/wp\/v2\/media?parent=244149"}],"wp:term":[{"taxonomy":"product_brand","embeddable":true,"href":"https:\/\/aromasentia.com\/de\/wp-json\/wp\/v2\/product_brand?post=244149"},{"taxonomy":"product_cat","embeddable":true,"href":"https:\/\/aromasentia.com\/de\/wp-json\/wp\/v2\/product_cat?post=244149"},{"taxonomy":"product_tag","embeddable":true,"href":"https:\/\/aromasentia.com\/de\/wp-json\/wp\/v2\/product_tag?post=244149"}],"curies":[{"name":"wp","href":"https:\/\/api.w.org\/{rel}","templated":true}]}}