{"id":244145,"date":"2025-03-20T14:52:42","date_gmt":"2025-03-20T14:52:42","guid":{"rendered":"https:\/\/aromasentia.com\/product\/10-ml-spruce-essential-oil\/"},"modified":"2025-12-30T20:44:45","modified_gmt":"2025-12-30T20:44:45","slug":"aetherisches-fichtenoel-10ml","status":"publish","type":"product","link":"https:\/\/aromasentia.com\/de\/aetherisches-fichtenoel-10ml\/","title":{"rendered":"\u00c4therisches Fichten\u00f6l 10ml"},"content":{"rendered":"<p><strong>Lateinischer Name:&nbsp;<\/strong>Tsuga Canadensis<br \/><strong>Verwendeter Pflanzenteil:<\/strong> Nadeln und Zweige<br \/><strong>Herkunft:<\/strong> USA<br \/><strong>Extraktionsmethode:<\/strong> Wasserdampfdestillation<\/p>\n<p>Das erdig riechende <strong>\u00e4therische Fichten\u00f6l<\/strong>, das aus den Nadeln und Zweigen von Fichten gewonnen wird, kann mit anderen bemerkenswerten \u00e4therischen \u00d6len kombiniert werden, um die Heilung von Muskelschmerzen, Verstauchungen und Zerrungen zu f\u00f6rdern.&nbsp;<\/p>\n<p>Fichten\u00f6l hat starke antibakterielle, infektionshemmende, krebshemmende, entz\u00fcndungshemmende, krampfl\u00f6sende, antivirale, antiseptische, desinfizierende, schleiml\u00f6sende und stimulierende Eigenschaften. Es wirkt Wunder bei Atemwegserkrankungen, Wundheilung, Virusinfektionen, Arthritis, Rheuma und anderen Formen von Muskelschmerzen.<\/p>\n<p>Fichten\u00f6l wird h\u00e4ufig Seifen, Lufterfrischern und Haushaltsreinigern zugesetzt, um ihnen einen frischen Duft zu verleihen und als Desinfektionsmittel zu wirken. Aufgrund seines angenehm erdigen Duftes, seiner beruhigenden Wirkung und seiner F\u00e4higkeit, Angst und Stress zu lindern<\/p>\n","protected":false},"excerpt":{"rendered":"<p>Lateinischer Name:&nbsp;Tsuga CanadensisVerwendeter Pflanzenteil: Nadeln und ZweigeHerkunft: USAExtraktionsmethode: Wasserdampfdestillation Das erdig riechende \u00e4therische Fichten\u00f6l, das aus den Nadeln und Zweigen von Fichten gewonnen wird, kann mit anderen bemerkenswerten \u00e4therischen \u00d6len kombiniert werden, um die Heilung von Muskelschmerzen, Verstauchungen und Zerrungen zu f\u00f6rdern.&nbsp; Fichten\u00f6l hat starke antibakterielle, infektionshemmende, krebshemmende, entz\u00fcndungshemmende, krampfl\u00f6sende, antivirale, antiseptische, desinfizierende, schleiml\u00f6sende und [&hellip;]<\/p>\n","protected":false},"featured_media":261913,"comment_status":"closed","ping_status":"open","template":"","meta":[],"product_brand":[27090],"product_cat":[16455,23649,25841,26399,26896],"product_tag":[],"class_list":{"0":"post-244145","1":"product","2":"type-product","3":"status-publish","4":"has-post-thumbnail","6":"product_brand-ancient-wisdom","7":"product_cat-aromatherapie-und-raumdufte","8":"product_cat-atherische-ole","9":"product_cat-dufte-aromen","10":"product_cat-fichte","11":"product_cat-holzig","12":"pa_collection-aromatherapy-essential-oils-10ml-de","13":"pa_made-in-oesterreich","14":"pa_size-10ml","16":"first","17":"instock","18":"purchasable","19":"product-type-simple"},"supplier_id":null,"supplier_sku":"EO-68","barcode":null,"atum_controlled":true,"out_stock_date":null,"out_stock_threshold":null,"inheritable":false,"inbound_stock":null,"stock_on_hold":0,"sold_today":0,"sales_last_days":0,"reserved_stock":null,"customer_returns":null,"warehouse_damage":null,"lost_in_post":null,"other_logs":null,"out_stock_days":25,"lost_sales":0,"has_location":null,"update_date":"2026-02-10T16:34:25","atum_locations":[],"atum_stock_status":"instock","restock_status":false,"low_stock_amount":"","sales_update_date":"2026-01-30T01:24:20","calc_backorders":null,"_links":{"self":[{"href":"https:\/\/aromasentia.com\/de\/wp-json\/wp\/v2\/product\/244145","targetHints":{"allow":["GET"]}}],"collection":[{"href":"https:\/\/aromasentia.com\/de\/wp-json\/wp\/v2\/product"}],"about":[{"href":"https:\/\/aromasentia.com\/de\/wp-json\/wp\/v2\/types\/product"}],"replies":[{"embeddable":true,"href":"https:\/\/aromasentia.com\/de\/wp-json\/wp\/v2\/comments?post=244145"}],"version-history":[{"count":0,"href":"https:\/\/aromasentia.com\/de\/wp-json\/wp\/v2\/product\/244145\/revisions"}],"wp:featuredmedia":[{"embeddable":true,"href":"https:\/\/aromasentia.com\/de\/wp-json\/wp\/v2\/media\/261913"}],"wp:attachment":[{"href":"https:\/\/aromasentia.com\/de\/wp-json\/wp\/v2\/media?parent=244145"}],"wp:term":[{"taxonomy":"product_brand","embeddable":true,"href":"https:\/\/aromasentia.com\/de\/wp-json\/wp\/v2\/product_brand?post=244145"},{"taxonomy":"product_cat","embeddable":true,"href":"https:\/\/aromasentia.com\/de\/wp-json\/wp\/v2\/product_cat?post=244145"},{"taxonomy":"product_tag","embeddable":true,"href":"https:\/\/aromasentia.com\/de\/wp-json\/wp\/v2\/product_tag?post=244145"}],"curies":[{"name":"wp","href":"https:\/\/api.w.org\/{rel}","templated":true}]}}