{"id":244125,"date":"2025-03-20T14:52:42","date_gmt":"2025-03-20T14:52:42","guid":{"rendered":"https:\/\/aromasentia.com\/product\/10-ml-melissa-blend-essential-oil\/"},"modified":"2025-12-30T20:44:37","modified_gmt":"2025-12-30T20:44:37","slug":"aetherisches-melissenoel-10ml-mischung","status":"publish","type":"product","link":"https:\/\/aromasentia.com\/de\/aetherisches-melissenoel-10ml-mischung\/","title":{"rendered":"\u00c4therisches Melissen\u00f6l 10ml (Mischung)"},"content":{"rendered":"<p><strong>Lateinischer Name:<\/strong> Keine \u2013 Nat\u00fcrliche Mischung.<br \/><strong>Quelle:<\/strong> Gemischt.<br \/><strong>Extraktionsmethode: <\/strong>N\/A.<\/p>\n<p>Die Melissenmischung ist eine spezielle Mischung aus fraktionierten \u00e4therischen \u00d6len, die das gleiche Duftprofil und die gleichen Eigenschaften wie echte Melisse haben soll, da echte Melisse extrem teuer ist.<\/p>\n<p>Die genaue Rezeptur dieses \u00d6ls ist ein streng geh\u00fctetes Geheimnis, aber die Inhaltsstoffe des \u00d6ls sind wie folgt:<\/p>\n<p>Citral aus Zitronengras<br \/>Zitronen\u00f6l<br \/>D-Limonen aus Orange<br \/>Ho-\u00d6l<br \/>Beta-Caryophyllen aus Nelken\u00f6l.<\/p>\n<p><strong>\u00c4therisches Melissen\u00f6l<\/strong> ist erhebend, revitalisierend und harmonisierend. Es hat eine beruhigende Wirkung auf die Emotionen. Es ist auch erhebend f\u00fcr die Stimmung und ist daf\u00fcr bekannt, die gesunde Verdauung zu optimieren und den Kopf frei zu machen. Es hat ein frisches, s\u00fc\u00dfes, zitroniges Aroma.<\/p>\n","protected":false},"excerpt":{"rendered":"<p>Lateinischer Name: Keine \u2013 Nat\u00fcrliche Mischung.Quelle: Gemischt.Extraktionsmethode: N\/A. Die Melissenmischung ist eine spezielle Mischung aus fraktionierten \u00e4therischen \u00d6len, die das gleiche Duftprofil und die gleichen Eigenschaften wie echte Melisse haben soll, da echte Melisse extrem teuer ist. Die genaue Rezeptur dieses \u00d6ls ist ein streng geh\u00fctetes Geheimnis, aber die Inhaltsstoffe des \u00d6ls sind wie folgt: [&hellip;]<\/p>\n","protected":false},"featured_media":261828,"comment_status":"closed","ping_status":"open","template":"","meta":[],"product_brand":[27090],"product_cat":[16455,23649,26650,25841,26861,26280],"product_tag":[],"class_list":{"0":"post-244125","1":"product","2":"type-product","3":"status-publish","4":"has-post-thumbnail","6":"product_brand-ancient-wisdom","7":"product_cat-aromatherapie-und-raumdufte","8":"product_cat-atherische-ole","9":"product_cat-atherische-olmischungen","10":"product_cat-dufte-aromen","11":"product_cat-krauter-aromatisch","12":"product_cat-melisse-mischung","13":"pa_collection-aromatherapy-essential-oils-10ml-de","14":"pa_made-in-vereinigtes-koenigreich","15":"pa_size-10ml","17":"first","18":"instock","19":"purchasable","20":"product-type-simple"},"supplier_id":null,"supplier_sku":"EO-61","barcode":null,"atum_controlled":true,"out_stock_date":null,"out_stock_threshold":null,"inheritable":false,"inbound_stock":null,"stock_on_hold":0,"sold_today":0,"sales_last_days":0,"reserved_stock":null,"customer_returns":null,"warehouse_damage":null,"lost_in_post":null,"other_logs":null,"out_stock_days":0,"lost_sales":0,"has_location":null,"update_date":"2026-02-11T07:26:01","atum_locations":[],"atum_stock_status":"instock","restock_status":false,"low_stock_amount":"","sales_update_date":"2025-09-03T00:27:50","calc_backorders":null,"_links":{"self":[{"href":"https:\/\/aromasentia.com\/de\/wp-json\/wp\/v2\/product\/244125","targetHints":{"allow":["GET"]}}],"collection":[{"href":"https:\/\/aromasentia.com\/de\/wp-json\/wp\/v2\/product"}],"about":[{"href":"https:\/\/aromasentia.com\/de\/wp-json\/wp\/v2\/types\/product"}],"replies":[{"embeddable":true,"href":"https:\/\/aromasentia.com\/de\/wp-json\/wp\/v2\/comments?post=244125"}],"version-history":[{"count":0,"href":"https:\/\/aromasentia.com\/de\/wp-json\/wp\/v2\/product\/244125\/revisions"}],"wp:featuredmedia":[{"embeddable":true,"href":"https:\/\/aromasentia.com\/de\/wp-json\/wp\/v2\/media\/261828"}],"wp:attachment":[{"href":"https:\/\/aromasentia.com\/de\/wp-json\/wp\/v2\/media?parent=244125"}],"wp:term":[{"taxonomy":"product_brand","embeddable":true,"href":"https:\/\/aromasentia.com\/de\/wp-json\/wp\/v2\/product_brand?post=244125"},{"taxonomy":"product_cat","embeddable":true,"href":"https:\/\/aromasentia.com\/de\/wp-json\/wp\/v2\/product_cat?post=244125"},{"taxonomy":"product_tag","embeddable":true,"href":"https:\/\/aromasentia.com\/de\/wp-json\/wp\/v2\/product_tag?post=244125"}],"curies":[{"name":"wp","href":"https:\/\/api.w.org\/{rel}","templated":true}]}}