{"id":244121,"date":"2025-03-20T14:52:42","date_gmt":"2025-03-20T14:52:42","guid":{"rendered":"https:\/\/aromasentia.com\/product\/10-ml-aniseed-china-star-star-anise\/"},"modified":"2025-12-30T20:44:37","modified_gmt":"2025-12-30T20:44:37","slug":"aetherisches-sternanisoel-10ml","status":"publish","type":"product","link":"https:\/\/aromasentia.com\/de\/aetherisches-sternanisoel-10ml\/","title":{"rendered":"\u00c4therisches Sternanis\u00f6l 10ml"},"content":{"rendered":"<p><strong>Lateinischer Name:<\/strong> Illicium Verum<br \/><strong>Verwendeter Pflanzenteil:<\/strong> Frucht<br \/><strong>Herkunft:<\/strong> China<br \/><strong>Extraktionsmethode:<\/strong> Wasserdampfdestillation<\/p>\n<p><strong>\u00c4therisches Anis\u00f6l<\/strong> wird bei Magenverstimmung, Bl\u00e4hungen, laufender Nase, als Expektorans zur Steigerung von produktivem Husten, als Diuretikum zur Steigerung des Harnflusses und als Appetitanreger verwendet.<\/p>\n<p>Dieses \u00d6l kann rheumatische und arthritische Schmerzen lindern, indem es die Durchblutung anregt und das Schmerzempfinden in den betroffenen Bereichen verringert.<\/p>\n<p>Dieses \u00e4therische \u00d6l hat au\u00dferdem antiseptische Eigenschaften, die Wunden eine wirksame Schutzschicht gegen Infektionen und Sepsis verleihen. Dies unterst\u00fctzt die schnellere Wundheilung.<\/p>\n<p>Die w\u00e4rmende Wirkung dieses \u00d6ls auf die Atemwege und das Kreislaufsystem macht es zu einem St\u00e4rkungsmittel. Diese Eigenschaft hilft bei Erk\u00e4ltungen, Schleimablagerungen und Beschwerden wie Rheuma und Arthritis.<\/p>\n<p>Das \u00e4therische Anis\u00f6l ist giftig f\u00fcr Insekten und Kleintiere, daher h\u00e4lt sein Geruch Insekten fern. Aus diesem Grund kann dieses \u00d6l in Begasungsmitteln, Verdampfern und Sprays zur Insektenvertreibung eingesetzt werden.<\/p>\n","protected":false},"excerpt":{"rendered":"<p>Lateinischer Name: Illicium VerumVerwendeter Pflanzenteil: FruchtHerkunft: ChinaExtraktionsmethode: Wasserdampfdestillation \u00c4therisches Anis\u00f6l wird bei Magenverstimmung, Bl\u00e4hungen, laufender Nase, als Expektorans zur Steigerung von produktivem Husten, als Diuretikum zur Steigerung des Harnflusses und als Appetitanreger verwendet. Dieses \u00d6l kann rheumatische und arthritische Schmerzen lindern, indem es die Durchblutung anregt und das Schmerzempfinden in den betroffenen Bereichen verringert. Dieses [&hellip;]<\/p>\n","protected":false},"featured_media":261811,"comment_status":"closed","ping_status":"open","template":"","meta":{"_angie_page":false},"product_brand":[27090],"product_cat":[16455,23649,25841,26085,26889],"product_tag":[],"class_list":{"0":"post-244121","1":"product","2":"type-product","3":"status-publish","4":"has-post-thumbnail","6":"product_brand-ancient-wisdom","7":"product_cat-aromatherapie-und-raumdufte","8":"product_cat-atherische-ole","9":"product_cat-dufte-aromen","10":"product_cat-sternanis-china-sternanis","11":"product_cat-wurzig","12":"pa_collection-aromatherapy-essential-oils-10ml-de","13":"pa_made-in-china","14":"pa_size-10ml","16":"first","17":"instock","18":"purchasable","19":"product-type-simple"},"supplier_id":null,"supplier_sku":"EO-60","barcode":null,"atum_controlled":true,"out_stock_date":null,"out_stock_threshold":null,"inheritable":false,"inbound_stock":null,"stock_on_hold":0,"sold_today":0,"sales_last_days":0,"reserved_stock":null,"customer_returns":null,"warehouse_damage":null,"lost_in_post":null,"other_logs":null,"out_stock_days":0,"lost_sales":0,"has_location":null,"update_date":"2026-04-27T07:00:50","atum_locations":[],"atum_stock_status":"instock","restock_status":false,"low_stock_amount":"","sales_update_date":"2025-09-03T00:27:50","calc_backorders":null,"_links":{"self":[{"href":"https:\/\/aromasentia.com\/de\/wp-json\/wp\/v2\/product\/244121","targetHints":{"allow":["GET"]}}],"collection":[{"href":"https:\/\/aromasentia.com\/de\/wp-json\/wp\/v2\/product"}],"about":[{"href":"https:\/\/aromasentia.com\/de\/wp-json\/wp\/v2\/types\/product"}],"replies":[{"embeddable":true,"href":"https:\/\/aromasentia.com\/de\/wp-json\/wp\/v2\/comments?post=244121"}],"version-history":[{"count":0,"href":"https:\/\/aromasentia.com\/de\/wp-json\/wp\/v2\/product\/244121\/revisions"}],"wp:featuredmedia":[{"embeddable":true,"href":"https:\/\/aromasentia.com\/de\/wp-json\/wp\/v2\/media\/261811"}],"wp:attachment":[{"href":"https:\/\/aromasentia.com\/de\/wp-json\/wp\/v2\/media?parent=244121"}],"wp:term":[{"taxonomy":"product_brand","embeddable":true,"href":"https:\/\/aromasentia.com\/de\/wp-json\/wp\/v2\/product_brand?post=244121"},{"taxonomy":"product_cat","embeddable":true,"href":"https:\/\/aromasentia.com\/de\/wp-json\/wp\/v2\/product_cat?post=244121"},{"taxonomy":"product_tag","embeddable":true,"href":"https:\/\/aromasentia.com\/de\/wp-json\/wp\/v2\/product_tag?post=244121"}],"curies":[{"name":"wp","href":"https:\/\/api.w.org\/{rel}","templated":true}]}}