{"id":244117,"date":"2025-03-20T14:52:42","date_gmt":"2025-03-20T14:52:42","guid":{"rendered":"https:\/\/aromasentia.com\/product\/10-ml-benzoin-essential-oil-dilute-dpg\/"},"modified":"2025-12-30T20:44:37","modified_gmt":"2025-12-30T20:44:37","slug":"aetherisches-benzoeoel-10ml-in-dipropylenglykol-geloest","status":"publish","type":"product","link":"https:\/\/aromasentia.com\/de\/aetherisches-benzoeoel-10ml-in-dipropylenglykol-geloest\/","title":{"rendered":"\u00c4therisches Benzoe\u00f6l 10ml (in Dipropylenglykol gel\u00f6st)"},"content":{"rendered":"<p><strong>Lateinischer Name:<\/strong> Styrax Benzoin<br \/><strong>Verwendeter Pflanzenteil:<\/strong> Harz<br \/><strong>Herkunft:<\/strong> Philippinen<br \/><strong>Extraktionsmethode:<\/strong> L\u00f6sungsmittelextraktion<\/p>\n<p>Benzoe\u00f6l wirkt entz\u00fcndungshemmend, antioxidativ, antiseptisch und adstringierend. Es wirkt beruhigend, w\u00e4rmend und anregend.<\/p>\n<p><strong>\u00c4therisches Benzoe\u00f6l<\/strong> wird seit der Antike als Weihrauch und auch als Medizin verwendet. Auch heute noch wird es haupts\u00e4chlich in der Parf\u00fcmerie- und Weihrauchindustrie verwendet und ist Bestandteil einiger weltweit bekannter Marken.<\/p>\n<p>Benzoe hat viele Anwendungsgebiete, darunter: Schnittwunden, rissige und gereizte Haut. Es soll auch bei Atemwegsbeschwerden wie Asthma, Bronchitis und Husten hilfreich sein. Benzoe kann auch zur Bek\u00e4mpfung von stressbedingten Problemen und Grippe hilfreich sein.<\/p>\n","protected":false},"excerpt":{"rendered":"<p>Lateinischer Name: Styrax BenzoinVerwendeter Pflanzenteil: HarzHerkunft: PhilippinenExtraktionsmethode: L\u00f6sungsmittelextraktion Benzoe\u00f6l wirkt entz\u00fcndungshemmend, antioxidativ, antiseptisch und adstringierend. Es wirkt beruhigend, w\u00e4rmend und anregend. \u00c4therisches Benzoe\u00f6l wird seit der Antike als Weihrauch und auch als Medizin verwendet. Auch heute noch wird es haupts\u00e4chlich in der Parf\u00fcmerie- und Weihrauchindustrie verwendet und ist Bestandteil einiger weltweit bekannter Marken. Benzoe hat [&hellip;]<\/p>\n","protected":false},"featured_media":261794,"comment_status":"closed","ping_status":"open","template":"","meta":{"_angie_page":false},"product_brand":[27090],"product_cat":[16455,23649,26097,25841,26882],"product_tag":[],"class_list":{"0":"post-244117","1":"product","2":"type-product","3":"status-publish","4":"has-post-thumbnail","6":"product_brand-ancient-wisdom","7":"product_cat-aromatherapie-und-raumdufte","8":"product_cat-atherische-ole","9":"product_cat-benzoe","10":"product_cat-dufte-aromen","11":"product_cat-harzig-balsamisch","12":"pa_collection-aromatherapy-essential-oils-10ml-de","13":"pa_made-in-indonesien","14":"pa_size-10ml","16":"first","17":"instock","18":"purchasable","19":"product-type-simple"},"supplier_id":null,"supplier_sku":"EO-59","barcode":null,"atum_controlled":true,"out_stock_date":null,"out_stock_threshold":null,"inheritable":false,"inbound_stock":null,"stock_on_hold":0,"sold_today":0,"sales_last_days":0,"reserved_stock":null,"customer_returns":null,"warehouse_damage":null,"lost_in_post":null,"other_logs":null,"out_stock_days":0,"lost_sales":0,"has_location":null,"update_date":"2026-04-27T07:00:50","atum_locations":[],"atum_stock_status":"instock","restock_status":false,"low_stock_amount":"","sales_update_date":"2025-09-03T00:27:50","calc_backorders":null,"_links":{"self":[{"href":"https:\/\/aromasentia.com\/de\/wp-json\/wp\/v2\/product\/244117","targetHints":{"allow":["GET"]}}],"collection":[{"href":"https:\/\/aromasentia.com\/de\/wp-json\/wp\/v2\/product"}],"about":[{"href":"https:\/\/aromasentia.com\/de\/wp-json\/wp\/v2\/types\/product"}],"replies":[{"embeddable":true,"href":"https:\/\/aromasentia.com\/de\/wp-json\/wp\/v2\/comments?post=244117"}],"version-history":[{"count":0,"href":"https:\/\/aromasentia.com\/de\/wp-json\/wp\/v2\/product\/244117\/revisions"}],"wp:featuredmedia":[{"embeddable":true,"href":"https:\/\/aromasentia.com\/de\/wp-json\/wp\/v2\/media\/261794"}],"wp:attachment":[{"href":"https:\/\/aromasentia.com\/de\/wp-json\/wp\/v2\/media?parent=244117"}],"wp:term":[{"taxonomy":"product_brand","embeddable":true,"href":"https:\/\/aromasentia.com\/de\/wp-json\/wp\/v2\/product_brand?post=244117"},{"taxonomy":"product_cat","embeddable":true,"href":"https:\/\/aromasentia.com\/de\/wp-json\/wp\/v2\/product_cat?post=244117"},{"taxonomy":"product_tag","embeddable":true,"href":"https:\/\/aromasentia.com\/de\/wp-json\/wp\/v2\/product_tag?post=244117"}],"curies":[{"name":"wp","href":"https:\/\/api.w.org\/{rel}","templated":true}]}}