{"id":244101,"date":"2025-03-20T14:53:15","date_gmt":"2025-03-20T14:53:15","guid":{"rendered":"https:\/\/aromasentia.com\/product\/10ml-bulgarian-lavender-essential-oil\/"},"modified":"2025-12-30T20:44:29","modified_gmt":"2025-12-30T20:44:29","slug":"aetherisches-bulgarisches-lavendeloel-10ml","status":"publish","type":"product","link":"https:\/\/aromasentia.com\/de\/aetherisches-bulgarisches-lavendeloel-10ml\/","title":{"rendered":"\u00c4therisches Bulgarisches Lavendel\u00f6l 10ml"},"content":{"rendered":"<p><strong>Lateinischer Name:&nbsp;<\/strong>Lavandula Angustifolia<br \/><strong>Verwendeter Pflanzenteil:<\/strong> Bl\u00fctenspitzen<br \/><strong>Herkunft:<\/strong> Bulgarien<br \/><strong>Extraktionsmethode:<\/strong> Wasserdampfdestillation<\/p>\n<p><strong>\u00c4therisches bulgarisches Lavendel\u00f6l<\/strong> ist die konzentrierte Fl\u00fcssigkeit mit fl\u00fcchtigen Aromastoffen, die aus der Lavendelpflanze dampfdestilliert wird. Lavendel wird seit Jahrhunderten zur Heilung verschiedener Beschwerden eingesetzt, von kleinen Schnittwunden, Prellungen und Verbrennungen bis hin zu chronischen Krankheiten wie Rheuma, Asthma und Dermatitis. \u00c4therisches Lavendel\u00f6l wird in der Parf\u00fcmindustrie aufgrund seines frischen, s\u00fc\u00dfen und leicht fruchtigen Duftes verwendet. Dieses \u00e4therische \u00d6l wird, wie die meisten anderen, \u00fcblicherweise mit einem Basis- oder Tr\u00e4ger\u00f6l wie S\u00fc\u00dfmandel-, Traubenkern-, Jojoba-, Avocado- und anderen \u00d6len gemischt. Es sei denn, es wird f\u00fcr Ihr Bad verwendet. Dann geben Sie einfach ein paar Tropfen in Ihr Badewasser. Verwenden Sie dieses \u00d6l f\u00fcr einen angenehmen Duft oder f\u00fcr die Aromatherapie mit einer Duftlampe oder einem Verdampfer. In der Aromatherapie wird es h\u00e4ufig zur Bek\u00e4mpfung von Depressionen, Stress und M\u00fcdigkeit eingesetzt. Konsultieren Sie immer einen autorisierten Arzt, wenn Sie \u00e4therisches Lavendel\u00f6l als Heilmittel oder f\u00fcr die Aromatherapie verwenden.<\/p>\n","protected":false},"excerpt":{"rendered":"<p>Lateinischer Name:&nbsp;Lavandula AngustifoliaVerwendeter Pflanzenteil: Bl\u00fctenspitzenHerkunft: BulgarienExtraktionsmethode: Wasserdampfdestillation \u00c4therisches bulgarisches Lavendel\u00f6l ist die konzentrierte Fl\u00fcssigkeit mit fl\u00fcchtigen Aromastoffen, die aus der Lavendelpflanze dampfdestilliert wird. Lavendel wird seit Jahrhunderten zur Heilung verschiedener Beschwerden eingesetzt, von kleinen Schnittwunden, Prellungen und Verbrennungen bis hin zu chronischen Krankheiten wie Rheuma, Asthma und Dermatitis. \u00c4therisches Lavendel\u00f6l wird in der Parf\u00fcmindustrie aufgrund [&hellip;]<\/p>\n","protected":false},"featured_media":262168,"comment_status":"closed","ping_status":"open","template":"","meta":{"_angie_page":false},"product_brand":[27090],"product_cat":[16455,23649,26833,25841,26234],"product_tag":[],"class_list":{"0":"post-244101","1":"product","2":"type-product","3":"status-publish","4":"has-post-thumbnail","6":"product_brand-ancient-wisdom","7":"product_cat-aromatherapie-und-raumdufte","8":"product_cat-atherische-ole","9":"product_cat-blumig","10":"product_cat-dufte-aromen","11":"product_cat-lavendel","12":"pa_collection-aromatherapy-essential-oils-10ml-de","13":"pa_made-in-bulgarien","14":"pa_size-10ml","16":"first","17":"instock","18":"purchasable","19":"product-type-simple"},"supplier_id":null,"supplier_sku":"EO-89","barcode":null,"atum_controlled":true,"out_stock_date":null,"out_stock_threshold":null,"inheritable":false,"inbound_stock":0,"stock_on_hold":0,"sold_today":0,"sales_last_days":0,"reserved_stock":0,"customer_returns":0,"warehouse_damage":0,"lost_in_post":0,"other_logs":0,"out_stock_days":9,"lost_sales":0,"has_location":false,"update_date":"2026-04-27T07:00:59","atum_locations":[],"atum_stock_status":"instock","restock_status":false,"low_stock_amount":"","sales_update_date":"2026-01-30T01:25:00","calc_backorders":null,"_links":{"self":[{"href":"https:\/\/aromasentia.com\/de\/wp-json\/wp\/v2\/product\/244101","targetHints":{"allow":["GET"]}}],"collection":[{"href":"https:\/\/aromasentia.com\/de\/wp-json\/wp\/v2\/product"}],"about":[{"href":"https:\/\/aromasentia.com\/de\/wp-json\/wp\/v2\/types\/product"}],"replies":[{"embeddable":true,"href":"https:\/\/aromasentia.com\/de\/wp-json\/wp\/v2\/comments?post=244101"}],"version-history":[{"count":0,"href":"https:\/\/aromasentia.com\/de\/wp-json\/wp\/v2\/product\/244101\/revisions"}],"wp:featuredmedia":[{"embeddable":true,"href":"https:\/\/aromasentia.com\/de\/wp-json\/wp\/v2\/media\/262168"}],"wp:attachment":[{"href":"https:\/\/aromasentia.com\/de\/wp-json\/wp\/v2\/media?parent=244101"}],"wp:term":[{"taxonomy":"product_brand","embeddable":true,"href":"https:\/\/aromasentia.com\/de\/wp-json\/wp\/v2\/product_brand?post=244101"},{"taxonomy":"product_cat","embeddable":true,"href":"https:\/\/aromasentia.com\/de\/wp-json\/wp\/v2\/product_cat?post=244101"},{"taxonomy":"product_tag","embeddable":true,"href":"https:\/\/aromasentia.com\/de\/wp-json\/wp\/v2\/product_tag?post=244101"}],"curies":[{"name":"wp","href":"https:\/\/api.w.org\/{rel}","templated":true}]}}