{"id":244097,"date":"2025-03-20T14:53:15","date_gmt":"2025-03-20T14:53:15","guid":{"rendered":"https:\/\/aromasentia.com\/product\/10ml-helichrysum-essential-oil\/"},"modified":"2025-12-30T20:44:29","modified_gmt":"2025-12-30T20:44:29","slug":"aetherisches-immortelleoel-10ml","status":"publish","type":"product","link":"https:\/\/aromasentia.com\/de\/aetherisches-immortelleoel-10ml\/","title":{"rendered":"\u00c4therisches Immortelle\u00f6l 10ml"},"content":{"rendered":"<p><strong>Lateinischer Name: <\/strong>Helichrysum Italicum<br \/><strong>Verwendeter Pflanzenteil:<\/strong> Bl\u00fcten<br \/><strong>Herkunft:<\/strong> Italien<br \/><strong>Extraktionsmethode:<\/strong> Wasserdampfdestillation<br \/><strong>Aromatische Beschreibung:<\/strong> Krautig, Honig, Heu<\/p>\n<p><strong>Helichrysum<\/strong> wird h\u00e4ufig verwendet, um Zeichen der Hautalterung vorzubeugen und wird aufgrund seiner verj\u00fcngenden Wirkung auf die Haut und seiner F\u00e4higkeit, den Teint zu verbessern, als \u201eDie ewige Blume\u201c bezeichnet.<\/p>\n<p>Helichrysum italicum ist eine kleine mehrj\u00e4hrige Pflanze mit schmalen, silbernen Bl\u00e4ttern und Bl\u00fcten, die eine Traube goldgelber, kugelf\u00f6rmiger Bl\u00fcten bilden. Der Name \u201eHelichrysum\u201c leitet sich vom griechischen Wort \u201ehelios\u201c f\u00fcr Sonne und \u201echrysos\u201c f\u00fcr Gold ab und bezieht sich auf die Farbe der Bl\u00fcten. Helichrysum wird seit dem antiken Griechenland in der Kr\u00e4uterheilkunde verwendet, und das \u00d6l wird aufgrund seiner vielen gesundheitlichen Vorteile sehr gesch\u00e4tzt und begehrt.<\/p>\n<p>Helichrysum ist vor allem f\u00fcr seine regenerierenden Eigenschaften f\u00fcr die Haut bekannt. Auch als Immerw\u00e4hrende oder Unsterbliche Blume bekannt, wird Helichrysum aufgrund seiner hautverj\u00fcngenden Wirkung in Anti-Aging-Produkten verwendet. Helichrysum kann helfen, das Erscheinungsbild von Hautunreinheiten zu reduzieren und einen strahlenden, jugendlichen Teint zu f\u00f6rdern.<\/p>\n<p><strong>Anwendung<\/strong><\/p>\n<p>Auf das Gesicht auftragen, um F\u00e4ltchen zu reduzieren und einen strahlenden, jugendlichen Teint zu f\u00f6rdern.<\/p>\n<p>F\u00fcr ein wohltuendes Gef\u00fchl in die Schl\u00e4fen und den Nacken einmassieren.<\/p>\n<p><\/p>\n<p><\/p>\n","protected":false},"excerpt":{"rendered":"<p>Lateinischer Name: Helichrysum ItalicumVerwendeter Pflanzenteil: Bl\u00fctenHerkunft: ItalienExtraktionsmethode: WasserdampfdestillationAromatische Beschreibung: Krautig, Honig, Heu Helichrysum wird h\u00e4ufig verwendet, um Zeichen der Hautalterung vorzubeugen und wird aufgrund seiner verj\u00fcngenden Wirkung auf die Haut und seiner F\u00e4higkeit, den Teint zu verbessern, als \u201eDie ewige Blume\u201c bezeichnet. Helichrysum italicum ist eine kleine mehrj\u00e4hrige Pflanze mit schmalen, silbernen Bl\u00e4ttern und Bl\u00fcten, [&hellip;]<\/p>\n","protected":false},"featured_media":262151,"comment_status":"closed","ping_status":"open","template":"","meta":{"_angie_page":false},"product_brand":[27090],"product_cat":[16455,23649,26833,25841,26210],"product_tag":[],"class_list":{"0":"post-244097","1":"product","2":"type-product","3":"status-publish","4":"has-post-thumbnail","6":"product_brand-ancient-wisdom","7":"product_cat-aromatherapie-und-raumdufte","8":"product_cat-atherische-ole","9":"product_cat-blumig","10":"product_cat-dufte-aromen","11":"product_cat-helichrysum-strohblume","12":"pa_collection-aromatherapy-essential-oils-10ml-de","13":"pa_made-in-italien","14":"pa_size-10ml","16":"first","17":"instock","18":"purchasable","19":"product-type-simple"},"supplier_id":null,"supplier_sku":"EO-88","barcode":null,"atum_controlled":true,"out_stock_date":null,"out_stock_threshold":null,"inheritable":false,"inbound_stock":null,"stock_on_hold":0,"sold_today":0,"sales_last_days":0,"reserved_stock":null,"customer_returns":null,"warehouse_damage":null,"lost_in_post":null,"other_logs":null,"out_stock_days":0,"lost_sales":0,"has_location":null,"update_date":"2026-05-08T05:07:22","atum_locations":[],"atum_stock_status":"instock","restock_status":false,"low_stock_amount":"","sales_update_date":"2026-01-20T05:13:42","calc_backorders":null,"_links":{"self":[{"href":"https:\/\/aromasentia.com\/de\/wp-json\/wp\/v2\/product\/244097","targetHints":{"allow":["GET"]}}],"collection":[{"href":"https:\/\/aromasentia.com\/de\/wp-json\/wp\/v2\/product"}],"about":[{"href":"https:\/\/aromasentia.com\/de\/wp-json\/wp\/v2\/types\/product"}],"replies":[{"embeddable":true,"href":"https:\/\/aromasentia.com\/de\/wp-json\/wp\/v2\/comments?post=244097"}],"version-history":[{"count":0,"href":"https:\/\/aromasentia.com\/de\/wp-json\/wp\/v2\/product\/244097\/revisions"}],"wp:featuredmedia":[{"embeddable":true,"href":"https:\/\/aromasentia.com\/de\/wp-json\/wp\/v2\/media\/262151"}],"wp:attachment":[{"href":"https:\/\/aromasentia.com\/de\/wp-json\/wp\/v2\/media?parent=244097"}],"wp:term":[{"taxonomy":"product_brand","embeddable":true,"href":"https:\/\/aromasentia.com\/de\/wp-json\/wp\/v2\/product_brand?post=244097"},{"taxonomy":"product_cat","embeddable":true,"href":"https:\/\/aromasentia.com\/de\/wp-json\/wp\/v2\/product_cat?post=244097"},{"taxonomy":"product_tag","embeddable":true,"href":"https:\/\/aromasentia.com\/de\/wp-json\/wp\/v2\/product_tag?post=244097"}],"curies":[{"name":"wp","href":"https:\/\/api.w.org\/{rel}","templated":true}]}}