{"id":244089,"date":"2025-03-20T14:53:15","date_gmt":"2025-03-20T14:53:15","guid":{"rendered":"https:\/\/aromasentia.com\/product\/10ml-oregano-essential-oil\/"},"modified":"2025-12-30T20:44:29","modified_gmt":"2025-12-30T20:44:29","slug":"aetherisches-oreganooel-10ml","status":"publish","type":"product","link":"https:\/\/aromasentia.com\/de\/aetherisches-oreganooel-10ml\/","title":{"rendered":"\u00c4therisches Oregano\u00f6l 10ml"},"content":{"rendered":"<p><strong>Lateinischer Name:<\/strong> Origanum Vulgare<br \/><strong>Verwendeter Pflanzenteil:<\/strong> Bl\u00e4tter und Bl\u00fcten<br \/><strong>Herkunft:<\/strong> Spanien<br \/><strong>Extraktionsmethode:<\/strong> Wasserdampfdestillation<br \/><strong>Aromatische Beschreibung:<\/strong> Krautig, scharf, gr\u00fcn, kampferartig<\/p>\n<p>Oregano ist eines der wirksamsten und kraftvollsten \u00e4therischen \u00d6le und wird seit Jahrhunderten in der traditionellen Medizin verwendet. Aufgrund des hohen Phenolgehalts ist beim Inhalieren oder Vernebeln von Oregano Vorsicht geboten; es werden nur ein bis zwei Tropfen ben\u00f6tigt.<\/p>\n<p>Zus\u00e4tzlich sollte Oregano vor dem Auftragen auf die Haut mit einem Tr\u00e4ger\u00f6l verd\u00fcnnt werden.<\/p>\n<p><\/p>\n<p><\/p>\n","protected":false},"excerpt":{"rendered":"<p>Lateinischer Name: Origanum VulgareVerwendeter Pflanzenteil: Bl\u00e4tter und Bl\u00fctenHerkunft: SpanienExtraktionsmethode: WasserdampfdestillationAromatische Beschreibung: Krautig, scharf, gr\u00fcn, kampferartig Oregano ist eines der wirksamsten und kraftvollsten \u00e4therischen \u00d6le und wird seit Jahrhunderten in der traditionellen Medizin verwendet. Aufgrund des hohen Phenolgehalts ist beim Inhalieren oder Vernebeln von Oregano Vorsicht geboten; es werden nur ein bis zwei Tropfen ben\u00f6tigt. Zus\u00e4tzlich [&hellip;]<\/p>\n","protected":false},"featured_media":262117,"comment_status":"closed","ping_status":"open","template":"","meta":[],"product_brand":[27090],"product_cat":[16455,23649,25841,26861,26313],"product_tag":[],"class_list":{"0":"post-244089","1":"product","2":"type-product","3":"status-publish","4":"has-post-thumbnail","6":"product_brand-ancient-wisdom","7":"product_cat-aromatherapie-und-raumdufte","8":"product_cat-atherische-ole","9":"product_cat-dufte-aromen","10":"product_cat-krauter-aromatisch","11":"product_cat-oregano","12":"pa_collection-aromatherapy-essential-oils-10ml-de","13":"pa_made-in-spanien","14":"pa_size-10ml","16":"first","17":"instock","18":"purchasable","19":"product-type-simple"},"supplier_id":null,"supplier_sku":"EO-86","barcode":null,"atum_controlled":true,"out_stock_date":null,"out_stock_threshold":null,"inheritable":false,"inbound_stock":null,"stock_on_hold":0,"sold_today":0,"sales_last_days":0,"reserved_stock":null,"customer_returns":null,"warehouse_damage":null,"lost_in_post":null,"other_logs":null,"out_stock_days":0,"lost_sales":0,"has_location":null,"update_date":"2026-02-10T11:25:46","atum_locations":[],"atum_stock_status":"instock","restock_status":false,"low_stock_amount":"","sales_update_date":"2025-09-03T00:27:57","calc_backorders":null,"_links":{"self":[{"href":"https:\/\/aromasentia.com\/de\/wp-json\/wp\/v2\/product\/244089","targetHints":{"allow":["GET"]}}],"collection":[{"href":"https:\/\/aromasentia.com\/de\/wp-json\/wp\/v2\/product"}],"about":[{"href":"https:\/\/aromasentia.com\/de\/wp-json\/wp\/v2\/types\/product"}],"replies":[{"embeddable":true,"href":"https:\/\/aromasentia.com\/de\/wp-json\/wp\/v2\/comments?post=244089"}],"version-history":[{"count":0,"href":"https:\/\/aromasentia.com\/de\/wp-json\/wp\/v2\/product\/244089\/revisions"}],"wp:featuredmedia":[{"embeddable":true,"href":"https:\/\/aromasentia.com\/de\/wp-json\/wp\/v2\/media\/262117"}],"wp:attachment":[{"href":"https:\/\/aromasentia.com\/de\/wp-json\/wp\/v2\/media?parent=244089"}],"wp:term":[{"taxonomy":"product_brand","embeddable":true,"href":"https:\/\/aromasentia.com\/de\/wp-json\/wp\/v2\/product_brand?post=244089"},{"taxonomy":"product_cat","embeddable":true,"href":"https:\/\/aromasentia.com\/de\/wp-json\/wp\/v2\/product_cat?post=244089"},{"taxonomy":"product_tag","embeddable":true,"href":"https:\/\/aromasentia.com\/de\/wp-json\/wp\/v2\/product_tag?post=244089"}],"curies":[{"name":"wp","href":"https:\/\/api.w.org\/{rel}","templated":true}]}}