{"id":244077,"date":"2025-03-20T14:53:15","date_gmt":"2025-03-20T14:53:15","guid":{"rendered":"https:\/\/aromasentia.com\/product\/10-ml-cornmint-essential-oil\/"},"modified":"2025-12-30T20:44:29","modified_gmt":"2025-12-30T20:44:29","slug":"aetherisches-ackerminzoel-10ml","status":"publish","type":"product","link":"https:\/\/aromasentia.com\/de\/aetherisches-ackerminzoel-10ml\/","title":{"rendered":"\u00c4therisches Ackerminz\u00f6l 10ml"},"content":{"rendered":"<p><strong>Lateinischer Name:<\/strong> Mentha Arvensis<br \/><strong>Verwendeter Pflanzenteil:<\/strong> Bl\u00e4tter<br \/><strong>Herkunft:<\/strong> China<br \/><strong>Extraktionsmethode:<\/strong> Wasserdampfdestillation<\/p>\n<p>Ackerminze hat ein breites Spektrum an therapeutischen Anwendungen und ist ein vielseitiges \u00e4therisches \u00d6l. Einige dieser Eigenschaften sind an\u00e4sthetisch, gegen Migr\u00e4ne, krampfl\u00f6send, karminativ, verdauungsf\u00f6rdernd, schleiml\u00f6send, mukolytisch, neurotonisch und stimulierend.<\/p>\n<p>Ackerminze hat vielf\u00e4ltige Verwendungsm\u00f6glichkeiten als antimikrobiell und verdauungsf\u00f6rdernd und wird auch verwendet, um Negativit\u00e4t in einem spirituellen Zweck zu entfernen. Dokumentierte Verwendungen umfassen an\u00e4sthetisch, antiseptisch, krampfl\u00f6send, stimulierend und verdauungsf\u00f6rdernd.<\/p>\n<p><strong>\u00c4therisches Ackerminz\u00f6l<\/strong> ist ein hilfreiches Mittel bei Kopfschmerzen, Verdauungsproblemen, Kreislaufbeschwerden, Halsschmerzen, Erk\u00e4ltungen und \u00dcbelkeit. \u00c4therisches Ackerminz\u00f6l wirkt anregend und aufheiternd.<\/p>\n","protected":false},"excerpt":{"rendered":"<p>Lateinischer Name: Mentha ArvensisVerwendeter Pflanzenteil: Bl\u00e4tterHerkunft: ChinaExtraktionsmethode: Wasserdampfdestillation Ackerminze hat ein breites Spektrum an therapeutischen Anwendungen und ist ein vielseitiges \u00e4therisches \u00d6l. Einige dieser Eigenschaften sind an\u00e4sthetisch, gegen Migr\u00e4ne, krampfl\u00f6send, karminativ, verdauungsf\u00f6rdernd, schleiml\u00f6send, mukolytisch, neurotonisch und stimulierend. Ackerminze hat vielf\u00e4ltige Verwendungsm\u00f6glichkeiten als antimikrobiell und verdauungsf\u00f6rdernd und wird auch verwendet, um Negativit\u00e4t in einem spirituellen Zweck [&hellip;]<\/p>\n","protected":false},"featured_media":262074,"comment_status":"closed","ping_status":"open","template":"","meta":{"_angie_page":false},"product_brand":[27090],"product_cat":[26157,16455,23649,25841,26875],"product_tag":[],"class_list":{"0":"post-244077","1":"product","2":"type-product","3":"status-publish","4":"has-post-thumbnail","6":"product_brand-ancient-wisdom","7":"product_cat-ackerminze","8":"product_cat-aromatherapie-und-raumdufte","9":"product_cat-atherische-ole","10":"product_cat-dufte-aromen","11":"product_cat-minzig","12":"pa_collection-aromatherapy-essential-oils-10ml-de","13":"pa_made-in-china","14":"pa_size-10ml","16":"first","17":"instock","18":"purchasable","19":"product-type-simple"},"supplier_id":null,"supplier_sku":"EO-83","barcode":null,"atum_controlled":true,"out_stock_date":null,"out_stock_threshold":null,"inheritable":false,"inbound_stock":null,"stock_on_hold":0,"sold_today":0,"sales_last_days":0,"reserved_stock":null,"customer_returns":null,"warehouse_damage":null,"lost_in_post":null,"other_logs":null,"out_stock_days":0,"lost_sales":0,"has_location":null,"update_date":"2026-05-08T05:07:22","atum_locations":[],"atum_stock_status":"instock","restock_status":false,"low_stock_amount":"","sales_update_date":"2025-09-03T00:27:57","calc_backorders":null,"_links":{"self":[{"href":"https:\/\/aromasentia.com\/de\/wp-json\/wp\/v2\/product\/244077","targetHints":{"allow":["GET"]}}],"collection":[{"href":"https:\/\/aromasentia.com\/de\/wp-json\/wp\/v2\/product"}],"about":[{"href":"https:\/\/aromasentia.com\/de\/wp-json\/wp\/v2\/types\/product"}],"replies":[{"embeddable":true,"href":"https:\/\/aromasentia.com\/de\/wp-json\/wp\/v2\/comments?post=244077"}],"version-history":[{"count":0,"href":"https:\/\/aromasentia.com\/de\/wp-json\/wp\/v2\/product\/244077\/revisions"}],"wp:featuredmedia":[{"embeddable":true,"href":"https:\/\/aromasentia.com\/de\/wp-json\/wp\/v2\/media\/262074"}],"wp:attachment":[{"href":"https:\/\/aromasentia.com\/de\/wp-json\/wp\/v2\/media?parent=244077"}],"wp:term":[{"taxonomy":"product_brand","embeddable":true,"href":"https:\/\/aromasentia.com\/de\/wp-json\/wp\/v2\/product_brand?post=244077"},{"taxonomy":"product_cat","embeddable":true,"href":"https:\/\/aromasentia.com\/de\/wp-json\/wp\/v2\/product_cat?post=244077"},{"taxonomy":"product_tag","embeddable":true,"href":"https:\/\/aromasentia.com\/de\/wp-json\/wp\/v2\/product_tag?post=244077"}],"curies":[{"name":"wp","href":"https:\/\/api.w.org\/{rel}","templated":true}]}}