{"id":244037,"date":"2025-03-20T14:53:48","date_gmt":"2025-03-20T14:53:48","guid":{"rendered":"https:\/\/aromasentia.com\/product\/myrtle-essential-oil-10ml\/"},"modified":"2025-12-30T20:44:21","modified_gmt":"2025-12-30T20:44:21","slug":"aetherisches-myrtenoel-10ml","status":"publish","type":"product","link":"https:\/\/aromasentia.com\/de\/aetherisches-myrtenoel-10ml\/","title":{"rendered":"\u00c4therisches Myrten\u00f6l 10ml"},"content":{"rendered":"<p><span style=\"color: rgb(75, 80, 88);\"><strong>Lateinischer Name:&nbsp;<\/strong>Myrtus Communis<br style=\"color: rgb(114, 114, 114); font-family: Raleway, sans-serif; font-size: 15px; font-style: normal; font-variant-ligatures: normal; font-variant-caps: normal; font-weight: 400; letter-spacing: normal; waisen: 2; text-align: start; text-indent: 0px; text-transform: none; widows: 2; word-spacing: 0px; -webkit-text-stroke-width: 0px; white-space: normal; background-color: rgb(255, 255, 255); text-decoration-thickness: initial; text-decoration-style: initial; text-decoration-color: initial;\"><strong>Verwendeter Pflanzenteil:<\/strong> Bl\u00e4tter<br style=\"color: rgb(114, 114, 114); font-family: Raleway, sans-serif; font-size: 15px; font-style: normal; font-variant-ligatures: normal; font-variant-caps: normal; font-weight: 400; letter-spacing: normal; orphans: 2; text-align: start; text-indent: 0px; text-transform: none; widows: 2; word-spacing: 0px; -webkit-text-stroke-width: 0px; white-space: normal; background-color: rgb(255, 255, 255); text-decoration-thickness: initial; text-decoration-style: initial; Textdekorationsfarbe: initial;\"><strong>Quelle:<\/strong> Korsika<br style=\"color: rgb(114, 114, 114); Schriftfamilie: Raleway, serifenlos; Schriftgr\u00f6\u00dfe: 15px; Schriftstil: normal; Schriftvariantenligaturen: normal; Schriftvariantengro\u00dfbuchstaben: normal; Schriftst\u00e4rke: 400; Buchstabenabstand: normal; Waisen: 2; Textausrichtung: Start; Texteinzug: 0px; Texttransformation: keine; Hurenkinder: 2; Wortabstand: 0px; -webkit-Textstrichbreite: 0px; Leerzeichen: normal; Hintergrundfarbe: rgb(255, 255, 255); Textdekorationsdicke: initial; Textdekorationsstil: initial; text-decoration-color: initial;\"><strong>Extraktionsmethode: Wasserdampfdestillation<\/strong><\/span><\/p>\n<p><\/p>\n<p><span style=\"color: rgb(75, 80, 88);\">\u00c4therisches Myrten\u00f6l wird aus den Bl\u00e4ttern und Bl\u00fcten der Pflanze Myrtus communis gewonnen. Es wird seit Jahrhunderten wegen seiner vielf\u00e4ltigen therapeutischen Eigenschaften verwendet. Hier sind einige potenzielle Vorteile von \u00e4therischem Myrten\u00f6l:<\/span><\/p>\n<p><span style=\"color: rgb(75, 80, 88);\">Gesundheit der Atemwege: Myrten\u00f6l hat schleiml\u00f6sende und antiseptische Eigenschaften, die es bei Atemwegserkrankungen hilfreich machen. Es kann helfen, die Symptome von Husten, Erk\u00e4ltungen, Bronchitis und Verstopfung zu lindern, indem es Schleim l\u00f6st und die Atmung erleichtert. Passt perfekt zu unserem<\/span><a href=\"https:\/\/aromasentia.com\/aatom\"><span style=\"color: rgb(149, 122, 101);\"><strong>Aroma-Diffusoren.<\/strong><\/span><\/a><\/p>\n<p><span style=\"color: rgb(75, 80, 88);\"><br \/><\/span><\/p>\n<p><span style=\"color: rgb(75, 80, 88);\">Entz\u00fcndungshemmende Wirkung: Myrten\u00f6l enth\u00e4lt Verbindungen mit entz\u00fcndungshemmenden Eigenschaften. Es kann helfen, Entz\u00fcndungen im K\u00f6rper zu reduzieren, was es potenziell n\u00fctzlich bei Erkrankungen wie Arthritis, Gelenkschmerzen und Muskelkater macht.<\/span><\/p>\n<p><span style=\"color: rgb(75, 80, 88);\">Antimikrobielle Eigenschaften: \u00c4therisches Myrten\u00f6l besitzt antimikrobielle Eigenschaften, die im Kampf gegen bestimmte Arten von Bakterien und Pilzen helfen k\u00f6nnen. Es kann \u00e4u\u00dferlich angewendet werden, um Wunden zu reinigen, Infektionen vorzubeugen und die Heilung zu beschleunigen.<\/span><\/p>\n<p><span style=\"color: rgb(75, 80, 88);\">Hautpflege: Myrten\u00f6l wird aufgrund seiner adstringierenden und antiseptischen Eigenschaften h\u00e4ufig in Hautpflegeprodukten verwendet. Es kann helfen, die Talgproduktion zu regulieren, die Poren zu verengen und das Auftreten von Akne, Hautunreinheiten und fettiger Haut zu reduzieren. Es ist auch f\u00fcr sein Potenzial bekannt, die Hautelastizit\u00e4t zu f\u00f6rdern und die Zeichen der Hautalterung zu reduzieren.<\/span><\/p>\n<p><span style=\"color: rgb(75, 80, 88);\">Entspannung und emotionales Wohlbefinden: Der Duft des \u00e4therischen Myrten\u00f6ls hat eine beruhigende und erhebende Wirkung auf K\u00f6rper und Geist. Es wird oft in der Aromatherapie verwendet, um Stress, Angst und nerv\u00f6se Anspannung zu reduzieren. Es kann auch zur Entspannung beitragen, die Schlafqualit\u00e4t verbessern und das allgemeine emotionale Wohlbefinden steigern. Hormonelles Gleichgewicht: Myrten\u00f6l wird traditionell zur Unterst\u00fctzung der hormonellen Gesundheit verwendet. Es kann helfen, den Menstruationszyklus zu regulieren, Menstruationsschmerzen und -beschwerden zu lindern und Wechseljahrsbeschwerden zu lindern.<\/span><\/p>\n<p><strong><span style=\"color: rgb(184, 49, 47);\">Hinweis: Unsere \u00e4therischen \u00d6le sind nicht zur inneren Anwendung geeignet.<\/span><\/strong><\/p>\n<p><\/p>\n","protected":false},"excerpt":{"rendered":"<p>Lateinischer Name:&nbsp;Myrtus CommunisVerwendeter Pflanzenteil: Bl\u00e4tterQuelle: KorsikaExtraktionsmethode: Wasserdampfdestillation \u00c4therisches Myrten\u00f6l wird aus den Bl\u00e4ttern und Bl\u00fcten der Pflanze Myrtus communis gewonnen. Es wird seit Jahrhunderten wegen seiner vielf\u00e4ltigen therapeutischen Eigenschaften verwendet. Hier sind einige potenzielle Vorteile von \u00e4therischem Myrten\u00f6l: Gesundheit der Atemwege: Myrten\u00f6l hat schleiml\u00f6sende und antiseptische Eigenschaften, die es bei Atemwegserkrankungen hilfreich machen. Es kann [&hellip;]<\/p>\n","protected":false},"featured_media":262221,"comment_status":"closed","ping_status":"open","template":"","meta":[],"product_brand":[27090],"product_cat":[16455,23649,25841,26861,26287],"product_tag":[],"class_list":{"0":"post-244037","1":"product","2":"type-product","3":"status-publish","4":"has-post-thumbnail","6":"product_brand-ancient-wisdom","7":"product_cat-aromatherapie-und-raumdufte","8":"product_cat-atherische-ole","9":"product_cat-dufte-aromen","10":"product_cat-krauter-aromatisch","11":"product_cat-myrrhe","12":"pa_collection-aromatherapy-essential-oils-10ml-de","13":"pa_made-in-frankreich","14":"pa_size-10ml","16":"first","17":"instock","18":"purchasable","19":"product-type-simple"},"supplier_id":null,"supplier_sku":"EO-95","barcode":null,"atum_controlled":true,"out_stock_date":null,"out_stock_threshold":null,"inheritable":false,"inbound_stock":null,"stock_on_hold":0,"sold_today":0,"sales_last_days":0,"reserved_stock":null,"customer_returns":null,"warehouse_damage":null,"lost_in_post":null,"other_logs":null,"out_stock_days":0,"lost_sales":0,"has_location":null,"update_date":"2026-02-10T08:28:02","atum_locations":[],"atum_stock_status":"instock","restock_status":false,"low_stock_amount":"","sales_update_date":"2025-09-03T00:27:55","calc_backorders":null,"_links":{"self":[{"href":"https:\/\/aromasentia.com\/de\/wp-json\/wp\/v2\/product\/244037","targetHints":{"allow":["GET"]}}],"collection":[{"href":"https:\/\/aromasentia.com\/de\/wp-json\/wp\/v2\/product"}],"about":[{"href":"https:\/\/aromasentia.com\/de\/wp-json\/wp\/v2\/types\/product"}],"replies":[{"embeddable":true,"href":"https:\/\/aromasentia.com\/de\/wp-json\/wp\/v2\/comments?post=244037"}],"version-history":[{"count":0,"href":"https:\/\/aromasentia.com\/de\/wp-json\/wp\/v2\/product\/244037\/revisions"}],"wp:featuredmedia":[{"embeddable":true,"href":"https:\/\/aromasentia.com\/de\/wp-json\/wp\/v2\/media\/262221"}],"wp:attachment":[{"href":"https:\/\/aromasentia.com\/de\/wp-json\/wp\/v2\/media?parent=244037"}],"wp:term":[{"taxonomy":"product_brand","embeddable":true,"href":"https:\/\/aromasentia.com\/de\/wp-json\/wp\/v2\/product_brand?post=244037"},{"taxonomy":"product_cat","embeddable":true,"href":"https:\/\/aromasentia.com\/de\/wp-json\/wp\/v2\/product_cat?post=244037"},{"taxonomy":"product_tag","embeddable":true,"href":"https:\/\/aromasentia.com\/de\/wp-json\/wp\/v2\/product_tag?post=244037"}],"curies":[{"name":"wp","href":"https:\/\/api.w.org\/{rel}","templated":true}]}}