{"id":243913,"date":"2025-03-20T14:54:19","date_gmt":"2025-03-20T14:54:19","guid":{"rendered":"https:\/\/aromasentia.com\/product\/rose-dilute-0-5kg\/"},"modified":"2025-06-28T21:37:29","modified_gmt":"2025-06-28T21:37:29","slug":"rose-verduennt-aetherisches-oel-500ml","status":"publish","type":"product","link":"https:\/\/aromasentia.com\/de\/rose-verduennt-aetherisches-oel-500ml\/","title":{"rendered":"Rose Verd\u00fcnnt \u00c4therisches \u00d6l 500ml"},"content":{"rendered":"<p>Genie\u00dfen Sie die zeitlose Anziehungskraft der Rose mit diesem 500 ml verd\u00fcnnten \u00e4therischen \u00d6l. Dieses verd\u00fcnnte \u00d6l f\u00e4ngt das herzerfrischende, romantische und wunderbar blumige Aroma frischer Rosen ein und bietet eine sanftere Art, die kostbare Essenz zu erleben. Es eignet sich perfekt f\u00fcr die Parf\u00fcmerie, die Hautpflege oder zum Verteilen, um eine Atmosph\u00e4re der Liebe, des Friedens und des emotionalen Wohlbefindens zu schaffen, es beruhigt den Geist und pflegt die Haut. Seine ausgleichenden und harmonisierenden Eigenschaften machen ihn zu einer gesch\u00e4tzten Erg\u00e4nzung jeder Aromatherapiesammlung und bringen einen Hauch von Luxus und Gelassenheit in Ihre t\u00e4glichen Rituale.<\/p>\n","protected":false},"excerpt":{"rendered":"<p>Genie\u00dfen Sie die zeitlose Anziehungskraft der Rose mit diesem 500 ml verd\u00fcnnten \u00e4therischen \u00d6l. Dieses verd\u00fcnnte \u00d6l f\u00e4ngt das herzerfrischende, romantische und wunderbar blumige Aroma frischer Rosen ein und bietet eine sanftere Art, die kostbare Essenz zu erleben. Es eignet sich perfekt f\u00fcr die Parf\u00fcmerie, die Hautpflege oder zum Verteilen, um eine Atmosph\u00e4re der Liebe, [&hellip;]<\/p>\n","protected":false},"featured_media":262631,"comment_status":"closed","ping_status":"open","template":"","meta":{"_angie_page":false},"product_brand":[27090],"product_cat":[16455,26833,25841,26370],"product_tag":[],"class_list":{"0":"post-243913","1":"product","2":"type-product","3":"status-publish","4":"has-post-thumbnail","6":"product_brand-ancient-wisdom","7":"product_cat-aromatherapie-und-raumdufte","8":"product_cat-blumig","9":"product_cat-dufte-aromen","10":"product_cat-rosen","11":"pa_collection-0-5kg-bulk-essential-oils-de","12":"pa_made-in-marokko","13":"pa_size-500ml","15":"first","16":"instock","17":"purchasable","18":"product-type-simple"},"supplier_id":null,"supplier_sku":"EOB-41","barcode":null,"atum_controlled":true,"out_stock_date":null,"out_stock_threshold":null,"inheritable":false,"inbound_stock":null,"stock_on_hold":0,"sold_today":0,"sales_last_days":0,"reserved_stock":null,"customer_returns":null,"warehouse_damage":null,"lost_in_post":null,"other_logs":null,"out_stock_days":0,"lost_sales":0,"has_location":null,"update_date":"2026-05-08T05:08:27","atum_locations":[],"atum_stock_status":"instock","restock_status":false,"low_stock_amount":"","sales_update_date":"2026-01-30T01:24:39","calc_backorders":null,"_links":{"self":[{"href":"https:\/\/aromasentia.com\/de\/wp-json\/wp\/v2\/product\/243913","targetHints":{"allow":["GET"]}}],"collection":[{"href":"https:\/\/aromasentia.com\/de\/wp-json\/wp\/v2\/product"}],"about":[{"href":"https:\/\/aromasentia.com\/de\/wp-json\/wp\/v2\/types\/product"}],"replies":[{"embeddable":true,"href":"https:\/\/aromasentia.com\/de\/wp-json\/wp\/v2\/comments?post=243913"}],"version-history":[{"count":0,"href":"https:\/\/aromasentia.com\/de\/wp-json\/wp\/v2\/product\/243913\/revisions"}],"wp:featuredmedia":[{"embeddable":true,"href":"https:\/\/aromasentia.com\/de\/wp-json\/wp\/v2\/media\/262631"}],"wp:attachment":[{"href":"https:\/\/aromasentia.com\/de\/wp-json\/wp\/v2\/media?parent=243913"}],"wp:term":[{"taxonomy":"product_brand","embeddable":true,"href":"https:\/\/aromasentia.com\/de\/wp-json\/wp\/v2\/product_brand?post=243913"},{"taxonomy":"product_cat","embeddable":true,"href":"https:\/\/aromasentia.com\/de\/wp-json\/wp\/v2\/product_cat?post=243913"},{"taxonomy":"product_tag","embeddable":true,"href":"https:\/\/aromasentia.com\/de\/wp-json\/wp\/v2\/product_tag?post=243913"}],"curies":[{"name":"wp","href":"https:\/\/api.w.org\/{rel}","templated":true}]}}