{"id":243793,"date":"2025-03-20T14:54:52","date_gmt":"2025-03-20T14:54:52","guid":{"rendered":"https:\/\/aromasentia.com\/product\/100ml-essential-oil-mist-ylang-ylang-mandarin\/"},"modified":"2025-12-30T20:44:21","modified_gmt":"2025-12-30T20:44:21","slug":"100ml-raumsprays-mit-aetherischen-oelen-ylang-ylang-mandarine","status":"publish","type":"product","link":"https:\/\/aromasentia.com\/de\/100ml-raumsprays-mit-aetherischen-oelen-ylang-ylang-mandarine\/","title":{"rendered":"100ml Raumsprays mit \u00e4therischen \u00d6len &#8211; Ylang Ylang &#038; Mandarine"},"content":{"rendered":"<p><strong>Reine \u00e4therische \u00d6le aus Ylang Ylang und Mandarine<\/strong> sind in diesen zarten Aromatherapie-Nebel eingearbeitet, um ein Gef\u00fchl der Gelassenheit zu f\u00f6rdern, wann immer es ben\u00f6tigt wird.&nbsp;<\/p>\n<p>Ideal, um Ihre Stimmung zu verbessern und ein Gef\u00fchl der Entspannung und Gelassenheit zu jeder Tages- und Nachtzeit zu f\u00f6rdern.<\/p>\n<p>Zum Entspannen spr\u00fchen Sie den Nebel \u00fcber den Kopf oder direkt auf die Bettw\u00e4sche, um einen besseren Schlaf zu f\u00f6rdern.<\/p>\n<p><strong>Hauptbestandteile:<\/strong><\/p>\n<p>\u00c4therisches Ylang-Ylang-\u00d6l<\/p>\n<p>Der entspannende Duft des Blumenaromas hilft, das Selbstvertrauen und das Gleichgewicht im Geist wiederherzustellen, au\u00dferdem hebt dieses \u00e4therische \u00d6l die Stimmung.<\/p>\n<p>\u00c4therisches Mandarinen\u00f6l<\/p>\n<p>Der Duft dieses \u00e4therischen \u00d6ls hilft, geistige Ersch\u00f6pfung zu lindern und die Stimmung zu heben. \u00c4therisches Mandarinen\u00f6l f\u00f6rdert ein Gef\u00fchl der Leichtigkeit im Leben und f\u00f6rdert die Kreativit\u00e4t.<\/p>\n<p><strong>Yorkshire Water:<\/strong><\/p>\n<p>Es spendet nicht nur Feuchtigkeit und schmeckt hervorragend als Trinkwasser, sondern f\u00f6rdert auch die Gesundheit und Sch\u00f6nheit der Haut. Wir glauben, dass dieses Wasser eine wichtige Zutat in Yorkshire Tea ist und sich ebenso perfekt f\u00fcr die Ancient Wisdom Aromatherapy Mists eignet.<\/p>\n<p><strong>Hamamelis:<\/strong><\/p>\n<p>Hamamelis wird anstelle von Alkohol hinzugef\u00fcgt, um eine bessere Verdunstung im Raum und in der Bettw\u00e4sche zu gew\u00e4hrleisten. Es ist ein adstringierendes Mittel, das oft als nat\u00fcrliches topisches Heilmittel verwendet wird. Es enth\u00e4lt mehrere Verbindungen mit starken entz\u00fcndungshemmenden und antiviralen Eigenschaften.<\/p>\n","protected":false},"excerpt":{"rendered":"<p>Reine \u00e4therische \u00d6le aus Ylang Ylang und Mandarine sind in diesen zarten Aromatherapie-Nebel eingearbeitet, um ein Gef\u00fchl der Gelassenheit zu f\u00f6rdern, wann immer es ben\u00f6tigt wird.&nbsp; Ideal, um Ihre Stimmung zu verbessern und ein Gef\u00fchl der Entspannung und Gelassenheit zu jeder Tages- und Nachtzeit zu f\u00f6rdern. Zum Entspannen spr\u00fchen Sie den Nebel \u00fcber den Kopf [&hellip;]<\/p>\n","protected":false},"featured_media":263199,"comment_status":"closed","ping_status":"open","template":"","meta":{"_angie_page":false},"product_brand":[27090],"product_cat":[16455,23649,26833,25841,26263,26444],"product_tag":[],"class_list":{"0":"post-243793","1":"product","2":"type-product","3":"status-publish","4":"has-post-thumbnail","6":"product_brand-ancient-wisdom","7":"product_cat-aromatherapie-und-raumdufte","8":"product_cat-atherische-ole","9":"product_cat-blumig","10":"product_cat-dufte-aromen","11":"product_cat-mandarine","12":"product_cat-ylang-ylang","13":"pa_collection-essential-oil-mists-100ml-de","14":"pa_made-in-vereinigtes-koenigreich","15":"pa_size-100ml","17":"first","18":"instock","19":"purchasable","20":"product-type-simple"},"supplier_id":null,"supplier_sku":"EOM-02","barcode":null,"atum_controlled":true,"out_stock_date":null,"out_stock_threshold":null,"inheritable":false,"inbound_stock":0,"stock_on_hold":0,"sold_today":0,"sales_last_days":0,"reserved_stock":0,"customer_returns":0,"warehouse_damage":0,"lost_in_post":0,"other_logs":0,"out_stock_days":0,"lost_sales":0,"has_location":false,"update_date":"2026-05-08T05:08:28","atum_locations":[],"atum_stock_status":"instock","restock_status":false,"low_stock_amount":"","sales_update_date":"2026-02-06T00:01:42","calc_backorders":null,"_links":{"self":[{"href":"https:\/\/aromasentia.com\/de\/wp-json\/wp\/v2\/product\/243793","targetHints":{"allow":["GET"]}}],"collection":[{"href":"https:\/\/aromasentia.com\/de\/wp-json\/wp\/v2\/product"}],"about":[{"href":"https:\/\/aromasentia.com\/de\/wp-json\/wp\/v2\/types\/product"}],"replies":[{"embeddable":true,"href":"https:\/\/aromasentia.com\/de\/wp-json\/wp\/v2\/comments?post=243793"}],"version-history":[{"count":0,"href":"https:\/\/aromasentia.com\/de\/wp-json\/wp\/v2\/product\/243793\/revisions"}],"wp:featuredmedia":[{"embeddable":true,"href":"https:\/\/aromasentia.com\/de\/wp-json\/wp\/v2\/media\/263199"}],"wp:attachment":[{"href":"https:\/\/aromasentia.com\/de\/wp-json\/wp\/v2\/media?parent=243793"}],"wp:term":[{"taxonomy":"product_brand","embeddable":true,"href":"https:\/\/aromasentia.com\/de\/wp-json\/wp\/v2\/product_brand?post=243793"},{"taxonomy":"product_cat","embeddable":true,"href":"https:\/\/aromasentia.com\/de\/wp-json\/wp\/v2\/product_cat?post=243793"},{"taxonomy":"product_tag","embeddable":true,"href":"https:\/\/aromasentia.com\/de\/wp-json\/wp\/v2\/product_tag?post=243793"}],"curies":[{"name":"wp","href":"https:\/\/api.w.org\/{rel}","templated":true}]}}