{"id":243781,"date":"2025-03-20T14:54:52","date_gmt":"2025-03-20T14:54:52","guid":{"rendered":"https:\/\/aromasentia.com\/product\/palo-santo-oil-0-5kg\/"},"modified":"2025-06-28T21:36:58","modified_gmt":"2025-06-28T21:36:58","slug":"palo-santo-oel-aetherisches-oel-500ml","status":"publish","type":"product","link":"https:\/\/aromasentia.com\/de\/palo-santo-oel-aetherisches-oel-500ml\/","title":{"rendered":"Palo Santo \u00d6l \u00c4therisches \u00d6l 500ml"},"content":{"rendered":"<p><span style=\"color: rgb(75, 80, 88);\">Palo santo (Bursera graveolens) comes from the same botanical family as frankincense. It is mostly found in South America.<\/span><\/p>\n<p><span style=\"color: rgb(75, 80, 88);\">Palo Santo literally means &#39;holy wood&#39; and is, just as White Sage, originated from the native Indians in South America. Centuries ago they already used it during ceremonies to clear the aura and to heal from negative influences.&nbsp;<\/span><\/p>\n<p><span style=\"color: rgb(75, 80, 88);\">Palo Santo is known as a spiritual oil, traditionally used by the Incas to purify and cleanse the spirit from negative energies.<\/span><\/p>\n<p><span style=\"color: rgb(75, 80, 88);\">The fragrance can be described as a warm, wooden and lightly aroma with a sweet touch that sometimes slip trough. In comparison with white sage (that is also used for the same purpose), Palo Santo gives off a very mild odor.<\/span><\/p>\n<p><span style=\"color: rgb(141, 186, 216);\"><strong>NB: Our Essential Oils are not suitable for internal use.<\/strong><\/span><\/p>\n","protected":false},"excerpt":{"rendered":"<p>Palo santo (Bursera graveolens) comes from the same botanical family as frankincense. It is mostly found in South America. Palo Santo literally means &#39;holy wood&#39; and is, just as White Sage, originated from the native Indians in South America. Centuries ago they already used it during ceremonies to clear the aura and to heal from [&hellip;]<\/p>\n","protected":false},"featured_media":263116,"comment_status":"closed","ping_status":"open","template":"","meta":[],"product_brand":[27090],"product_cat":[16455,23649,25841,26896,26323],"product_tag":[],"class_list":{"0":"post-243781","1":"product","2":"type-product","3":"status-publish","4":"has-post-thumbnail","6":"product_brand-ancient-wisdom","7":"product_cat-aromatherapie-und-raumdufte","8":"product_cat-atherische-ole","9":"product_cat-dufte-aromen","10":"product_cat-holzig","11":"product_cat-palo-santo-scents-aromas","12":"pa_collection-0-5kg-bulk-essential-oils-de","13":"pa_made-in-peru","14":"pa_size-500ml","16":"first","17":"outofstock","18":"purchasable","19":"product-type-simple"},"supplier_id":null,"supplier_sku":"EOB-96","barcode":null,"atum_controlled":true,"out_stock_date":"2025-10-09 15:10:50","out_stock_threshold":null,"inheritable":false,"inbound_stock":0,"stock_on_hold":0,"sold_today":0,"sales_last_days":0,"reserved_stock":0,"customer_returns":0,"warehouse_damage":0,"lost_in_post":0,"other_logs":0,"out_stock_days":112,"lost_sales":0,"has_location":false,"update_date":"2026-01-30T01:25:21","atum_locations":[],"atum_stock_status":"outofstock","restock_status":false,"low_stock_amount":"","sales_update_date":"2026-01-30T01:25:21","calc_backorders":null,"_links":{"self":[{"href":"https:\/\/aromasentia.com\/de\/wp-json\/wp\/v2\/product\/243781","targetHints":{"allow":["GET"]}}],"collection":[{"href":"https:\/\/aromasentia.com\/de\/wp-json\/wp\/v2\/product"}],"about":[{"href":"https:\/\/aromasentia.com\/de\/wp-json\/wp\/v2\/types\/product"}],"replies":[{"embeddable":true,"href":"https:\/\/aromasentia.com\/de\/wp-json\/wp\/v2\/comments?post=243781"}],"version-history":[{"count":0,"href":"https:\/\/aromasentia.com\/de\/wp-json\/wp\/v2\/product\/243781\/revisions"}],"wp:featuredmedia":[{"embeddable":true,"href":"https:\/\/aromasentia.com\/de\/wp-json\/wp\/v2\/media\/263116"}],"wp:attachment":[{"href":"https:\/\/aromasentia.com\/de\/wp-json\/wp\/v2\/media?parent=243781"}],"wp:term":[{"taxonomy":"product_brand","embeddable":true,"href":"https:\/\/aromasentia.com\/de\/wp-json\/wp\/v2\/product_brand?post=243781"},{"taxonomy":"product_cat","embeddable":true,"href":"https:\/\/aromasentia.com\/de\/wp-json\/wp\/v2\/product_cat?post=243781"},{"taxonomy":"product_tag","embeddable":true,"href":"https:\/\/aromasentia.com\/de\/wp-json\/wp\/v2\/product_tag?post=243781"}],"curies":[{"name":"wp","href":"https:\/\/api.w.org\/{rel}","templated":true}]}}