{"id":243745,"date":"2025-03-20T14:55:32","date_gmt":"2025-03-20T14:55:32","guid":{"rendered":"https:\/\/aromasentia.com\/product\/10x-10ml-eucalyptus-essential-oil-unlabelled\/"},"modified":"2025-12-30T20:44:21","modified_gmt":"2025-12-30T20:44:21","slug":"eukalyptus-aetherisches-oel-ohne-etiketten","status":"publish","type":"product","link":"https:\/\/aromasentia.com\/de\/eukalyptus-aetherisches-oel-ohne-etiketten\/","title":{"rendered":"Eukalyptus \u00c4therisches \u00d6l Ohne Etiketten"},"content":{"rendered":"<p>Lateinischer Name : Eukalyptus Globulus.<br \/>\nVerwendeter Teil der Pflanze : Bl\u00e4tter und Zweige<br \/>\nQuelle : China.<br \/>\nExtraktionsmethode : Wasserdampfdestillation.<\/p>\n<p>\u00c4therisches Eukalyptus\u00f6l ist eine konzentrierte Fl\u00fcssigkeit, die fl\u00fcchtige Aromastoffe des Eukalyptus Globulus Baumes enth\u00e4lt. Es wird in der Regel destilliert, manchmal auch ausgepresst oder durch L\u00f6sungsmittel extrahiert. \u00c4therisches Eukalyptus\u00f6l gilt als antibakteriell, desinfizierend und schmerzlindernd. Es wurde zur Linderung von Husten, Erk\u00e4ltungen und anderen Atemwegsbeschwerden verwendet. Es lindert Muskel- und Gelenkschmerzen und hilft bei der Heilung von Wunden, Verbrennungen, Geschw\u00fcren und Insektenstichen. In der Aromatherapie wird Eukalyptus nachgesagt, dass er Aktivit\u00e4t, Vitalit\u00e4t und Energie f\u00f6rdert.<br \/>\n<br \/>\nBei Atemwegsbeschwerden k\u00f6nnen einige Tropfen dieses \u00d6ls auf ein Tuch gegeben und eine halbe Minute lang durch den Mund eingeatmet und durch die Nase ausgeatmet werden. Es wird direkt auf Wunden, Hautausschl\u00e4ge und Insektenstiche aufgetragen. Geben Sie ein paar Tropfen in Ihr Badewasser, um sich belebt und erfrischt zu f\u00fchlen. Legen Sie Ihre wunden F\u00fc\u00dfe in ein Becken mit warmem Wasser und 4-5 Tropfen dieses \u00d6ls, um Linderung zu erfahren. Ein paar Tropfen dieses \u00d6ls in einem Diffusor sollen Keime und Bakterien in der Luft abt\u00f6ten &#8211; eine gute Idee f\u00fcr ein Krankenzimmer.<br \/>\nDas \u00e4therische Eukalyptus\u00f6l ist nur f\u00fcr die \u00e4u\u00dferliche Anwendung bestimmt; konsultieren Sie immer einen zugelassenen Arzt, wenn Sie es als Heilmittel verwenden.<br \/>\n<br \/>\n\u00c4therische \u00d6le haben schon im Altertum in \u00c4gypten, China und anderen Teilen der Welt eine Rolle bei der Heilung gespielt. Sie gelten als die \u00e4lteste Form der Medizin und Kosmetik, da sie aus Pflanzen destilliert werden, ohne komplizierte Verfahren oder Maschinen, aber dennoch eine Kunst. Wegen ihrer heilenden und aromatischen Eigenschaften galten sie den alten Menschen als wertvoller als Gold.<\/p>\n","protected":false},"excerpt":{"rendered":"<p>Lateinischer Name : Eukalyptus Globulus. Verwendeter Teil der Pflanze : Bl\u00e4tter und Zweige Quelle : China. Extraktionsmethode : Wasserdampfdestillation. \u00c4therisches Eukalyptus\u00f6l ist eine konzentrierte Fl\u00fcssigkeit, die fl\u00fcchtige Aromastoffe des Eukalyptus Globulus Baumes enth\u00e4lt. Es wird in der Regel destilliert, manchmal auch ausgepresst oder durch L\u00f6sungsmittel extrahiert. \u00c4therisches Eukalyptus\u00f6l gilt als antibakteriell, desinfizierend und schmerzlindernd. Es [&hellip;]<\/p>\n","protected":false},"featured_media":263765,"comment_status":"closed","ping_status":"open","template":"","meta":{"_angie_page":false},"product_brand":[27090],"product_cat":[16455,25841,26177,26868],"product_tag":[],"class_list":{"0":"post-243745","1":"product","2":"type-product","3":"status-publish","4":"has-post-thumbnail","6":"product_brand-ancient-wisdom","7":"product_cat-aromatherapie-und-raumdufte","8":"product_cat-dufte-aromen","9":"product_cat-eukalyptus","10":"product_cat-medizinisch-kampferartig","11":"pa_collection-gifts-unbranded-essential-oils-de","12":"pa_made-in-china","13":"pa_size-10ml","15":"first","16":"instock","17":"purchasable","18":"product-type-simple"},"supplier_id":null,"supplier_sku":"EOUL-03","barcode":null,"atum_controlled":true,"out_stock_date":null,"out_stock_threshold":null,"inheritable":false,"inbound_stock":null,"stock_on_hold":0,"sold_today":0,"sales_last_days":0,"reserved_stock":null,"customer_returns":null,"warehouse_damage":null,"lost_in_post":null,"other_logs":null,"out_stock_days":0,"lost_sales":0,"has_location":null,"update_date":"2026-04-27T07:01:40","atum_locations":[],"atum_stock_status":"instock","restock_status":false,"low_stock_amount":"","sales_update_date":"2025-09-05T00:16:30","calc_backorders":null,"_links":{"self":[{"href":"https:\/\/aromasentia.com\/de\/wp-json\/wp\/v2\/product\/243745","targetHints":{"allow":["GET"]}}],"collection":[{"href":"https:\/\/aromasentia.com\/de\/wp-json\/wp\/v2\/product"}],"about":[{"href":"https:\/\/aromasentia.com\/de\/wp-json\/wp\/v2\/types\/product"}],"replies":[{"embeddable":true,"href":"https:\/\/aromasentia.com\/de\/wp-json\/wp\/v2\/comments?post=243745"}],"version-history":[{"count":0,"href":"https:\/\/aromasentia.com\/de\/wp-json\/wp\/v2\/product\/243745\/revisions"}],"wp:featuredmedia":[{"embeddable":true,"href":"https:\/\/aromasentia.com\/de\/wp-json\/wp\/v2\/media\/263765"}],"wp:attachment":[{"href":"https:\/\/aromasentia.com\/de\/wp-json\/wp\/v2\/media?parent=243745"}],"wp:term":[{"taxonomy":"product_brand","embeddable":true,"href":"https:\/\/aromasentia.com\/de\/wp-json\/wp\/v2\/product_brand?post=243745"},{"taxonomy":"product_cat","embeddable":true,"href":"https:\/\/aromasentia.com\/de\/wp-json\/wp\/v2\/product_cat?post=243745"},{"taxonomy":"product_tag","embeddable":true,"href":"https:\/\/aromasentia.com\/de\/wp-json\/wp\/v2\/product_tag?post=243745"}],"curies":[{"name":"wp","href":"https:\/\/api.w.org\/{rel}","templated":true}]}}