{"id":243729,"date":"2025-03-20T14:55:32","date_gmt":"2025-03-20T14:55:32","guid":{"rendered":"https:\/\/aromasentia.com\/product\/aromatherapy-essential-oil-set-summer\/"},"modified":"2025-06-28T21:36:45","modified_gmt":"2025-06-28T21:36:45","slug":"aromatherapie-aetherisches-oel-set-summer","status":"publish","type":"product","link":"https:\/\/aromasentia.com\/de\/aromatherapie-aetherisches-oel-set-summer\/","title":{"rendered":"Aromatherapie \u00c4therisches \u00d6l Set &#8211; Summer"},"content":{"rendered":"<p><span style=\"color: rgb(75, 80, 88);\"><strong>Erleben Sie das bezaubernde Ancient Wisdom Aromatherapy Essential Oil Set \u2013 Summer<\/strong>, ein wunderbares Angebot sowohl f\u00fcr die heimischen vier W\u00e4nde als auch f\u00fcr die innere Ruhe.&nbsp;<\/span><\/p>\n<p><span style=\"color: rgb(75, 80, 88);\">Dieses sorgf\u00e4ltig zusammengestellte Sortiment umfasst 12 \u00e4therische \u00d6le in 5-ml-Flaschen, erg\u00e4nzt durch 2 praktische Tropfer. Unsere fachm\u00e4nnisch zusammengestellte Kollektion vereint nahtlos blumige, minzige, holzige, w\u00fcrzige und kr\u00e4uterige Aromen und sorgt f\u00fcr eine Sinnesreise, die den Geist belebt und erhebt.<\/span><\/p>\n<p><span style=\"color: rgb(75, 80, 88);\">&#8211; 100 % rein<\/span><\/p>\n<p><span style=\"color: rgb(75, 80, 88);\">&#8211; Handgefertigt<\/span><\/p>\n<p><span style=\"color: rgb(75, 80, 88);\">&#8211; Veganfreundlich<\/span><\/p>\n<p><span style=\"color: rgb(75, 80, 88);\">&#8211; Tierversuchsfrei<\/span><\/p>\n<p><span style=\"color: rgb(75, 80, 88);\">&nbsp;<\/span><\/p>\n<p><span style=\"color: rgb(75, 80, 88);\"><strong>Was ist in der Box?<\/strong><\/span><\/p>\n<p><span style=\"color: rgb(75, 80, 88);\">&#8211; 5 ml \u00e4therisches Karottensamen\u00f6l<\/span><\/p>\n<p><span style=\"color: rgb(75, 80, 88);\">&#8211; 5 ml \u00e4therisches Citronella\u00f6l<\/span><\/p>\n<p><span style=\"color: rgb(75, 80, 88);\">&#8211; 5 ml \u00e4therisches Zypressen\u00f6l<\/span><\/p>\n<p><span style=\"color: rgb(75, 80, 88);\">&#8211; 5 ml \u00e4therisches Grapefruit\u00f6l<\/span><\/p>\n<p><span style=\"color: rgb(75, 80, 88);\">&#8211; 5 ml \u00e4therisches Zitronen\u00f6l<\/span><\/p>\n<p><span style=\"color: rgb(75, 80, 88);\">&#8211; 5 ml \u00e4therisches Limetten\u00f6l<\/span><\/p>\n<p><span style=\"color: rgb(75, 80, 88);\">&#8211; 5 ml \u00e4therisches Zitronengras\u00f6l<\/span><\/p>\n<p><span style=\"color: rgb(75, 80, 88);\">&#8211; 5 ml \u00e4therisches Orangen\u00f6l<\/span><\/p>\n<p><span style=\"color: rgb(75, 80, 88);\">&#8211; 5 ml \u00e4therisches Ackerminz\u00f6l<\/span><\/p>\n<p><span style=\"color: rgb(75, 80, 88);\">&#8211; 5 ml \u00e4therisches Krauseminz\u00f6l<\/span><\/p>\n<p><span style=\"color: rgb(75, 80, 88);\">&#8211; 5 ml \u00e4therisches Mandarinen\u00f6l<\/span><\/p>\n<p><span style=\"color: rgb(75, 80, 88);\">&#8211; 5 ml \u00e4therisches Palmarosa\u00f6l<\/span><\/p>\n<p><span style=\"color: rgb(75, 80, 88);\">&#8211; 2x Tropfer<\/span><\/p>\n<p><span style=\"color: rgb(75, 80, 88);\"><br \/><\/span><\/p>\n<p><span style=\"color: rgb(75, 80, 88);\"><strong>Abgef\u00fcllt und verpackt in Sheffield (UK)<\/strong><\/span><\/p>\n","protected":false},"excerpt":{"rendered":"<p>Erleben Sie das bezaubernde Ancient Wisdom Aromatherapy Essential Oil Set \u2013 Summer, ein wunderbares Angebot sowohl f\u00fcr die heimischen vier W\u00e4nde als auch f\u00fcr die innere Ruhe.&nbsp; Dieses sorgf\u00e4ltig zusammengestellte Sortiment umfasst 12 \u00e4therische \u00d6le in 5-ml-Flaschen, erg\u00e4nzt durch 2 praktische Tropfer. Unsere fachm\u00e4nnisch zusammengestellte Kollektion vereint nahtlos blumige, minzige, holzige, w\u00fcrzige und kr\u00e4uterige Aromen [&hellip;]<\/p>\n","protected":false},"featured_media":263681,"comment_status":"closed","ping_status":"open","template":"","meta":{"_angie_page":false},"product_brand":[27090],"product_cat":[16455,23649],"product_tag":[],"class_list":{"0":"post-243729","1":"product","2":"type-product","3":"status-publish","4":"has-post-thumbnail","6":"product_brand-ancient-wisdom","7":"product_cat-aromatherapie-und-raumdufte","8":"product_cat-atherische-ole","9":"pa_collection-aromatherapy-essential-oil-set-starter-pack-de","10":"pa_made-in-italien","12":"first","13":"instock","14":"purchasable","15":"product-type-simple"},"supplier_id":null,"supplier_sku":"EOSET-05","barcode":null,"atum_controlled":true,"out_stock_date":null,"out_stock_threshold":null,"inheritable":false,"inbound_stock":null,"stock_on_hold":0,"sold_today":0,"sales_last_days":0,"reserved_stock":null,"customer_returns":null,"warehouse_damage":null,"lost_in_post":null,"other_logs":null,"out_stock_days":0,"lost_sales":0,"has_location":null,"update_date":"2026-04-27T07:01:40","atum_locations":[],"atum_stock_status":"instock","restock_status":false,"low_stock_amount":"","sales_update_date":"2025-09-05T00:16:27","calc_backorders":null,"_links":{"self":[{"href":"https:\/\/aromasentia.com\/de\/wp-json\/wp\/v2\/product\/243729","targetHints":{"allow":["GET"]}}],"collection":[{"href":"https:\/\/aromasentia.com\/de\/wp-json\/wp\/v2\/product"}],"about":[{"href":"https:\/\/aromasentia.com\/de\/wp-json\/wp\/v2\/types\/product"}],"replies":[{"embeddable":true,"href":"https:\/\/aromasentia.com\/de\/wp-json\/wp\/v2\/comments?post=243729"}],"version-history":[{"count":0,"href":"https:\/\/aromasentia.com\/de\/wp-json\/wp\/v2\/product\/243729\/revisions"}],"wp:featuredmedia":[{"embeddable":true,"href":"https:\/\/aromasentia.com\/de\/wp-json\/wp\/v2\/media\/263681"}],"wp:attachment":[{"href":"https:\/\/aromasentia.com\/de\/wp-json\/wp\/v2\/media?parent=243729"}],"wp:term":[{"taxonomy":"product_brand","embeddable":true,"href":"https:\/\/aromasentia.com\/de\/wp-json\/wp\/v2\/product_brand?post=243729"},{"taxonomy":"product_cat","embeddable":true,"href":"https:\/\/aromasentia.com\/de\/wp-json\/wp\/v2\/product_cat?post=243729"},{"taxonomy":"product_tag","embeddable":true,"href":"https:\/\/aromasentia.com\/de\/wp-json\/wp\/v2\/product_tag?post=243729"}],"curies":[{"name":"wp","href":"https:\/\/api.w.org\/{rel}","templated":true}]}}