{"id":243713,"date":"2025-03-20T14:55:32","date_gmt":"2025-03-20T14:55:32","guid":{"rendered":"https:\/\/aromasentia.com\/product\/100ml-essential-oil-mist-thyme-mint\/"},"modified":"2025-12-30T20:44:13","modified_gmt":"2025-12-30T20:44:13","slug":"100ml-raumsprays-mit-aetherischen-oelen-thymian-minze","status":"publish","type":"product","link":"https:\/\/aromasentia.com\/de\/100ml-raumsprays-mit-aetherischen-oelen-thymian-minze\/","title":{"rendered":"100ml Raumsprays mit \u00e4therischen \u00d6len &#8211; Thymian &#038; Minze"},"content":{"rendered":"<p><strong>Reine &nbsp;\u00e4therische \u00d6le aus Thymian und Minze<\/strong> sind in diesen zarten Aromatherapie-Nebel eingearbeitet, um ein Gef\u00fchl der Gelassenheit zu f\u00f6rdern, wann immer es n\u00f6tig ist.<\/p>\n<p>Ideal, um Ihre Stimmung zu verbessern und ein Gef\u00fchl der Entspannung und Gelassenheit zu jeder Tages- und Nachtzeit zu f\u00f6rdern.<\/p>\n<p>Zum Entspannen spr\u00fchen Sie den Nebel \u00fcber den Kopf oder direkt auf die Bettw\u00e4sche, um einen besseren Schlaf zu f\u00f6rdern.<\/p>\n<p><strong>Hauptbestandteile:<\/strong><\/p>\n<p>\u00c4therisches Thymian\u00f6l: &nbsp;<\/p>\n<p>F\u00fchlen Sie sich mitten am Tag geistig tr\u00e4ge? Geben Sie zur Abwechslung \u00e4therisches Thymian\u00f6l zu Ihrer bevorzugten Tagesdiffusormischung hinzu, um Ihre Gedanken in Schwung zu bringen. Thymian\u00f6l hat ein anregendes Aroma und f\u00f6rdert die Wachheit, wenn Sie es Ihrer Lieblings-Diffusormischung f\u00fcr den Mittag hinzuf\u00fcgen.&nbsp;<\/p>\n<p><strong>\u00c4therisches Minz\u00f6l:<\/strong><\/p>\n<p>Sind Sie niedergeschlagen? Versuchen Sie es mit etwas Minz\u00f6l, um Ihren Tag aufzuhellen. Minz\u00f6l enth\u00e4lt chemische Komponenten wie Carvon und Limonen. Diese organischen Bestandteile haben energetisierende und aufmunternde Eigenschaften.<\/p>\n<p><strong>Yorkshire Water:<\/strong><\/p>\n<p>Es spendet nicht nur Feuchtigkeit und schmeckt als Trinkwasser hervorragend, sondern f\u00f6rdert auch die Gesundheit und Sch\u00f6nheit der Haut. Wir glauben, dass dieses Wasser eine wichtige Zutat in Yorkshire Tea ist und sich ebenso perfekt f\u00fcr die Aromatherapie-Spr\u00fchnebel von Ancient Wisdom eignet.<\/p>\n<p><strong>Hamamelis:<\/strong><\/p>\n<p>Hamamelis wird anstelle von Alkohol hinzugef\u00fcgt, um eine bessere Verdunstung im Raum und der Bettw\u00e4sche zu gew\u00e4hrleisten. Es ist ein Adstringens, das oft als nat\u00fcrliches topisches Heilmittel verwendet wird. Es enth\u00e4lt mehrere Verbindungen mit starken entz\u00fcndungshemmenden und antiviralen Eigenschaften.<\/p>\n","protected":false},"excerpt":{"rendered":"<p>Reine &nbsp;\u00e4therische \u00d6le aus Thymian und Minze sind in diesen zarten Aromatherapie-Nebel eingearbeitet, um ein Gef\u00fchl der Gelassenheit zu f\u00f6rdern, wann immer es n\u00f6tig ist. Ideal, um Ihre Stimmung zu verbessern und ein Gef\u00fchl der Entspannung und Gelassenheit zu jeder Tages- und Nachtzeit zu f\u00f6rdern. Zum Entspannen spr\u00fchen Sie den Nebel \u00fcber den Kopf oder [&hellip;]<\/p>\n","protected":false},"featured_media":263541,"comment_status":"closed","ping_status":"open","template":"","meta":{"_angie_page":false},"product_brand":[27090],"product_cat":[16455,23649,25841,26861,26361],"product_tag":[],"class_list":{"0":"post-243713","1":"product","2":"type-product","3":"status-publish","4":"has-post-thumbnail","6":"product_brand-ancient-wisdom","7":"product_cat-aromatherapie-und-raumdufte","8":"product_cat-atherische-ole","9":"product_cat-dufte-aromen","10":"product_cat-krauter-aromatisch","11":"product_cat-roter-thymian","12":"pa_collection-essential-oil-mists-100ml-de","13":"pa_made-in-vereinigtes-koenigreich","14":"pa_size-100ml","16":"first","17":"instock","18":"purchasable","19":"product-type-simple"},"supplier_id":null,"supplier_sku":"EOM-08","barcode":null,"atum_controlled":true,"out_stock_date":null,"out_stock_threshold":null,"inheritable":false,"inbound_stock":0,"stock_on_hold":0,"sold_today":0,"sales_last_days":0,"reserved_stock":0,"customer_returns":0,"warehouse_damage":0,"lost_in_post":0,"other_logs":0,"out_stock_days":0,"lost_sales":0,"has_location":false,"update_date":"2026-04-27T07:01:32","atum_locations":[],"atum_stock_status":"instock","restock_status":false,"low_stock_amount":"","sales_update_date":"2026-02-06T00:01:51","calc_backorders":null,"_links":{"self":[{"href":"https:\/\/aromasentia.com\/de\/wp-json\/wp\/v2\/product\/243713","targetHints":{"allow":["GET"]}}],"collection":[{"href":"https:\/\/aromasentia.com\/de\/wp-json\/wp\/v2\/product"}],"about":[{"href":"https:\/\/aromasentia.com\/de\/wp-json\/wp\/v2\/types\/product"}],"replies":[{"embeddable":true,"href":"https:\/\/aromasentia.com\/de\/wp-json\/wp\/v2\/comments?post=243713"}],"version-history":[{"count":0,"href":"https:\/\/aromasentia.com\/de\/wp-json\/wp\/v2\/product\/243713\/revisions"}],"wp:featuredmedia":[{"embeddable":true,"href":"https:\/\/aromasentia.com\/de\/wp-json\/wp\/v2\/media\/263541"}],"wp:attachment":[{"href":"https:\/\/aromasentia.com\/de\/wp-json\/wp\/v2\/media?parent=243713"}],"wp:term":[{"taxonomy":"product_brand","embeddable":true,"href":"https:\/\/aromasentia.com\/de\/wp-json\/wp\/v2\/product_brand?post=243713"},{"taxonomy":"product_cat","embeddable":true,"href":"https:\/\/aromasentia.com\/de\/wp-json\/wp\/v2\/product_cat?post=243713"},{"taxonomy":"product_tag","embeddable":true,"href":"https:\/\/aromasentia.com\/de\/wp-json\/wp\/v2\/product_tag?post=243713"}],"curies":[{"name":"wp","href":"https:\/\/api.w.org\/{rel}","templated":true}]}}