{"id":243709,"date":"2025-03-20T14:55:32","date_gmt":"2025-03-20T14:55:32","guid":{"rendered":"https:\/\/aromasentia.com\/product\/100ml-essential-oil-mist-graperfruit-and-rosemary\/"},"modified":"2025-12-30T20:44:13","modified_gmt":"2025-12-30T20:44:13","slug":"100ml-raumsprays-mit-aetherischen-oelen-graperfruit-rosemarin","status":"publish","type":"product","link":"https:\/\/aromasentia.com\/de\/100ml-raumsprays-mit-aetherischen-oelen-graperfruit-rosemarin\/","title":{"rendered":"100ml Raumsprays mit \u00e4therischen \u00d6len &#8211; Graperfruit &#038; Rosemarin"},"content":{"rendered":"<p><strong>Reine &nbsp;\u00e4therische \u00d6le aus Grapefruit und Rosmarin<\/strong> sind in diesen zarten Aromatherapie-Nebel eingearbeitet, um ein Gef\u00fchl der Gelassenheit zu f\u00f6rdern, wann immer es ben\u00f6tigt wird.&nbsp;<\/p>\n<p>Ideal, um Ihre Stimmung zu verbessern und ein Gef\u00fchl der Entspannung und Gelassenheit zu jeder Tages- und Nachtzeit zu f\u00f6rdern.<\/p>\n<p>Zum Entspannen spr\u00fchen Sie den Nebel \u00fcber den Kopf oder direkt auf die Bettw\u00e4sche, um einen besseren Schlaf zu f\u00f6rdern.<\/p>\n<p><strong>Hauptbestandteile:<\/strong><\/p>\n<p>\u00c4therisches Grapefruit\u00f6l: &nbsp;<\/p>\n<p>Der Geruch von Grapefruit ist erhebend, beruhigend und kl\u00e4rend. Es ist bekannt daf\u00fcr, Stress abzubauen und Gef\u00fchle von Frieden und Entspannung hervorzurufen.<\/p>\n<p>Forschungsergebnisse deuten darauf hin, dass das Inhalieren von Grapefruit\u00f6l oder dessen Verwendung f\u00fcr die Aromatherapie zu Hause Entspannungsreaktionen im Gehirn ausl\u00f6sen kann.<\/p>\n<p><strong>\u00c4therisches Rosmarin\u00f6l:<\/strong><\/p>\n<p>Hilft, Stress und nerv\u00f6se Anspannung abzubauen, die geistige Aktivit\u00e4t zu steigern, Klarheit und Einsicht zu f\u00f6rdern, M\u00fcdigkeit zu lindern und die Atemfunktion zu unterst\u00fctzen. Es wird verwendet, um die Aufmerksamkeit zu verbessern, negative Stimmungen zu beseitigen und die Informationsaufnahme durch Verbesserung der Konzentration zu verbessern.<\/p>\n<p><strong>Yorkshire Water:<\/strong><\/p>\n<p>Es spendet nicht nur Feuchtigkeit und schmeckt hervorragend als Trinkwasser, sondern f\u00f6rdert auch die Gesundheit und Sch\u00f6nheit der Haut. Wir glauben, dass dieses Wasser eine wichtige Zutat in Yorkshire Tea ist und sich ebenso perfekt f\u00fcr die Ancient Wisdom Aromatherapy Mists eignet.<\/p>\n<p><strong>Hamamelis:<\/strong><\/p>\n<p>Hamamelis wird anstelle von Alkohol f\u00fcr eine optimale Verdunstung im Raum und in der Bettw\u00e4sche verwendet. Sie ist ein adstringierendes Mittel, das oft als nat\u00fcrliches, topisches Heilmittel verwendet wird. Sie enth\u00e4lt mehrere Verbindungen mit starken entz\u00fcndungshemmenden und antiviralen Eigenschaften.<\/p>\n","protected":false},"excerpt":{"rendered":"<p>Reine &nbsp;\u00e4therische \u00d6le aus Grapefruit und Rosmarin sind in diesen zarten Aromatherapie-Nebel eingearbeitet, um ein Gef\u00fchl der Gelassenheit zu f\u00f6rdern, wann immer es ben\u00f6tigt wird.&nbsp; Ideal, um Ihre Stimmung zu verbessern und ein Gef\u00fchl der Entspannung und Gelassenheit zu jeder Tages- und Nachtzeit zu f\u00f6rdern. Zum Entspannen spr\u00fchen Sie den Nebel \u00fcber den Kopf oder [&hellip;]<\/p>\n","protected":false},"featured_media":263484,"comment_status":"closed","ping_status":"open","template":"","meta":[],"product_brand":[27090],"product_cat":[16455,23649,25841,26861,26374],"product_tag":[],"class_list":{"0":"post-243709","1":"product","2":"type-product","3":"status-publish","4":"has-post-thumbnail","6":"product_brand-ancient-wisdom","7":"product_cat-aromatherapie-und-raumdufte","8":"product_cat-atherische-ole","9":"product_cat-dufte-aromen","10":"product_cat-krauter-aromatisch","11":"product_cat-rosmarin","12":"pa_collection-essential-oil-mists-100ml-de","13":"pa_made-in-vereinigtes-koenigreich","14":"pa_size-100ml","16":"first","17":"instock","18":"purchasable","19":"product-type-simple"},"supplier_id":null,"supplier_sku":"EOM-07","barcode":null,"atum_controlled":true,"out_stock_date":null,"out_stock_threshold":null,"inheritable":false,"inbound_stock":0,"stock_on_hold":0,"sold_today":0,"sales_last_days":0,"reserved_stock":0,"customer_returns":0,"warehouse_damage":0,"lost_in_post":0,"other_logs":0,"out_stock_days":0,"lost_sales":0,"has_location":false,"update_date":"2026-02-10T10:29:48","atum_locations":[],"atum_stock_status":"instock","restock_status":false,"low_stock_amount":"","sales_update_date":"2025-09-05T00:16:25","calc_backorders":null,"_links":{"self":[{"href":"https:\/\/aromasentia.com\/de\/wp-json\/wp\/v2\/product\/243709","targetHints":{"allow":["GET"]}}],"collection":[{"href":"https:\/\/aromasentia.com\/de\/wp-json\/wp\/v2\/product"}],"about":[{"href":"https:\/\/aromasentia.com\/de\/wp-json\/wp\/v2\/types\/product"}],"replies":[{"embeddable":true,"href":"https:\/\/aromasentia.com\/de\/wp-json\/wp\/v2\/comments?post=243709"}],"version-history":[{"count":0,"href":"https:\/\/aromasentia.com\/de\/wp-json\/wp\/v2\/product\/243709\/revisions"}],"wp:featuredmedia":[{"embeddable":true,"href":"https:\/\/aromasentia.com\/de\/wp-json\/wp\/v2\/media\/263484"}],"wp:attachment":[{"href":"https:\/\/aromasentia.com\/de\/wp-json\/wp\/v2\/media?parent=243709"}],"wp:term":[{"taxonomy":"product_brand","embeddable":true,"href":"https:\/\/aromasentia.com\/de\/wp-json\/wp\/v2\/product_brand?post=243709"},{"taxonomy":"product_cat","embeddable":true,"href":"https:\/\/aromasentia.com\/de\/wp-json\/wp\/v2\/product_cat?post=243709"},{"taxonomy":"product_tag","embeddable":true,"href":"https:\/\/aromasentia.com\/de\/wp-json\/wp\/v2\/product_tag?post=243709"}],"curies":[{"name":"wp","href":"https:\/\/api.w.org\/{rel}","templated":true}]}}