{"id":243701,"date":"2025-03-20T14:55:32","date_gmt":"2025-03-20T14:55:32","guid":{"rendered":"https:\/\/aromasentia.com\/product\/100ml-essential-oil-mist-lavender-fennel\/"},"modified":"2025-12-30T20:44:13","modified_gmt":"2025-12-30T20:44:13","slug":"100ml-raumsprays-mit-aetherischen-oelen-lavendel-fenchel","status":"publish","type":"product","link":"https:\/\/aromasentia.com\/de\/100ml-raumsprays-mit-aetherischen-oelen-lavendel-fenchel\/","title":{"rendered":"100ml Raumsprays mit \u00e4therischen \u00d6len &#8211; Lavendel &#038; Fenchel"},"content":{"rendered":"<p><strong>Reines \u00e4therisches \u00d6l aus Lavendel und Fenchel<\/strong> ist in diesen zarten Aromatherapie-Nebel eingearbeitet, um ein Gef\u00fchl der Gelassenheit zu f\u00f6rdern, wann immer es ben\u00f6tigt wird.<\/p>\n<p>Ideal, um Ihre Stimmung zu verbessern und ein Gef\u00fchl der Entspannung und Gelassenheit zu jeder Tages- und Nachtzeit zu f\u00f6rdern.<\/p>\n<p>Zum Entspannen spr\u00fchen Sie den Nebel \u00fcber den Kopf oder direkt auf die Bettw\u00e4sche, um einen besseren Schlaf zu f\u00f6rdern.<\/p>\n<p><strong>Hauptbestandteile:<\/strong><\/p>\n<p>Lavendel<\/p>\n<p>So wie \u00e4therisches Lavendel\u00f6l helfen kann, \u00c4ngste zu vertreiben, kann es auch ein Mittel sein, Stress abzubauen. Wenn Sie sich nach einem besonders stressigen Tag im B\u00fcro aufgedreht f\u00fchlen, kann das Einatmen des entspannenden Duftes von Lavendel\u00f6l K\u00f6rper und Geist beruhigen.<\/p>\n<p>Fenchel<\/p>\n<p>Das Vernebeln von \u00e4therischem Fenchel\u00f6l kann Ihnen helfen, die Konzentration zu gewinnen, die Sie brauchen, um produktiv zu sein. Um das belebende Aroma von Fenchel\u00f6l zu nutzen, vernebeln Sie es in Ihrem Zuhause oder B\u00fcro, um einen produktiven Tag zu f\u00f6rdern.<\/p>\n<p><strong>Yorkshire Water:<\/strong><\/p>\n<p>Es spendet nicht nur Feuchtigkeit und schmeckt als Trinkwasser hervorragend, sondern f\u00f6rdert auch die Gesundheit und Sch\u00f6nheit der Haut. Wir glauben, dass dieses Wasser eine wichtige Zutat in Yorkshire Tea ist und sich ebenso perfekt f\u00fcr die Ancient Wisdom Aromatherapy Mists eignet.<\/p>\n<p><strong>Hamamelis:<\/strong><\/p>\n<p>Hamamelis wird anstelle von Alkohol hinzugef\u00fcgt, um eine bessere Verdunstung im Raum und der Bettw\u00e4sche zu gew\u00e4hrleisten. Es ist ein Adstringens, das oft als nat\u00fcrliches topisches Heilmittel verwendet wird. Es enth\u00e4lt mehrere Verbindungen mit starken entz\u00fcndungshemmenden und antiviralen Eigenschaften.<\/p>\n","protected":false},"excerpt":{"rendered":"<p>Reines \u00e4therisches \u00d6l aus Lavendel und Fenchel ist in diesen zarten Aromatherapie-Nebel eingearbeitet, um ein Gef\u00fchl der Gelassenheit zu f\u00f6rdern, wann immer es ben\u00f6tigt wird. Ideal, um Ihre Stimmung zu verbessern und ein Gef\u00fchl der Entspannung und Gelassenheit zu jeder Tages- und Nachtzeit zu f\u00f6rdern. Zum Entspannen spr\u00fchen Sie den Nebel \u00fcber den Kopf oder [&hellip;]<\/p>\n","protected":false},"featured_media":263370,"comment_status":"closed","ping_status":"open","template":"","meta":{"_angie_page":false},"product_brand":[27090],"product_cat":[16455,23649,26833,25841,26184,26861,26234],"product_tag":[],"class_list":{"0":"post-243701","1":"product","2":"type-product","3":"status-publish","4":"has-post-thumbnail","6":"product_brand-ancient-wisdom","7":"product_cat-aromatherapie-und-raumdufte","8":"product_cat-atherische-ole","9":"product_cat-blumig","10":"product_cat-dufte-aromen","11":"product_cat-fenchel","12":"product_cat-krauter-aromatisch","13":"product_cat-lavendel","14":"pa_collection-essential-oil-mists-100ml-de","15":"pa_made-in-vereinigtes-koenigreich","16":"pa_size-100ml","18":"first","19":"instock","20":"purchasable","21":"product-type-simple"},"supplier_id":null,"supplier_sku":"EOM-05","barcode":null,"atum_controlled":true,"out_stock_date":null,"out_stock_threshold":null,"inheritable":false,"inbound_stock":0,"stock_on_hold":0,"sold_today":0,"sales_last_days":0,"reserved_stock":0,"customer_returns":0,"warehouse_damage":0,"lost_in_post":0,"other_logs":0,"out_stock_days":0,"lost_sales":0,"has_location":false,"update_date":"2026-05-08T05:08:28","atum_locations":[],"atum_stock_status":"instock","restock_status":false,"low_stock_amount":"","sales_update_date":"2026-02-06T00:01:49","calc_backorders":null,"_links":{"self":[{"href":"https:\/\/aromasentia.com\/de\/wp-json\/wp\/v2\/product\/243701","targetHints":{"allow":["GET"]}}],"collection":[{"href":"https:\/\/aromasentia.com\/de\/wp-json\/wp\/v2\/product"}],"about":[{"href":"https:\/\/aromasentia.com\/de\/wp-json\/wp\/v2\/types\/product"}],"replies":[{"embeddable":true,"href":"https:\/\/aromasentia.com\/de\/wp-json\/wp\/v2\/comments?post=243701"}],"version-history":[{"count":0,"href":"https:\/\/aromasentia.com\/de\/wp-json\/wp\/v2\/product\/243701\/revisions"}],"wp:featuredmedia":[{"embeddable":true,"href":"https:\/\/aromasentia.com\/de\/wp-json\/wp\/v2\/media\/263370"}],"wp:attachment":[{"href":"https:\/\/aromasentia.com\/de\/wp-json\/wp\/v2\/media?parent=243701"}],"wp:term":[{"taxonomy":"product_brand","embeddable":true,"href":"https:\/\/aromasentia.com\/de\/wp-json\/wp\/v2\/product_brand?post=243701"},{"taxonomy":"product_cat","embeddable":true,"href":"https:\/\/aromasentia.com\/de\/wp-json\/wp\/v2\/product_cat?post=243701"},{"taxonomy":"product_tag","embeddable":true,"href":"https:\/\/aromasentia.com\/de\/wp-json\/wp\/v2\/product_tag?post=243701"}],"curies":[{"name":"wp","href":"https:\/\/api.w.org\/{rel}","templated":true}]}}