{"id":243693,"date":"2025-03-20T14:56:50","date_gmt":"2025-03-20T14:56:50","guid":{"rendered":"https:\/\/aromasentia.com\/product\/10x-10ml-fennel-essential-oil-unlabelled\/"},"modified":"2025-12-30T20:44:13","modified_gmt":"2025-12-30T20:44:13","slug":"fenchel-aetherische-oele-ohne-etiketten-in-der-10er-box","status":"publish","type":"product","link":"https:\/\/aromasentia.com\/de\/fenchel-aetherische-oele-ohne-etiketten-in-der-10er-box\/","title":{"rendered":"Fenchel \u00c4therische \u00d6le (Ohne Etiketten) in der 10er-Box"},"content":{"rendered":"<p>Finden Sie verdauungsf\u00f6rderndes Wohlbefinden und Klarheit mit diesem unbeschrifteten 10er-Pack mit 10 ml \u00e4therischem Fenchel\u00f6l. S\u00fc\u00dfes Fenchel\u00f6l hat ein unverwechselbares s\u00fc\u00dfes, erdiges und anisartiges Aroma, das traditionell zur Unterst\u00fctzung einer gesunden Verdauung, zur Linderung von Bl\u00e4hungen und zur Reduzierung von Beschwerden verwendet wird. Es ist auch f\u00fcr seine ausgleichenden und reinigenden Eigenschaften bekannt. In der Aromatherapie kann sein Duft kl\u00e4rend und beruhigend wirken. Ein einzigartiges und unterst\u00fctzendes \u00d6l f\u00fcr alle, die eine nat\u00fcrliche Verdauungshilfe und einen Hauch von lakritzartiger S\u00fc\u00dfe in ihren Aromamischungen suchen, bereit f\u00fcr Ihr Branding.<\/p>\n","protected":false},"excerpt":{"rendered":"<p>Finden Sie verdauungsf\u00f6rderndes Wohlbefinden und Klarheit mit diesem unbeschrifteten 10er-Pack mit 10 ml \u00e4therischem Fenchel\u00f6l. S\u00fc\u00dfes Fenchel\u00f6l hat ein unverwechselbares s\u00fc\u00dfes, erdiges und anisartiges Aroma, das traditionell zur Unterst\u00fctzung einer gesunden Verdauung, zur Linderung von Bl\u00e4hungen und zur Reduzierung von Beschwerden verwendet wird. Es ist auch f\u00fcr seine ausgleichenden und reinigenden Eigenschaften bekannt. In der [&hellip;]<\/p>\n","protected":false},"featured_media":263882,"comment_status":"closed","ping_status":"open","template":"","meta":{"_angie_page":false},"product_brand":[27090],"product_cat":[16455,23649,25841,26184,26861],"product_tag":[],"class_list":{"0":"post-243693","1":"product","2":"type-product","3":"status-publish","4":"has-post-thumbnail","6":"product_brand-ancient-wisdom","7":"product_cat-aromatherapie-und-raumdufte","8":"product_cat-atherische-ole","9":"product_cat-dufte-aromen","10":"product_cat-fenchel","11":"product_cat-krauter-aromatisch","12":"pa_collection-gifts-unbranded-essential-oils-de","13":"pa_made-in-ukraine","14":"pa_size-10ml","16":"first","17":"instock","18":"purchasable","19":"product-type-simple"},"supplier_id":null,"supplier_sku":"EOUL-16","barcode":null,"atum_controlled":true,"out_stock_date":null,"out_stock_threshold":null,"inheritable":false,"inbound_stock":null,"stock_on_hold":0,"sold_today":0,"sales_last_days":0,"reserved_stock":null,"customer_returns":null,"warehouse_damage":null,"lost_in_post":null,"other_logs":null,"out_stock_days":9,"lost_sales":0,"has_location":null,"update_date":"2026-04-27T07:01:47","atum_locations":[],"atum_stock_status":"instock","restock_status":false,"low_stock_amount":"","sales_update_date":"2026-01-30T01:24:57","calc_backorders":null,"_links":{"self":[{"href":"https:\/\/aromasentia.com\/de\/wp-json\/wp\/v2\/product\/243693","targetHints":{"allow":["GET"]}}],"collection":[{"href":"https:\/\/aromasentia.com\/de\/wp-json\/wp\/v2\/product"}],"about":[{"href":"https:\/\/aromasentia.com\/de\/wp-json\/wp\/v2\/types\/product"}],"replies":[{"embeddable":true,"href":"https:\/\/aromasentia.com\/de\/wp-json\/wp\/v2\/comments?post=243693"}],"version-history":[{"count":0,"href":"https:\/\/aromasentia.com\/de\/wp-json\/wp\/v2\/product\/243693\/revisions"}],"wp:featuredmedia":[{"embeddable":true,"href":"https:\/\/aromasentia.com\/de\/wp-json\/wp\/v2\/media\/263882"}],"wp:attachment":[{"href":"https:\/\/aromasentia.com\/de\/wp-json\/wp\/v2\/media?parent=243693"}],"wp:term":[{"taxonomy":"product_brand","embeddable":true,"href":"https:\/\/aromasentia.com\/de\/wp-json\/wp\/v2\/product_brand?post=243693"},{"taxonomy":"product_cat","embeddable":true,"href":"https:\/\/aromasentia.com\/de\/wp-json\/wp\/v2\/product_cat?post=243693"},{"taxonomy":"product_tag","embeddable":true,"href":"https:\/\/aromasentia.com\/de\/wp-json\/wp\/v2\/product_tag?post=243693"}],"curies":[{"name":"wp","href":"https:\/\/api.w.org\/{rel}","templated":true}]}}