{"id":243689,"date":"2025-03-20T14:56:50","date_gmt":"2025-03-20T14:56:50","guid":{"rendered":"https:\/\/aromasentia.com\/product\/10x-10ml-blackpepper-essential-oil-unlabelled\/"},"modified":"2025-12-30T20:44:13","modified_gmt":"2025-12-30T20:44:13","slug":"schwarzer-pfeffer-aetherische-oele-ohne-etiketten-in-der-10er-box","status":"publish","type":"product","link":"https:\/\/aromasentia.com\/de\/schwarzer-pfeffer-aetherische-oele-ohne-etiketten-in-der-10er-box\/","title":{"rendered":"Schwarzer Pfeffer \u00c4therische \u00d6le (Ohne Etiketten) in der 10er-Box"},"content":{"rendered":"<p>Beleben und stimulieren Sie sich mit diesem unbeschrifteten 10er-Pack mit 10 ml \u00e4therischem Blackpepper-\u00d6l. Mit seinem scharfen, w\u00fcrzigen und w\u00e4rmenden Aroma ist Blackpepper-\u00d6l bekannt f\u00fcr seine F\u00e4higkeit, den Geist zu beleben, die Durchblutung zu verbessern und Muskelschmerzen zu lindern. Es kann anregend wirken, wenn es zerst\u00e4ubt wird, und wird wegen seiner w\u00e4rmenden und schmerzlindernden Eigenschaften h\u00e4ufig in Massagemischungen verwendet. Ein starkes und feuriges \u00d6l, das Aromatherapie-Mischungen einen besonderen Kick verleiht, perfekt f\u00fcr alle, die eine nat\u00fcrliche Methode zur Steigerung der Wachsamkeit und zur Linderung von Unwohlsein suchen.<\/p>\n","protected":false},"excerpt":{"rendered":"<p>Beleben und stimulieren Sie sich mit diesem unbeschrifteten 10er-Pack mit 10 ml \u00e4therischem Blackpepper-\u00d6l. Mit seinem scharfen, w\u00fcrzigen und w\u00e4rmenden Aroma ist Blackpepper-\u00d6l bekannt f\u00fcr seine F\u00e4higkeit, den Geist zu beleben, die Durchblutung zu verbessern und Muskelschmerzen zu lindern. Es kann anregend wirken, wenn es zerst\u00e4ubt wird, und wird wegen seiner w\u00e4rmenden und schmerzlindernden Eigenschaften [&hellip;]<\/p>\n","protected":false},"featured_media":263873,"comment_status":"closed","ping_status":"open","template":"","meta":{"_angie_page":false},"product_brand":[27090],"product_cat":[16455,23649,25841,26107,26889],"product_tag":[],"class_list":{"0":"post-243689","1":"product","2":"type-product","3":"status-publish","4":"has-post-thumbnail","6":"product_brand-ancient-wisdom","7":"product_cat-aromatherapie-und-raumdufte","8":"product_cat-atherische-ole","9":"product_cat-dufte-aromen","10":"product_cat-schwarzer-pfeffer","11":"product_cat-wurzig","12":"pa_collection-gifts-unbranded-essential-oils-de","13":"pa_made-in-indien","14":"pa_size-10ml","16":"first","17":"instock","18":"purchasable","19":"product-type-simple"},"supplier_id":null,"supplier_sku":"EOUL-15","barcode":null,"atum_controlled":true,"out_stock_date":null,"out_stock_threshold":null,"inheritable":false,"inbound_stock":null,"stock_on_hold":0,"sold_today":0,"sales_last_days":0,"reserved_stock":null,"customer_returns":null,"warehouse_damage":null,"lost_in_post":null,"other_logs":null,"out_stock_days":9,"lost_sales":0,"has_location":null,"update_date":"2026-04-27T07:01:40","atum_locations":[],"atum_stock_status":"instock","restock_status":false,"low_stock_amount":"","sales_update_date":"2026-01-30T01:24:54","calc_backorders":null,"_links":{"self":[{"href":"https:\/\/aromasentia.com\/de\/wp-json\/wp\/v2\/product\/243689","targetHints":{"allow":["GET"]}}],"collection":[{"href":"https:\/\/aromasentia.com\/de\/wp-json\/wp\/v2\/product"}],"about":[{"href":"https:\/\/aromasentia.com\/de\/wp-json\/wp\/v2\/types\/product"}],"replies":[{"embeddable":true,"href":"https:\/\/aromasentia.com\/de\/wp-json\/wp\/v2\/comments?post=243689"}],"version-history":[{"count":0,"href":"https:\/\/aromasentia.com\/de\/wp-json\/wp\/v2\/product\/243689\/revisions"}],"wp:featuredmedia":[{"embeddable":true,"href":"https:\/\/aromasentia.com\/de\/wp-json\/wp\/v2\/media\/263873"}],"wp:attachment":[{"href":"https:\/\/aromasentia.com\/de\/wp-json\/wp\/v2\/media?parent=243689"}],"wp:term":[{"taxonomy":"product_brand","embeddable":true,"href":"https:\/\/aromasentia.com\/de\/wp-json\/wp\/v2\/product_brand?post=243689"},{"taxonomy":"product_cat","embeddable":true,"href":"https:\/\/aromasentia.com\/de\/wp-json\/wp\/v2\/product_cat?post=243689"},{"taxonomy":"product_tag","embeddable":true,"href":"https:\/\/aromasentia.com\/de\/wp-json\/wp\/v2\/product_tag?post=243689"}],"curies":[{"name":"wp","href":"https:\/\/api.w.org\/{rel}","templated":true}]}}