{"id":243681,"date":"2025-03-20T14:56:50","date_gmt":"2025-03-20T14:56:50","guid":{"rendered":"https:\/\/aromasentia.com\/product\/10x-10ml-basil-essential-oil-unlabelled\/"},"modified":"2025-12-30T20:44:06","modified_gmt":"2025-12-30T20:44:06","slug":"basilikum-aetherische-oele-ohne-etiketten-in-der-10er-box","status":"publish","type":"product","link":"https:\/\/aromasentia.com\/de\/basilikum-aetherische-oele-ohne-etiketten-in-der-10er-box\/","title":{"rendered":"Basilikum \u00c4therische \u00d6le (Ohne Etiketten) in der 10er-Box"},"content":{"rendered":"<p><span style=\"color: rgb(75, 80, 88);\">Lateinischer Name: Ocimum Basilicum.<br \/>Verwendeter Pflanzenteil: Bl\u00fchendes Kraut.<br \/>Herkunft: Indien.<br \/>Extraktionsmethode: Wasserdampfdestillation.<\/span><\/p>\n<p><span style=\"color: rgb(75, 80, 88);\">Das \u00e4therische Basilikum\u00f6l wird aus den Bl\u00e4ttern und Bl\u00fctenspitzen der Basilikumpflanze dampfdestilliert. Dieses gr\u00fcnlich-gelbe, frisch duftende \u00e4therische \u00d6l wird oft in der Aromatherapie verwendet, um den Geist zu wecken, die Nerven zu beruhigen und Klarheit<br \/>der Gedanken zu schaffen. Basilikum stammt urspr\u00fcnglich aus dem tropischen Asien und den Pazifikinseln, wird aber mittlerweile in ganz Europa und den USA angebaut. Basilikum\u00f6l gilt als Heilmittel f\u00fcr die Atemwege und wird h\u00e4ufig bei Asthma, Bronchitis und Nebenh\u00f6hlenentz\u00fcndungen eingesetzt. Es wird zur Behandlung von Nervenst\u00f6rungen sowie stressbedingten Kopfschmerzen und Migr\u00e4ne eingesetzt. Es soll geistige Ersch\u00f6pfung lindern und gleichzeitig Klarheit und mentale St\u00e4rke verleihen. Dieses \u00d6l soll Verstopfung, \u00dcbelkeit, Erbrechen und Bauchkr\u00e4mpfe lindern und gilt als gut bei Menstruationsbeschwerden. Es ist hilfreich bei Gicht, da es hilft, die Harns\u00e4ure im Blut zu senken. Es ist n\u00fctzlich bei Arthritis, erfrischt die Haut und heilt Insektenstiche. Experten raten jedoch schwangeren Frauen und Kindern unter 16 Jahren von der Verwendung dieses \u00d6ls ab.<\/span><\/p>\n<p><span style=\"color: rgb(75, 80, 88);\">Dieses Kraut ist in Indien beliebt und wird seit Hunderten von Jahren sowohl beim Gebet als auch zur Heilung verwendet. Die Bl\u00e4tter der Pflanze werden im Rahmen von Gebetszeremonien gekaut. Sie werden in Kokoswasser oder Weihwasser eingeweicht und nach dem Gebet im Tempel verteilt. Sie werden gekaut, um Halsschmerzen und Husten zu lindern. Ein Sud aus Tulasi-Bl\u00e4ttern (Basilikum) wird getrunken, um Halsschmerzen und Atembeschwerden zu lindern.<\/p>\n","protected":false},"excerpt":{"rendered":"<p>Lateinischer Name: Ocimum Basilicum.Verwendeter Pflanzenteil: Bl\u00fchendes Kraut.Herkunft: Indien.Extraktionsmethode: Wasserdampfdestillation. Das \u00e4therische Basilikum\u00f6l wird aus den Bl\u00e4ttern und Bl\u00fctenspitzen der Basilikumpflanze dampfdestilliert. Dieses gr\u00fcnlich-gelbe, frisch duftende \u00e4therische \u00d6l wird oft in der Aromatherapie verwendet, um den Geist zu wecken, die Nerven zu beruhigen und Klarheitder Gedanken zu schaffen. Basilikum stammt urspr\u00fcnglich aus dem tropischen Asien und [&hellip;]<\/p>\n","protected":false},"featured_media":263855,"comment_status":"closed","ping_status":"open","template":"","meta":{"_angie_page":false},"product_brand":[27090],"product_cat":[16455,23649,26092,25841,26861],"product_tag":[],"class_list":{"0":"post-243681","1":"product","2":"type-product","3":"status-publish","4":"has-post-thumbnail","6":"product_brand-ancient-wisdom","7":"product_cat-aromatherapie-und-raumdufte","8":"product_cat-atherische-ole","9":"product_cat-basilikum","10":"product_cat-dufte-aromen","11":"product_cat-krauter-aromatisch","12":"pa_collection-gifts-unbranded-essential-oils-de","13":"pa_made-in-indien","14":"pa_size-10ml","16":"first","17":"instock","18":"purchasable","19":"product-type-simple"},"supplier_id":null,"supplier_sku":"EOUL-13","barcode":null,"atum_controlled":true,"out_stock_date":null,"out_stock_threshold":null,"inheritable":false,"inbound_stock":0,"stock_on_hold":0,"sold_today":0,"sales_last_days":0,"reserved_stock":0,"customer_returns":0,"warehouse_damage":0,"lost_in_post":0,"other_logs":0,"out_stock_days":0,"lost_sales":0,"has_location":false,"update_date":"2026-04-27T07:01:40","atum_locations":[],"atum_stock_status":"instock","restock_status":false,"low_stock_amount":"","sales_update_date":"2026-01-30T01:25:53","calc_backorders":null,"_links":{"self":[{"href":"https:\/\/aromasentia.com\/de\/wp-json\/wp\/v2\/product\/243681","targetHints":{"allow":["GET"]}}],"collection":[{"href":"https:\/\/aromasentia.com\/de\/wp-json\/wp\/v2\/product"}],"about":[{"href":"https:\/\/aromasentia.com\/de\/wp-json\/wp\/v2\/types\/product"}],"replies":[{"embeddable":true,"href":"https:\/\/aromasentia.com\/de\/wp-json\/wp\/v2\/comments?post=243681"}],"version-history":[{"count":0,"href":"https:\/\/aromasentia.com\/de\/wp-json\/wp\/v2\/product\/243681\/revisions"}],"wp:featuredmedia":[{"embeddable":true,"href":"https:\/\/aromasentia.com\/de\/wp-json\/wp\/v2\/media\/263855"}],"wp:attachment":[{"href":"https:\/\/aromasentia.com\/de\/wp-json\/wp\/v2\/media?parent=243681"}],"wp:term":[{"taxonomy":"product_brand","embeddable":true,"href":"https:\/\/aromasentia.com\/de\/wp-json\/wp\/v2\/product_brand?post=243681"},{"taxonomy":"product_cat","embeddable":true,"href":"https:\/\/aromasentia.com\/de\/wp-json\/wp\/v2\/product_cat?post=243681"},{"taxonomy":"product_tag","embeddable":true,"href":"https:\/\/aromasentia.com\/de\/wp-json\/wp\/v2\/product_tag?post=243681"}],"curies":[{"name":"wp","href":"https:\/\/api.w.org\/{rel}","templated":true}]}}