{"id":243677,"date":"2025-03-20T14:56:50","date_gmt":"2025-03-20T14:56:50","guid":{"rendered":"https:\/\/aromasentia.com\/product\/10x-10ml-lemon-essential-oil-unlabelled\/"},"modified":"2025-12-30T20:44:06","modified_gmt":"2025-12-30T20:44:06","slug":"zitrone-aetherische-oele-ohne-etiketten-in-der-10er-box","status":"publish","type":"product","link":"https:\/\/aromasentia.com\/de\/zitrone-aetherische-oele-ohne-etiketten-in-der-10er-box\/","title":{"rendered":"Zitrone \u00c4therische \u00d6le (Ohne Etiketten) in der 10er-Box"},"content":{"rendered":"<h2>Gro\u00dfhandel 10x 10ml \u00c4therisches Zitronen\u00f6l &#8211; Unbranded Label f\u00fcr Aromatherapie<\/h2>\n<p>Erleben Sie das lebendige und belebende Aroma von <a href=\"https:\/\/aromasentia.com\/eoul\" rel=\"noopener noreferrer\" target=\"_blank\"><u>\u00c4therisches Zitronen\u00f6l<\/u><\/a> mit unserer 10ml Flasche. Dieses reine und hochwertige \u00d6l wird aus der Schale frischer Zitronen gewonnen und ist f\u00fcr seinen erfrischenden Zitrusduft bekannt. Es kann in verschiedenen Anwendungen eingesetzt werden, wie z.B. in der Aromatherapie, der Hautpflege, in Reinigungsprodukten und mehr. Jede Flasche wird mit einem Etikett ohne Markennamen geliefert, so dass Sie Ihre eigene Marke kreieren k\u00f6nnen.<\/p>\n<p><strong>Erwecken Sie Ihre Sinne und genie\u00dfen Sie noch heute die erhebende Wirkung des \u00e4therischen Zitronen\u00f6ls.<\/strong><\/p>\n","protected":false},"excerpt":{"rendered":"<p>Gro\u00dfhandel 10x 10ml \u00c4therisches Zitronen\u00f6l &#8211; Unbranded Label f\u00fcr Aromatherapie Erleben Sie das lebendige und belebende Aroma von \u00c4therisches Zitronen\u00f6l mit unserer 10ml Flasche. Dieses reine und hochwertige \u00d6l wird aus der Schale frischer Zitronen gewonnen und ist f\u00fcr seinen erfrischenden Zitrusduft bekannt. Es kann in verschiedenen Anwendungen eingesetzt werden, wie z.B. in der Aromatherapie, [&hellip;]<\/p>\n","protected":false},"featured_media":263846,"comment_status":"closed","ping_status":"open","template":"","meta":{"_angie_page":false},"product_brand":[27090],"product_cat":[16455,23649,25841,26238],"product_tag":[],"class_list":{"0":"post-243677","1":"product","2":"type-product","3":"status-publish","4":"has-post-thumbnail","6":"product_brand-ancient-wisdom","7":"product_cat-aromatherapie-und-raumdufte","8":"product_cat-atherische-ole","9":"product_cat-dufte-aromen","10":"product_cat-zitrone","11":"pa_collection-gifts-unbranded-essential-oils-de","12":"pa_made-in-italien","13":"pa_size-10ml","15":"first","16":"instock","17":"purchasable","18":"product-type-simple"},"supplier_id":null,"supplier_sku":"EOUL-12","barcode":null,"atum_controlled":true,"out_stock_date":null,"out_stock_threshold":null,"inheritable":false,"inbound_stock":null,"stock_on_hold":0,"sold_today":0,"sales_last_days":0,"reserved_stock":null,"customer_returns":null,"warehouse_damage":null,"lost_in_post":null,"other_logs":null,"out_stock_days":0,"lost_sales":0,"has_location":null,"update_date":"2026-04-27T07:01:40","atum_locations":[],"atum_stock_status":"instock","restock_status":false,"low_stock_amount":"","sales_update_date":"2026-01-30T01:24:41","calc_backorders":null,"_links":{"self":[{"href":"https:\/\/aromasentia.com\/de\/wp-json\/wp\/v2\/product\/243677","targetHints":{"allow":["GET"]}}],"collection":[{"href":"https:\/\/aromasentia.com\/de\/wp-json\/wp\/v2\/product"}],"about":[{"href":"https:\/\/aromasentia.com\/de\/wp-json\/wp\/v2\/types\/product"}],"replies":[{"embeddable":true,"href":"https:\/\/aromasentia.com\/de\/wp-json\/wp\/v2\/comments?post=243677"}],"version-history":[{"count":0,"href":"https:\/\/aromasentia.com\/de\/wp-json\/wp\/v2\/product\/243677\/revisions"}],"wp:featuredmedia":[{"embeddable":true,"href":"https:\/\/aromasentia.com\/de\/wp-json\/wp\/v2\/media\/263846"}],"wp:attachment":[{"href":"https:\/\/aromasentia.com\/de\/wp-json\/wp\/v2\/media?parent=243677"}],"wp:term":[{"taxonomy":"product_brand","embeddable":true,"href":"https:\/\/aromasentia.com\/de\/wp-json\/wp\/v2\/product_brand?post=243677"},{"taxonomy":"product_cat","embeddable":true,"href":"https:\/\/aromasentia.com\/de\/wp-json\/wp\/v2\/product_cat?post=243677"},{"taxonomy":"product_tag","embeddable":true,"href":"https:\/\/aromasentia.com\/de\/wp-json\/wp\/v2\/product_tag?post=243677"}],"curies":[{"name":"wp","href":"https:\/\/api.w.org\/{rel}","templated":true}]}}