{"id":243661,"date":"2025-03-20T14:56:50","date_gmt":"2025-03-20T14:56:50","guid":{"rendered":"https:\/\/aromasentia.com\/product\/10x-10ml-geranium-egypt-essential-oil-unlabelled\/"},"modified":"2025-12-30T20:44:06","modified_gmt":"2025-12-30T20:44:06","slug":"geranie-aetherische-oele-ohne-etiketten-in-der-10er-box","status":"publish","type":"product","link":"https:\/\/aromasentia.com\/de\/geranie-aetherische-oele-ohne-etiketten-in-der-10er-box\/","title":{"rendered":"Geranie \u00c4therische \u00d6le (Ohne Etiketten) in der 10er-Box"},"content":{"rendered":"<h2>Gro\u00dfhandel 10x 10ml Geranium (Egypt) Essential Oil &#8211; Unbranded Label <\/h2>\n<p>Erweitern Sie Ihre Aromatherapie-Kollektion mit unserem 10x 10ml <a href=\"https:\/\/aromasentia.com\/eoul\" rel=\"noopener noreferrer\" target=\"_blank\"><u>Geranium (Egypt) Essential Oil<\/u><\/a>. Dieses \u00d6l wird aus den feinsten \u00e4gyptischen Geranium-Pflanzen gewonnen und bietet einen herrlich blumigen Duft mit ausgleichenden Eigenschaften.<\/p>\n<p>Jedes Fl\u00e4schchen wird mit einem unbedruckten Etikett geliefert, so dass Sie es individuell gestalten und Ihre eigene Marke kreieren k\u00f6nnen.<strong>&nbsp;Erleben Sie noch heute die therapeutischen Vorteile des \u00e4therischen Geranien\u00f6ls und steigern Sie Ihr Wohlbefinden.<\/strong><\/p>\n<p>&nbsp;<\/p>\n","protected":false},"excerpt":{"rendered":"<p>Gro\u00dfhandel 10x 10ml Geranium (Egypt) Essential Oil &#8211; Unbranded Label Erweitern Sie Ihre Aromatherapie-Kollektion mit unserem 10x 10ml Geranium (Egypt) Essential Oil. Dieses \u00d6l wird aus den feinsten \u00e4gyptischen Geranium-Pflanzen gewonnen und bietet einen herrlich blumigen Duft mit ausgleichenden Eigenschaften. Jedes Fl\u00e4schchen wird mit einem unbedruckten Etikett geliefert, so dass Sie es individuell gestalten und [&hellip;]<\/p>\n","protected":false},"featured_media":263810,"comment_status":"closed","ping_status":"open","template":"","meta":{"_angie_page":false},"product_brand":[27090],"product_cat":[16455,23649,26833,25841,26186],"product_tag":[],"class_list":{"0":"post-243661","1":"product","2":"type-product","3":"status-publish","4":"has-post-thumbnail","6":"product_brand-ancient-wisdom","7":"product_cat-aromatherapie-und-raumdufte","8":"product_cat-atherische-ole","9":"product_cat-blumig","10":"product_cat-dufte-aromen","11":"product_cat-weihrauch","12":"pa_collection-gifts-unbranded-essential-oils-de","13":"pa_made-in-aegypten","14":"pa_size-10ml","16":"first","17":"instock","18":"purchasable","19":"product-type-simple"},"supplier_id":null,"supplier_sku":"EOUL-08","barcode":null,"atum_controlled":true,"out_stock_date":null,"out_stock_threshold":null,"inheritable":false,"inbound_stock":null,"stock_on_hold":0,"sold_today":0,"sales_last_days":0,"reserved_stock":null,"customer_returns":null,"warehouse_damage":null,"lost_in_post":null,"other_logs":null,"out_stock_days":0,"lost_sales":0,"has_location":null,"update_date":"2026-04-27T07:01:40","atum_locations":[],"atum_stock_status":"instock","restock_status":false,"low_stock_amount":"","sales_update_date":"2026-01-30T01:24:40","calc_backorders":null,"_links":{"self":[{"href":"https:\/\/aromasentia.com\/de\/wp-json\/wp\/v2\/product\/243661","targetHints":{"allow":["GET"]}}],"collection":[{"href":"https:\/\/aromasentia.com\/de\/wp-json\/wp\/v2\/product"}],"about":[{"href":"https:\/\/aromasentia.com\/de\/wp-json\/wp\/v2\/types\/product"}],"replies":[{"embeddable":true,"href":"https:\/\/aromasentia.com\/de\/wp-json\/wp\/v2\/comments?post=243661"}],"version-history":[{"count":0,"href":"https:\/\/aromasentia.com\/de\/wp-json\/wp\/v2\/product\/243661\/revisions"}],"wp:featuredmedia":[{"embeddable":true,"href":"https:\/\/aromasentia.com\/de\/wp-json\/wp\/v2\/media\/263810"}],"wp:attachment":[{"href":"https:\/\/aromasentia.com\/de\/wp-json\/wp\/v2\/media?parent=243661"}],"wp:term":[{"taxonomy":"product_brand","embeddable":true,"href":"https:\/\/aromasentia.com\/de\/wp-json\/wp\/v2\/product_brand?post=243661"},{"taxonomy":"product_cat","embeddable":true,"href":"https:\/\/aromasentia.com\/de\/wp-json\/wp\/v2\/product_cat?post=243661"},{"taxonomy":"product_tag","embeddable":true,"href":"https:\/\/aromasentia.com\/de\/wp-json\/wp\/v2\/product_tag?post=243661"}],"curies":[{"name":"wp","href":"https:\/\/api.w.org\/{rel}","templated":true}]}}