{"id":243653,"date":"2025-03-20T14:56:50","date_gmt":"2025-03-20T14:56:50","guid":{"rendered":"https:\/\/aromasentia.com\/product\/10x-10ml-ylang-ylang-i-essential-oil-unlabelled\/"},"modified":"2025-12-30T20:44:06","modified_gmt":"2025-12-30T20:44:06","slug":"ylang-ylang-aetherische-oele-ohne-etiketten-in-der-10er-box","status":"publish","type":"product","link":"https:\/\/aromasentia.com\/de\/ylang-ylang-aetherische-oele-ohne-etiketten-in-der-10er-box\/","title":{"rendered":"Ylang Ylang \u00c4therische \u00d6le (Ohne Etiketten) in der 10er-Box"},"content":{"rendered":"<h2>Gro\u00dfhandel 10x 10ml Ylang Ylang I \u00c4therisches \u00d6l &#8211; Unbranded Label zur individuellen Gestaltung<\/h2>\n<p>Verbessern Sie Ihr Aromatherapie-Erlebnis mit unserem 10x 10ml <a href=\"https:\/\/aromasentia.com\/eoul\" rel=\"noopener noreferrer\" target=\"_blank\"><u>Ylang Ylang I \u00c4therisches \u00d6l<\/u><\/a>. Dieses hochwertige \u00d6l wird aus den Bl\u00fcten des Ylang-Ylang-Baums gewonnen und ist f\u00fcr sein reiches, blumiges Aroma bekannt. Es ist vielseitig einsetzbar und kann in Diffusoren, Massage\u00f6len, Badeprodukten und vielem mehr verwendet werden. Jede Flasche wird mit einem Etikett ohne Markennamen geliefert, so dass Sie Ihre eigene Marke kreieren und anpassen k\u00f6nnen. Erleben Sie die beruhigenden und erhebenden Eigenschaften von Ylang Ylang I Essential Oil noch heute.<\/p>\n<p><strong>Erleben Sie die beruhigenden und erhebenden Eigenschaften von Ylang Ylang I Essential Oil noch heute. Erweitern Sie jetzt Ihre Aromatherapie-Kollektion!<\/strong> <\/p>\n","protected":false},"excerpt":{"rendered":"<p>Gro\u00dfhandel 10x 10ml Ylang Ylang I \u00c4therisches \u00d6l &#8211; Unbranded Label zur individuellen Gestaltung Verbessern Sie Ihr Aromatherapie-Erlebnis mit unserem 10x 10ml Ylang Ylang I \u00c4therisches \u00d6l. Dieses hochwertige \u00d6l wird aus den Bl\u00fcten des Ylang-Ylang-Baums gewonnen und ist f\u00fcr sein reiches, blumiges Aroma bekannt. Es ist vielseitig einsetzbar und kann in Diffusoren, Massage\u00f6len, Badeprodukten [&hellip;]<\/p>\n","protected":false},"featured_media":263792,"comment_status":"closed","ping_status":"open","template":"","meta":{"_angie_page":false},"product_brand":[27090],"product_cat":[16455,23649,26833,25841,26444],"product_tag":[],"class_list":{"0":"post-243653","1":"product","2":"type-product","3":"status-publish","4":"has-post-thumbnail","6":"product_brand-ancient-wisdom","7":"product_cat-aromatherapie-und-raumdufte","8":"product_cat-atherische-ole","9":"product_cat-blumig","10":"product_cat-dufte-aromen","11":"product_cat-ylang-ylang","12":"pa_collection-gifts-unbranded-essential-oils-de","13":"pa_made-in-komoren","14":"pa_size-10ml","16":"first","17":"instock","18":"purchasable","19":"product-type-simple"},"supplier_id":null,"supplier_sku":"EOUL-06","barcode":null,"atum_controlled":true,"out_stock_date":null,"out_stock_threshold":null,"inheritable":false,"inbound_stock":0,"stock_on_hold":0,"sold_today":0,"sales_last_days":0,"reserved_stock":0,"customer_returns":0,"warehouse_damage":0,"lost_in_post":0,"other_logs":0,"out_stock_days":0,"lost_sales":0,"has_location":false,"update_date":"2026-05-11T01:55:51","atum_locations":[],"atum_stock_status":"instock","restock_status":false,"low_stock_amount":"","sales_update_date":"2026-01-30T01:26:38","calc_backorders":null,"_links":{"self":[{"href":"https:\/\/aromasentia.com\/de\/wp-json\/wp\/v2\/product\/243653","targetHints":{"allow":["GET"]}}],"collection":[{"href":"https:\/\/aromasentia.com\/de\/wp-json\/wp\/v2\/product"}],"about":[{"href":"https:\/\/aromasentia.com\/de\/wp-json\/wp\/v2\/types\/product"}],"replies":[{"embeddable":true,"href":"https:\/\/aromasentia.com\/de\/wp-json\/wp\/v2\/comments?post=243653"}],"version-history":[{"count":0,"href":"https:\/\/aromasentia.com\/de\/wp-json\/wp\/v2\/product\/243653\/revisions"}],"wp:featuredmedia":[{"embeddable":true,"href":"https:\/\/aromasentia.com\/de\/wp-json\/wp\/v2\/media\/263792"}],"wp:attachment":[{"href":"https:\/\/aromasentia.com\/de\/wp-json\/wp\/v2\/media?parent=243653"}],"wp:term":[{"taxonomy":"product_brand","embeddable":true,"href":"https:\/\/aromasentia.com\/de\/wp-json\/wp\/v2\/product_brand?post=243653"},{"taxonomy":"product_cat","embeddable":true,"href":"https:\/\/aromasentia.com\/de\/wp-json\/wp\/v2\/product_cat?post=243653"},{"taxonomy":"product_tag","embeddable":true,"href":"https:\/\/aromasentia.com\/de\/wp-json\/wp\/v2\/product_tag?post=243653"}],"curies":[{"name":"wp","href":"https:\/\/api.w.org\/{rel}","templated":true}]}}