{"id":243633,"date":"2025-03-20T14:57:05","date_gmt":"2025-03-20T14:57:05","guid":{"rendered":"https:\/\/aromasentia.com\/product\/10x-10ml-lime-essential-oil-unlabelled\/"},"modified":"2025-12-30T20:43:59","modified_gmt":"2025-12-30T20:43:59","slug":"limette-aetherische-oele-ohne-etiketten-in-der-10er-box","status":"publish","type":"product","link":"https:\/\/aromasentia.com\/de\/limette-aetherische-oele-ohne-etiketten-in-der-10er-box\/","title":{"rendered":"Limette \u00c4therische \u00d6le (Ohne Etiketten) in der 10er-Box"},"content":{"rendered":"<p>Bringen Sie Schwung in Ihr Leben mit diesem unbeschrifteten 10er-Pack mit 10 ml \u00e4therischem Limetten\u00f6l. Dieses lebendige \u00d6l verstr\u00f6mt einen scharfen, spritzigen, s\u00fc\u00dfen und intensiv erfrischenden Zitrusduft, der sofort die Stimmung hebt und den Geist anregt. Limette ist bekannt f\u00fcr ihre reinigenden, entschlackenden und tonisierenden Eigenschaften, die sich positiv auf fettige Haut auswirken und den mentalen Nebel durchbrechen. Ein wunderbar fr\u00f6hliches und anregendes \u00d6l f\u00fcr die Diffusion, die nat\u00fcrliche Reinigung oder um Ihren ma\u00dfgeschneiderten Mischungen und Hautpflegeprodukten einen hellen, spritzigen Kick zu verleihen.<\/p>\n","protected":false},"excerpt":{"rendered":"<p>Bringen Sie Schwung in Ihr Leben mit diesem unbeschrifteten 10er-Pack mit 10 ml \u00e4therischem Limetten\u00f6l. Dieses lebendige \u00d6l verstr\u00f6mt einen scharfen, spritzigen, s\u00fc\u00dfen und intensiv erfrischenden Zitrusduft, der sofort die Stimmung hebt und den Geist anregt. Limette ist bekannt f\u00fcr ihre reinigenden, entschlackenden und tonisierenden Eigenschaften, die sich positiv auf fettige Haut auswirken und den [&hellip;]<\/p>\n","protected":false},"featured_media":263981,"comment_status":"closed","ping_status":"open","template":"","meta":{"_angie_page":false},"product_brand":[27090],"product_cat":[16455,23649,25841,26256],"product_tag":[],"class_list":{"0":"post-243633","1":"product","2":"type-product","3":"status-publish","4":"has-post-thumbnail","6":"product_brand-ancient-wisdom","7":"product_cat-aromatherapie-und-raumdufte","8":"product_cat-atherische-ole","9":"product_cat-dufte-aromen","10":"product_cat-limette","11":"pa_collection-gifts-unbranded-essential-oils-de","12":"pa_made-in-mexiko","13":"pa_size-10ml","15":"first","16":"instock","17":"purchasable","18":"product-type-simple"},"supplier_id":null,"supplier_sku":"EOUL-29","barcode":null,"atum_controlled":true,"out_stock_date":null,"out_stock_threshold":null,"inheritable":false,"inbound_stock":null,"stock_on_hold":0,"sold_today":0,"sales_last_days":0,"reserved_stock":null,"customer_returns":null,"warehouse_damage":null,"lost_in_post":null,"other_logs":null,"out_stock_days":0,"lost_sales":0,"has_location":null,"update_date":"2026-04-27T07:01:47","atum_locations":[],"atum_stock_status":"instock","restock_status":false,"low_stock_amount":"","sales_update_date":"2026-01-30T01:26:03","calc_backorders":null,"_links":{"self":[{"href":"https:\/\/aromasentia.com\/de\/wp-json\/wp\/v2\/product\/243633","targetHints":{"allow":["GET"]}}],"collection":[{"href":"https:\/\/aromasentia.com\/de\/wp-json\/wp\/v2\/product"}],"about":[{"href":"https:\/\/aromasentia.com\/de\/wp-json\/wp\/v2\/types\/product"}],"replies":[{"embeddable":true,"href":"https:\/\/aromasentia.com\/de\/wp-json\/wp\/v2\/comments?post=243633"}],"version-history":[{"count":0,"href":"https:\/\/aromasentia.com\/de\/wp-json\/wp\/v2\/product\/243633\/revisions"}],"wp:featuredmedia":[{"embeddable":true,"href":"https:\/\/aromasentia.com\/de\/wp-json\/wp\/v2\/media\/263981"}],"wp:attachment":[{"href":"https:\/\/aromasentia.com\/de\/wp-json\/wp\/v2\/media?parent=243633"}],"wp:term":[{"taxonomy":"product_brand","embeddable":true,"href":"https:\/\/aromasentia.com\/de\/wp-json\/wp\/v2\/product_brand?post=243633"},{"taxonomy":"product_cat","embeddable":true,"href":"https:\/\/aromasentia.com\/de\/wp-json\/wp\/v2\/product_cat?post=243633"},{"taxonomy":"product_tag","embeddable":true,"href":"https:\/\/aromasentia.com\/de\/wp-json\/wp\/v2\/product_tag?post=243633"}],"curies":[{"name":"wp","href":"https:\/\/api.w.org\/{rel}","templated":true}]}}