{"id":243625,"date":"2025-03-20T14:57:05","date_gmt":"2025-03-20T14:57:05","guid":{"rendered":"https:\/\/aromasentia.com\/product\/10x-10ml-juniperberry-essential-oil-unlabelled\/"},"modified":"2025-12-30T20:43:59","modified_gmt":"2025-12-30T20:43:59","slug":"wacholderbeere-aetherische-oele-ohne-etiketten-in-der-10er-box","status":"publish","type":"product","link":"https:\/\/aromasentia.com\/de\/wacholderbeere-aetherische-oele-ohne-etiketten-in-der-10er-box\/","title":{"rendered":"Wacholderbeere \u00c4therische \u00d6le (Ohne Etiketten) in der 10er-Box"},"content":{"rendered":"<p>Reinigen und erfrischen Sie sich mit diesem unbeschrifteten 10er-Pack mit 10 ml \u00e4therischem Wacholder\u00f6l. Dieses \u00d6l hat ein frisches, knackiges, holziges und leicht s\u00fc\u00df-balsamisches Aroma, das an Gin erinnert. Die Wacholderbeere ist bekannt f\u00fcr ihre entgiftenden, harntreibenden und reinigenden Eigenschaften und wird oft zur Unterst\u00fctzung der Nierenfunktion und zur Reinigung des K\u00f6rpers verwendet. Ihr Aroma wirkt kl\u00e4rend auf den Geist und kann helfen, negative Gedanken zu vertreiben. Eine gute Wahl f\u00fcr Entgiftungsmischungen, reinigende Diffusionen oder zum Hinzuf\u00fcgen einer sauberen, harzigen Note zu Ihren Rezepturen.<\/p>\n","protected":false},"excerpt":{"rendered":"<p>Reinigen und erfrischen Sie sich mit diesem unbeschrifteten 10er-Pack mit 10 ml \u00e4therischem Wacholder\u00f6l. Dieses \u00d6l hat ein frisches, knackiges, holziges und leicht s\u00fc\u00df-balsamisches Aroma, das an Gin erinnert. Die Wacholderbeere ist bekannt f\u00fcr ihre entgiftenden, harntreibenden und reinigenden Eigenschaften und wird oft zur Unterst\u00fctzung der Nierenfunktion und zur Reinigung des K\u00f6rpers verwendet. Ihr Aroma [&hellip;]<\/p>\n","protected":false},"featured_media":263963,"comment_status":"closed","ping_status":"open","template":"","meta":{"_angie_page":false},"product_brand":[27090],"product_cat":[16455,23649,25841,26896,26227],"product_tag":[],"class_list":{"0":"post-243625","1":"product","2":"type-product","3":"status-publish","4":"has-post-thumbnail","6":"product_brand-ancient-wisdom","7":"product_cat-aromatherapie-und-raumdufte","8":"product_cat-atherische-ole","9":"product_cat-dufte-aromen","10":"product_cat-holzig","11":"product_cat-wacholderbeere","12":"pa_collection-gifts-unbranded-essential-oils-de","13":"pa_made-in-kroatien","14":"pa_size-10ml","16":"first","17":"instock","18":"purchasable","19":"product-type-simple"},"supplier_id":null,"supplier_sku":"EOUL-27","barcode":null,"atum_controlled":true,"out_stock_date":null,"out_stock_threshold":null,"inheritable":false,"inbound_stock":null,"stock_on_hold":0,"sold_today":0,"sales_last_days":0,"reserved_stock":null,"customer_returns":null,"warehouse_damage":null,"lost_in_post":null,"other_logs":null,"out_stock_days":9,"lost_sales":0,"has_location":null,"update_date":"2026-04-27T07:01:47","atum_locations":[],"atum_stock_status":"instock","restock_status":false,"low_stock_amount":"","sales_update_date":"2026-01-30T01:25:01","calc_backorders":null,"_links":{"self":[{"href":"https:\/\/aromasentia.com\/de\/wp-json\/wp\/v2\/product\/243625","targetHints":{"allow":["GET"]}}],"collection":[{"href":"https:\/\/aromasentia.com\/de\/wp-json\/wp\/v2\/product"}],"about":[{"href":"https:\/\/aromasentia.com\/de\/wp-json\/wp\/v2\/types\/product"}],"replies":[{"embeddable":true,"href":"https:\/\/aromasentia.com\/de\/wp-json\/wp\/v2\/comments?post=243625"}],"version-history":[{"count":0,"href":"https:\/\/aromasentia.com\/de\/wp-json\/wp\/v2\/product\/243625\/revisions"}],"wp:featuredmedia":[{"embeddable":true,"href":"https:\/\/aromasentia.com\/de\/wp-json\/wp\/v2\/media\/263963"}],"wp:attachment":[{"href":"https:\/\/aromasentia.com\/de\/wp-json\/wp\/v2\/media?parent=243625"}],"wp:term":[{"taxonomy":"product_brand","embeddable":true,"href":"https:\/\/aromasentia.com\/de\/wp-json\/wp\/v2\/product_brand?post=243625"},{"taxonomy":"product_cat","embeddable":true,"href":"https:\/\/aromasentia.com\/de\/wp-json\/wp\/v2\/product_cat?post=243625"},{"taxonomy":"product_tag","embeddable":true,"href":"https:\/\/aromasentia.com\/de\/wp-json\/wp\/v2\/product_tag?post=243625"}],"curies":[{"name":"wp","href":"https:\/\/api.w.org\/{rel}","templated":true}]}}