{"id":243613,"date":"2025-03-20T14:57:05","date_gmt":"2025-03-20T14:57:05","guid":{"rendered":"https:\/\/aromasentia.com\/product\/10x-10ml-cypress-essential-oil-unlabelled\/"},"modified":"2025-12-30T20:43:59","modified_gmt":"2025-12-30T20:43:59","slug":"zypresse-aetherische-oele-ohne-etiketten-in-der-10er-box","status":"publish","type":"product","link":"https:\/\/aromasentia.com\/de\/zypresse-aetherische-oele-ohne-etiketten-in-der-10er-box\/","title":{"rendered":"Zypresse \u00c4therische \u00d6le (Ohne Etiketten) in der 10er-Box"},"content":{"rendered":"<p>Erden und reinigen Sie sich mit diesem unbeschrifteten 10er-Pack mit 10 ml \u00e4therischem Zypressen\u00f6l. Dieses \u00d6l bietet ein frisches, sauberes, leicht holziges und immergr\u00fcnes Aroma, das sowohl erdend als auch aufbauend wirkt. Die Zypresse ist bekannt f\u00fcr ihre adstringierenden Eigenschaften, die sich positiv auf fettige Haut auswirken und die Durchblutung f\u00f6rdern. In der Aromatherapie wird sie verwendet, um in Zeiten der Trauer zu tr\u00f6sten, emotionale St\u00e4rke zu f\u00f6rdern und die Luft zu reinigen. Ein wunderbar ausgleichendes \u00d6l, das ein Gef\u00fchl von Stabilit\u00e4t und Frische vermittelt und sich perfekt f\u00fcr Diffuser oder Hautpflegemischungen eignet.<\/p>\n","protected":false},"excerpt":{"rendered":"<p>Erden und reinigen Sie sich mit diesem unbeschrifteten 10er-Pack mit 10 ml \u00e4therischem Zypressen\u00f6l. Dieses \u00d6l bietet ein frisches, sauberes, leicht holziges und immergr\u00fcnes Aroma, das sowohl erdend als auch aufbauend wirkt. Die Zypresse ist bekannt f\u00fcr ihre adstringierenden Eigenschaften, die sich positiv auf fettige Haut auswirken und die Durchblutung f\u00f6rdern. In der Aromatherapie wird [&hellip;]<\/p>\n","protected":false},"featured_media":263936,"comment_status":"closed","ping_status":"open","template":"","meta":{"_angie_page":false},"product_brand":[27090],"product_cat":[16455,23649,25841,26896,26169],"product_tag":[],"class_list":{"0":"post-243613","1":"product","2":"type-product","3":"status-publish","4":"has-post-thumbnail","6":"product_brand-ancient-wisdom","7":"product_cat-aromatherapie-und-raumdufte","8":"product_cat-atherische-ole","9":"product_cat-dufte-aromen","10":"product_cat-holzig","11":"product_cat-zypresse","12":"pa_collection-gifts-unbranded-essential-oils-de","13":"pa_made-in-spanien","14":"pa_size-10ml","16":"first","17":"instock","18":"purchasable","19":"product-type-simple"},"supplier_id":null,"supplier_sku":"EOUL-23","barcode":null,"atum_controlled":true,"out_stock_date":null,"out_stock_threshold":null,"inheritable":false,"inbound_stock":0,"stock_on_hold":0,"sold_today":0,"sales_last_days":0,"reserved_stock":0,"customer_returns":0,"warehouse_damage":0,"lost_in_post":0,"other_logs":0,"out_stock_days":0,"lost_sales":0,"has_location":false,"update_date":"2026-04-27T07:01:47","atum_locations":[],"atum_stock_status":"instock","restock_status":false,"low_stock_amount":"","sales_update_date":"2026-02-06T00:01:32","calc_backorders":null,"_links":{"self":[{"href":"https:\/\/aromasentia.com\/de\/wp-json\/wp\/v2\/product\/243613","targetHints":{"allow":["GET"]}}],"collection":[{"href":"https:\/\/aromasentia.com\/de\/wp-json\/wp\/v2\/product"}],"about":[{"href":"https:\/\/aromasentia.com\/de\/wp-json\/wp\/v2\/types\/product"}],"replies":[{"embeddable":true,"href":"https:\/\/aromasentia.com\/de\/wp-json\/wp\/v2\/comments?post=243613"}],"version-history":[{"count":0,"href":"https:\/\/aromasentia.com\/de\/wp-json\/wp\/v2\/product\/243613\/revisions"}],"wp:featuredmedia":[{"embeddable":true,"href":"https:\/\/aromasentia.com\/de\/wp-json\/wp\/v2\/media\/263936"}],"wp:attachment":[{"href":"https:\/\/aromasentia.com\/de\/wp-json\/wp\/v2\/media?parent=243613"}],"wp:term":[{"taxonomy":"product_brand","embeddable":true,"href":"https:\/\/aromasentia.com\/de\/wp-json\/wp\/v2\/product_brand?post=243613"},{"taxonomy":"product_cat","embeddable":true,"href":"https:\/\/aromasentia.com\/de\/wp-json\/wp\/v2\/product_cat?post=243613"},{"taxonomy":"product_tag","embeddable":true,"href":"https:\/\/aromasentia.com\/de\/wp-json\/wp\/v2\/product_tag?post=243613"}],"curies":[{"name":"wp","href":"https:\/\/api.w.org\/{rel}","templated":true}]}}