{"id":243605,"date":"2025-03-20T14:57:05","date_gmt":"2025-03-20T14:57:05","guid":{"rendered":"https:\/\/aromasentia.com\/product\/10x-10ml-cinnamon-essential-oil-unlabelled\/"},"modified":"2025-12-30T20:43:59","modified_gmt":"2025-12-30T20:43:59","slug":"zimt-aetherische-oele-ohne-etiketten-in-der-10er-box","status":"publish","type":"product","link":"https:\/\/aromasentia.com\/de\/zimt-aetherische-oele-ohne-etiketten-in-der-10er-box\/","title":{"rendered":"Zimt \u00c4therische \u00d6le (Ohne Etiketten) in der 10er-Box"},"content":{"rendered":"<p>Erw\u00e4rmen Sie Ihre Sinne mit diesem unbeschrifteten 10er-Pack mit 10 ml \u00e4therischem Zimt\u00f6l. Dieses potente \u00d6l, das wahrscheinlich aus Zimtbl\u00e4ttern oder -rinde gewonnen wird, bietet ein s\u00fc\u00dfes, w\u00fcrziges und intensiv w\u00e4rmendes Aroma, das Komfort und Gem\u00fctlichkeit hervorruft. Zimt ist bekannt f\u00fcr seine stimulierenden, antimikrobiellen und durchblutungsf\u00f6rdernden Eigenschaften. Ideal f\u00fcr die Verbreitung in den k\u00e4lteren Monaten, um eine festliche und einladende Atmosph\u00e4re zu schaffen, oder sehr vorsichtig in w\u00e4rmenden Mischungen verwendet. Ein kr\u00e4ftiger und beruhigender Duft, der Ihre Aromasammlung um einen Hauch von w\u00fcrzigem Genuss bereichert.<\/p>\n","protected":false},"excerpt":{"rendered":"<p>Erw\u00e4rmen Sie Ihre Sinne mit diesem unbeschrifteten 10er-Pack mit 10 ml \u00e4therischem Zimt\u00f6l. Dieses potente \u00d6l, das wahrscheinlich aus Zimtbl\u00e4ttern oder -rinde gewonnen wird, bietet ein s\u00fc\u00dfes, w\u00fcrziges und intensiv w\u00e4rmendes Aroma, das Komfort und Gem\u00fctlichkeit hervorruft. Zimt ist bekannt f\u00fcr seine stimulierenden, antimikrobiellen und durchblutungsf\u00f6rdernden Eigenschaften. Ideal f\u00fcr die Verbreitung in den k\u00e4lteren Monaten, [&hellip;]<\/p>\n","protected":false},"featured_media":263918,"comment_status":"closed","ping_status":"open","template":"","meta":{"_angie_page":false},"product_brand":[27090],"product_cat":[16455,23649,25841,26889,26131],"product_tag":[],"class_list":{"0":"post-243605","1":"product","2":"type-product","3":"status-publish","4":"has-post-thumbnail","6":"product_brand-ancient-wisdom","7":"product_cat-aromatherapie-und-raumdufte","8":"product_cat-atherische-ole","9":"product_cat-dufte-aromen","10":"product_cat-wurzig","11":"product_cat-zimt","12":"pa_collection-gifts-unbranded-essential-oils-de","13":"pa_made-in-sri-lanka","14":"pa_size-10ml","16":"first","17":"instock","18":"purchasable","19":"product-type-simple"},"supplier_id":null,"supplier_sku":"EOUL-21","barcode":null,"atum_controlled":true,"out_stock_date":null,"out_stock_threshold":null,"inheritable":false,"inbound_stock":null,"stock_on_hold":0,"sold_today":0,"sales_last_days":0,"reserved_stock":null,"customer_returns":null,"warehouse_damage":null,"lost_in_post":null,"other_logs":null,"out_stock_days":0,"lost_sales":0,"has_location":null,"update_date":"2026-04-27T07:01:47","atum_locations":[],"atum_stock_status":"instock","restock_status":false,"low_stock_amount":"","sales_update_date":"2026-02-06T00:02:50","calc_backorders":null,"_links":{"self":[{"href":"https:\/\/aromasentia.com\/de\/wp-json\/wp\/v2\/product\/243605","targetHints":{"allow":["GET"]}}],"collection":[{"href":"https:\/\/aromasentia.com\/de\/wp-json\/wp\/v2\/product"}],"about":[{"href":"https:\/\/aromasentia.com\/de\/wp-json\/wp\/v2\/types\/product"}],"replies":[{"embeddable":true,"href":"https:\/\/aromasentia.com\/de\/wp-json\/wp\/v2\/comments?post=243605"}],"version-history":[{"count":0,"href":"https:\/\/aromasentia.com\/de\/wp-json\/wp\/v2\/product\/243605\/revisions"}],"wp:featuredmedia":[{"embeddable":true,"href":"https:\/\/aromasentia.com\/de\/wp-json\/wp\/v2\/media\/263918"}],"wp:attachment":[{"href":"https:\/\/aromasentia.com\/de\/wp-json\/wp\/v2\/media?parent=243605"}],"wp:term":[{"taxonomy":"product_brand","embeddable":true,"href":"https:\/\/aromasentia.com\/de\/wp-json\/wp\/v2\/product_brand?post=243605"},{"taxonomy":"product_cat","embeddable":true,"href":"https:\/\/aromasentia.com\/de\/wp-json\/wp\/v2\/product_cat?post=243605"},{"taxonomy":"product_tag","embeddable":true,"href":"https:\/\/aromasentia.com\/de\/wp-json\/wp\/v2\/product_tag?post=243605"}],"curies":[{"name":"wp","href":"https:\/\/api.w.org\/{rel}","templated":true}]}}