{"id":243593,"date":"2025-03-20T14:57:05","date_gmt":"2025-03-20T14:57:05","guid":{"rendered":"https:\/\/aromasentia.com\/product\/10x-10ml-frankincense-diluted-essential-oil-unlabelled\/"},"modified":"2025-12-30T20:43:51","modified_gmt":"2025-12-30T20:43:51","slug":"weihrauch-aetherische-oele-ohne-etiketten-in-der-10er-box","status":"publish","type":"product","link":"https:\/\/aromasentia.com\/de\/weihrauch-aetherische-oele-ohne-etiketten-in-der-10er-box\/","title":{"rendered":"Weihrauch \u00c4therische \u00d6le (Ohne Etiketten) in der 10er-Box"},"content":{"rendered":"<p>Erheben Sie Ihren Geist mit diesem unbeschrifteten 10er-Pack mit 10 ml verd\u00fcnntem \u00e4therischem Weihrauch\u00f6l. Der seit Jahrhunderten verehrte Weihrauch bietet ein reichhaltiges, holziges, balsamisches und leicht zitrusartiges Aroma, das f\u00fcr seine tiefgreifend beruhigenden, erdenden und spirituell erhebenden Eigenschaften bekannt ist. Diese verd\u00fcnnte Version macht seine wertvollen Vorteile f\u00fcr Meditation, Gebet und Hautpflege besser zug\u00e4nglich. Es hilft, den Geist zu beruhigen, die Atmung zu vertiefen und die Haut zu verj\u00fcngen. Ein heiliges und uraltes \u00d6l zur F\u00f6rderung von Frieden, Besinnung und Zellgesundheit, das auf Ihre einzigartige Ber\u00fchrung wartet.<\/p>\n","protected":false},"excerpt":{"rendered":"<p>Erheben Sie Ihren Geist mit diesem unbeschrifteten 10er-Pack mit 10 ml verd\u00fcnntem \u00e4therischem Weihrauch\u00f6l. Der seit Jahrhunderten verehrte Weihrauch bietet ein reichhaltiges, holziges, balsamisches und leicht zitrusartiges Aroma, das f\u00fcr seine tiefgreifend beruhigenden, erdenden und spirituell erhebenden Eigenschaften bekannt ist. Diese verd\u00fcnnte Version macht seine wertvollen Vorteile f\u00fcr Meditation, Gebet und Hautpflege besser zug\u00e4nglich. Es [&hellip;]<\/p>\n","protected":false},"featured_media":263891,"comment_status":"closed","ping_status":"open","template":"","meta":{"_angie_page":false},"product_brand":[27090],"product_cat":[16455,23649,25841,26882,26200],"product_tag":[],"class_list":{"0":"post-243593","1":"product","2":"type-product","3":"status-publish","4":"has-post-thumbnail","6":"product_brand-ancient-wisdom","7":"product_cat-aromatherapie-und-raumdufte","8":"product_cat-atherische-ole","9":"product_cat-dufte-aromen","10":"product_cat-harzig-balsamisch","11":"product_cat-ingwer","12":"pa_collection-gifts-unbranded-essential-oils-de","13":"pa_made-in-oman","14":"pa_size-10ml","16":"first","17":"instock","18":"purchasable","19":"product-type-simple"},"supplier_id":null,"supplier_sku":"EOUL-17","barcode":null,"atum_controlled":true,"out_stock_date":null,"out_stock_threshold":null,"inheritable":false,"inbound_stock":null,"stock_on_hold":0,"sold_today":0,"sales_last_days":0,"reserved_stock":null,"customer_returns":null,"warehouse_damage":null,"lost_in_post":null,"other_logs":null,"out_stock_days":0,"lost_sales":0,"has_location":null,"update_date":"2026-04-27T07:01:47","atum_locations":[],"atum_stock_status":"instock","restock_status":false,"low_stock_amount":"","sales_update_date":"2026-02-06T00:02:00","calc_backorders":null,"_links":{"self":[{"href":"https:\/\/aromasentia.com\/de\/wp-json\/wp\/v2\/product\/243593","targetHints":{"allow":["GET"]}}],"collection":[{"href":"https:\/\/aromasentia.com\/de\/wp-json\/wp\/v2\/product"}],"about":[{"href":"https:\/\/aromasentia.com\/de\/wp-json\/wp\/v2\/types\/product"}],"replies":[{"embeddable":true,"href":"https:\/\/aromasentia.com\/de\/wp-json\/wp\/v2\/comments?post=243593"}],"version-history":[{"count":0,"href":"https:\/\/aromasentia.com\/de\/wp-json\/wp\/v2\/product\/243593\/revisions"}],"wp:featuredmedia":[{"embeddable":true,"href":"https:\/\/aromasentia.com\/de\/wp-json\/wp\/v2\/media\/263891"}],"wp:attachment":[{"href":"https:\/\/aromasentia.com\/de\/wp-json\/wp\/v2\/media?parent=243593"}],"wp:term":[{"taxonomy":"product_brand","embeddable":true,"href":"https:\/\/aromasentia.com\/de\/wp-json\/wp\/v2\/product_brand?post=243593"},{"taxonomy":"product_cat","embeddable":true,"href":"https:\/\/aromasentia.com\/de\/wp-json\/wp\/v2\/product_cat?post=243593"},{"taxonomy":"product_tag","embeddable":true,"href":"https:\/\/aromasentia.com\/de\/wp-json\/wp\/v2\/product_tag?post=243593"}],"curies":[{"name":"wp","href":"https:\/\/api.w.org\/{rel}","templated":true}]}}