{"id":243585,"date":"2025-03-20T14:57:34","date_gmt":"2025-03-20T14:57:34","guid":{"rendered":"https:\/\/aromasentia.com\/product\/10x-10ml-thyme-white-essential-oil-unlabelled\/"},"modified":"2025-12-30T20:43:51","modified_gmt":"2025-12-30T20:43:51","slug":"thymian-weiss-aetherische-oele-ohne-etiketten-in-der-10er-box","status":"publish","type":"product","link":"https:\/\/aromasentia.com\/de\/thymian-weiss-aetherische-oele-ohne-etiketten-in-der-10er-box\/","title":{"rendered":"Thymian (Wei\u00df) \u00c4therische \u00d6le (Ohne Etiketten) in der 10er-Box"},"content":{"rendered":"<p>Reinigen und sch\u00fctzen Sie mit diesem 10er-Pack Thymian (wei\u00df) \u00e4therisches \u00d6l ohne Etikett. Wei\u00dfer Thymian bietet ein starkes, krautiges, warmes und w\u00fcrziges Aroma, sanfter als roter Thymian, aber immer noch stark antiseptisch und antimikrobiell. Er wird traditionell verwendet, um das Immunsystem zu unterst\u00fctzen, die Atemwege zu reinigen und die Umwelt zu s\u00e4ubern. Sein anregender Duft kann auch dazu beitragen, die Konzentration zu steigern und M\u00fcdigkeit zu bek\u00e4mpfen. Ein starkes, reinigendes \u00d6l f\u00fcr die Diffusion und sorgf\u00e4ltig verd\u00fcnnte topische Anwendungen, wenn eine starke Unterst\u00fctzung erforderlich ist.<\/p>\n","protected":false},"excerpt":{"rendered":"<p>Reinigen und sch\u00fctzen Sie mit diesem 10er-Pack Thymian (wei\u00df) \u00e4therisches \u00d6l ohne Etikett. Wei\u00dfer Thymian bietet ein starkes, krautiges, warmes und w\u00fcrziges Aroma, sanfter als roter Thymian, aber immer noch stark antiseptisch und antimikrobiell. Er wird traditionell verwendet, um das Immunsystem zu unterst\u00fctzen, die Atemwege zu reinigen und die Umwelt zu s\u00e4ubern. Sein anregender Duft [&hellip;]<\/p>\n","protected":false},"featured_media":264107,"comment_status":"closed","ping_status":"open","template":"","meta":{"_angie_page":false},"product_brand":[27090],"product_cat":[16455,23649,25841,26861,26361],"product_tag":[],"class_list":{"0":"post-243585","1":"product","2":"type-product","3":"status-publish","4":"has-post-thumbnail","6":"product_brand-ancient-wisdom","7":"product_cat-aromatherapie-und-raumdufte","8":"product_cat-atherische-ole","9":"product_cat-dufte-aromen","10":"product_cat-krauter-aromatisch","11":"product_cat-roter-thymian","12":"pa_collection-gifts-unbranded-essential-oils-de","13":"pa_made-in-spanien","14":"pa_size-10ml","16":"first","17":"outofstock","18":"purchasable","19":"product-type-simple"},"supplier_id":null,"supplier_sku":"EOUL-46","barcode":null,"atum_controlled":true,"out_stock_date":"2025-10-09 15:09:21","out_stock_threshold":null,"inheritable":false,"inbound_stock":null,"stock_on_hold":0,"sold_today":0,"sales_last_days":0,"reserved_stock":null,"customer_returns":null,"warehouse_damage":null,"lost_in_post":null,"other_logs":null,"out_stock_days":112,"lost_sales":0,"has_location":null,"update_date":"2026-01-30T01:25:21","atum_locations":[],"atum_stock_status":"outofstock","restock_status":false,"low_stock_amount":"","sales_update_date":"2026-01-30T01:25:21","calc_backorders":null,"_links":{"self":[{"href":"https:\/\/aromasentia.com\/de\/wp-json\/wp\/v2\/product\/243585","targetHints":{"allow":["GET"]}}],"collection":[{"href":"https:\/\/aromasentia.com\/de\/wp-json\/wp\/v2\/product"}],"about":[{"href":"https:\/\/aromasentia.com\/de\/wp-json\/wp\/v2\/types\/product"}],"replies":[{"embeddable":true,"href":"https:\/\/aromasentia.com\/de\/wp-json\/wp\/v2\/comments?post=243585"}],"version-history":[{"count":0,"href":"https:\/\/aromasentia.com\/de\/wp-json\/wp\/v2\/product\/243585\/revisions"}],"wp:featuredmedia":[{"embeddable":true,"href":"https:\/\/aromasentia.com\/de\/wp-json\/wp\/v2\/media\/264107"}],"wp:attachment":[{"href":"https:\/\/aromasentia.com\/de\/wp-json\/wp\/v2\/media?parent=243585"}],"wp:term":[{"taxonomy":"product_brand","embeddable":true,"href":"https:\/\/aromasentia.com\/de\/wp-json\/wp\/v2\/product_brand?post=243585"},{"taxonomy":"product_cat","embeddable":true,"href":"https:\/\/aromasentia.com\/de\/wp-json\/wp\/v2\/product_cat?post=243585"},{"taxonomy":"product_tag","embeddable":true,"href":"https:\/\/aromasentia.com\/de\/wp-json\/wp\/v2\/product_tag?post=243585"}],"curies":[{"name":"wp","href":"https:\/\/api.w.org\/{rel}","templated":true}]}}